{"id":6460,"date":"2023-10-31T13:46:59","date_gmt":"2023-10-31T12:46:59","guid":{"rendered":"https:\/\/www.tradaka.com\/lp\/?page_id=6460"},"modified":"2023-12-18T15:19:52","modified_gmt":"2023-12-18T14:19:52","slug":"unite-exterieure","status":"publish","type":"page","link":"https:\/\/www.tradaka.com\/lp\/renovation-energetique\/chauffage\/pompe-a-chaleur\/unite-exterieure\/","title":{"rendered":"Unit\u00e9 ext\u00e9rieure de la pompe \u00e0 chaleur"},"content":{"rendered":"","protected":false},"excerpt":{"rendered":"","protected":false},"author":2,"featured_media":6461,"parent":260,"menu_order":0,"comment_status":"closed","ping_status":"closed","template":"templates\/template-type-edito.php","meta":{"_acf_changed":false,"footnotes":""},"class_list":["post-6460","page","type-page","status-publish","has-post-thumbnail","hentry"],"acf":[],"yoast_head":"<!-- This site is optimized with the Yoast SEO plugin v26.7 - https:\/\/yoast.com\/wordpress\/plugins\/seo\/ -->\n<title>Unit\u00e9 ext\u00e9rieure pompe \u00e0 chaleur : O\u00f9 l&#039;installer ? - Tradaka<\/title>\n<meta name=\"description\" content=\"Vous \u00eates \u00e0 la recherche d&#039;informations &amp; conseils sur l&#039;unit\u00e9 ext\u00e9rieure de la pompe \u00e0 chaleur ? Airko vous accompagne dans vos d\u00e9marches pour r\u00e9aliser des \u00e9conomies d&#039;\u00e9nergies !\" \/>\n<meta name=\"robots\" content=\"noindex, follow, max-snippet:-1, max-image-preview:large, max-video-preview:-1\" \/>\n<meta property=\"og:locale\" content=\"fr_FR\" \/>\n<meta property=\"og:type\" content=\"article\" \/>\n<meta property=\"og:title\" content=\"Unit\u00e9 ext\u00e9rieure pompe \u00e0 chaleur : O\u00f9 l&#039;installer ? - Tradaka\" \/>\n<meta property=\"og:description\" content=\"Vous \u00eates \u00e0 la recherche d&#039;informations &amp; conseils sur l&#039;unit\u00e9 ext\u00e9rieure de la pompe \u00e0 chaleur ? Airko vous accompagne dans vos d\u00e9marches pour r\u00e9aliser des \u00e9conomies d&#039;\u00e9nergies !\" \/>\n<meta property=\"og:url\" content=\"https:\/\/www.tradaka.com\/lp\/renovation-energetique\/chauffage\/pompe-a-chaleur\/unite-exterieure\/\" \/>\n<meta property=\"og:site_name\" content=\"Tradaka\" \/>\n<meta property=\"article:modified_time\" content=\"2023-12-18T14:19:52+00:00\" \/>\n<meta property=\"og:image\" content=\"https:\/\/www.tradaka.com\/lp\/wp-content\/uploads\/2023\/10\/iStock-1625354475.jpg\" \/>\n\t<meta property=\"og:image:width\" content=\"1365\" \/>\n\t<meta property=\"og:image:height\" content=\"768\" \/>\n\t<meta property=\"og:image:type\" content=\"image\/jpeg\" \/>\n<meta name=\"twitter:card\" content=\"summary_large_image\" \/>\n<script type=\"application\/ld+json\" class=\"yoast-schema-graph\">{\"@context\":\"https:\/\/schema.org\",\"@graph\":[{\"@type\":\"WebPage\",\"@id\":\"https:\/\/www.tradaka.com\/lp\/renovation-energetique\/chauffage\/pompe-a-chaleur\/unite-exterieure\/\",\"url\":\"https:\/\/www.tradaka.com\/lp\/renovation-energetique\/chauffage\/pompe-a-chaleur\/unite-exterieure\/\",\"name\":\"Unit\u00e9 ext\u00e9rieure pompe \u00e0 chaleur : O\u00f9 l'installer ? - Tradaka\",\"isPartOf\":{\"@id\":\"https:\/\/www.tradaka.com\/lp\/#website\"},\"primaryImageOfPage\":{\"@id\":\"https:\/\/www.tradaka.com\/lp\/renovation-energetique\/chauffage\/pompe-a-chaleur\/unite-exterieure\/#primaryimage\"},\"image\":{\"@id\":\"https:\/\/www.tradaka.com\/lp\/renovation-energetique\/chauffage\/pompe-a-chaleur\/unite-exterieure\/#primaryimage\"},\"thumbnailUrl\":\"https:\/\/www.tradaka.com\/lp\/wp-content\/uploads\/2023\/10\/iStock-1625354475.jpg\",\"datePublished\":\"2023-10-31T12:46:59+00:00\",\"dateModified\":\"2023-12-18T14:19:52+00:00\",\"description\":\"Vous \u00eates \u00e0 la recherche d'informations & conseils sur l'unit\u00e9 ext\u00e9rieure de la pompe \u00e0 chaleur ? Airko vous accompagne dans vos d\u00e9marches pour r\u00e9aliser des \u00e9conomies d'\u00e9nergies !\",\"breadcrumb\":{\"@id\":\"https:\/\/www.tradaka.com\/lp\/renovation-energetique\/chauffage\/pompe-a-chaleur\/unite-exterieure\/#breadcrumb\"},\"inLanguage\":\"fr-FR\",\"potentialAction\":[{\"@type\":\"ReadAction\",\"target\":[\"https:\/\/www.tradaka.com\/lp\/renovation-energetique\/chauffage\/pompe-a-chaleur\/unite-exterieure\/\"]}]},{\"@type\":\"ImageObject\",\"inLanguage\":\"fr-FR\",\"@id\":\"https:\/\/www.tradaka.com\/lp\/renovation-energetique\/chauffage\/pompe-a-chaleur\/unite-exterieure\/#primaryimage\",\"url\":\"https:\/\/www.tradaka.com\/lp\/wp-content\/uploads\/2023\/10\/iStock-1625354475.jpg\",\"contentUrl\":\"https:\/\/www.tradaka.com\/lp\/wp-content\/uploads\/2023\/10\/iStock-1625354475.jpg\",\"width\":1365,\"height\":768,\"caption\":\"unite-exterieure-pompe-chaleur\"},{\"@type\":\"BreadcrumbList\",\"@id\":\"https:\/\/www.tradaka.com\/lp\/renovation-energetique\/chauffage\/pompe-a-chaleur\/unite-exterieure\/#breadcrumb\",\"itemListElement\":[{\"@type\":\"ListItem\",\"position\":1,\"name\":\"Renovation \u00e9nerg\u00e9tique\",\"item\":\"https:\/\/www.tradaka.com\/lp\/renovation-energetique\/\"},{\"@type\":\"ListItem\",\"position\":2,\"name\":\"Chauffage\",\"item\":\"https:\/\/www.tradaka.com\/lp\/renovation-energetique\/chauffage\/\"},{\"@type\":\"ListItem\",\"position\":3,\"name\":\"Pompe \u00e0 chaleur\",\"item\":\"https:\/\/www.tradaka.com\/lp\/renovation-energetique\/chauffage\/pompe-a-chaleur\/\"},{\"@type\":\"ListItem\",\"position\":4,\"name\":\"Unit\u00e9 ext\u00e9rieure de la pompe \u00e0 chaleur\"}]},{\"@type\":\"WebSite\",\"@id\":\"https:\/\/www.tradaka.com\/lp\/#website\",\"url\":\"https:\/\/www.tradaka.com\/lp\/\",\"name\":\"Tradaka\",\"description\":\"\",\"publisher\":{\"@id\":\"https:\/\/www.tradaka.com\/lp\/#organization\"},\"potentialAction\":[{\"@type\":\"SearchAction\",\"target\":{\"@type\":\"EntryPoint\",\"urlTemplate\":\"https:\/\/www.tradaka.com\/lp\/?s={search_term_string}\"},\"query-input\":{\"@type\":\"PropertyValueSpecification\",\"valueRequired\":true,\"valueName\":\"search_term_string\"}}],\"inLanguage\":\"fr-FR\"},{\"@type\":\"Organization\",\"@id\":\"https:\/\/www.tradaka.com\/lp\/#organization\",\"name\":\"Tradaka\",\"url\":\"https:\/\/www.tradaka.com\/lp\/\",\"logo\":{\"@type\":\"ImageObject\",\"inLanguage\":\"fr-FR\",\"@id\":\"https:\/\/www.tradaka.com\/lp\/#\/schema\/logo\/image\/\",\"url\":\"https:\/\/www.tradaka.com\/lp\/wp-content\/uploads\/2023\/09\/Logo-AIRKO.png\",\"contentUrl\":\"https:\/\/www.tradaka.com\/lp\/wp-content\/uploads\/2023\/09\/Logo-AIRKO.png\",\"width\":223,\"height\":57,\"caption\":\"Tradaka\"},\"image\":{\"@id\":\"https:\/\/www.tradaka.com\/lp\/#\/schema\/logo\/image\/\"}}]}<\/script>\n<!-- \/ Yoast SEO plugin. -->","yoast_head_json":{"title":"Unit\u00e9 ext\u00e9rieure pompe \u00e0 chaleur : O\u00f9 l'installer ? - Tradaka","description":"Vous \u00eates \u00e0 la recherche d'informations & conseils sur l'unit\u00e9 ext\u00e9rieure de la pompe \u00e0 chaleur ? Airko vous accompagne dans vos d\u00e9marches pour r\u00e9aliser des \u00e9conomies d'\u00e9nergies !","robots":{"index":"noindex","follow":"follow","max-snippet":"max-snippet:-1","max-image-preview":"max-image-preview:large","max-video-preview":"max-video-preview:-1"},"og_locale":"fr_FR","og_type":"article","og_title":"Unit\u00e9 ext\u00e9rieure pompe \u00e0 chaleur : O\u00f9 l'installer ? - Tradaka","og_description":"Vous \u00eates \u00e0 la recherche d'informations & conseils sur l'unit\u00e9 ext\u00e9rieure de la pompe \u00e0 chaleur ? Airko vous accompagne dans vos d\u00e9marches pour r\u00e9aliser des \u00e9conomies d'\u00e9nergies !","og_url":"https:\/\/www.tradaka.com\/lp\/renovation-energetique\/chauffage\/pompe-a-chaleur\/unite-exterieure\/","og_site_name":"Tradaka","article_modified_time":"2023-12-18T14:19:52+00:00","og_image":[{"width":1365,"height":768,"url":"https:\/\/www.tradaka.com\/lp\/wp-content\/uploads\/2023\/10\/iStock-1625354475.jpg","type":"image\/jpeg"}],"twitter_card":"summary_large_image","schema":{"@context":"https:\/\/schema.org","@graph":[{"@type":"WebPage","@id":"https:\/\/www.tradaka.com\/lp\/renovation-energetique\/chauffage\/pompe-a-chaleur\/unite-exterieure\/","url":"https:\/\/www.tradaka.com\/lp\/renovation-energetique\/chauffage\/pompe-a-chaleur\/unite-exterieure\/","name":"Unit\u00e9 ext\u00e9rieure pompe \u00e0 chaleur : O\u00f9 l'installer ? - Tradaka","isPartOf":{"@id":"https:\/\/www.tradaka.com\/lp\/#website"},"primaryImageOfPage":{"@id":"https:\/\/www.tradaka.com\/lp\/renovation-energetique\/chauffage\/pompe-a-chaleur\/unite-exterieure\/#primaryimage"},"image":{"@id":"https:\/\/www.tradaka.com\/lp\/renovation-energetique\/chauffage\/pompe-a-chaleur\/unite-exterieure\/#primaryimage"},"thumbnailUrl":"https:\/\/www.tradaka.com\/lp\/wp-content\/uploads\/2023\/10\/iStock-1625354475.jpg","datePublished":"2023-10-31T12:46:59+00:00","dateModified":"2023-12-18T14:19:52+00:00","description":"Vous \u00eates \u00e0 la recherche d'informations & conseils sur l'unit\u00e9 ext\u00e9rieure de la pompe \u00e0 chaleur ? Airko vous accompagne dans vos d\u00e9marches pour r\u00e9aliser des \u00e9conomies d'\u00e9nergies !","breadcrumb":{"@id":"https:\/\/www.tradaka.com\/lp\/renovation-energetique\/chauffage\/pompe-a-chaleur\/unite-exterieure\/#breadcrumb"},"inLanguage":"fr-FR","potentialAction":[{"@type":"ReadAction","target":["https:\/\/www.tradaka.com\/lp\/renovation-energetique\/chauffage\/pompe-a-chaleur\/unite-exterieure\/"]}]},{"@type":"ImageObject","inLanguage":"fr-FR","@id":"https:\/\/www.tradaka.com\/lp\/renovation-energetique\/chauffage\/pompe-a-chaleur\/unite-exterieure\/#primaryimage","url":"https:\/\/www.tradaka.com\/lp\/wp-content\/uploads\/2023\/10\/iStock-1625354475.jpg","contentUrl":"https:\/\/www.tradaka.com\/lp\/wp-content\/uploads\/2023\/10\/iStock-1625354475.jpg","width":1365,"height":768,"caption":"unite-exterieure-pompe-chaleur"},{"@type":"BreadcrumbList","@id":"https:\/\/www.tradaka.com\/lp\/renovation-energetique\/chauffage\/pompe-a-chaleur\/unite-exterieure\/#breadcrumb","itemListElement":[{"@type":"ListItem","position":1,"name":"Renovation \u00e9nerg\u00e9tique","item":"https:\/\/www.tradaka.com\/lp\/renovation-energetique\/"},{"@type":"ListItem","position":2,"name":"Chauffage","item":"https:\/\/www.tradaka.com\/lp\/renovation-energetique\/chauffage\/"},{"@type":"ListItem","position":3,"name":"Pompe \u00e0 chaleur","item":"https:\/\/www.tradaka.com\/lp\/renovation-energetique\/chauffage\/pompe-a-chaleur\/"},{"@type":"ListItem","position":4,"name":"Unit\u00e9 ext\u00e9rieure de la pompe \u00e0 chaleur"}]},{"@type":"WebSite","@id":"https:\/\/www.tradaka.com\/lp\/#website","url":"https:\/\/www.tradaka.com\/lp\/","name":"Tradaka","description":"","publisher":{"@id":"https:\/\/www.tradaka.com\/lp\/#organization"},"potentialAction":[{"@type":"SearchAction","target":{"@type":"EntryPoint","urlTemplate":"https:\/\/www.tradaka.com\/lp\/?s={search_term_string}"},"query-input":{"@type":"PropertyValueSpecification","valueRequired":true,"valueName":"search_term_string"}}],"inLanguage":"fr-FR"},{"@type":"Organization","@id":"https:\/\/www.tradaka.com\/lp\/#organization","name":"Tradaka","url":"https:\/\/www.tradaka.com\/lp\/","logo":{"@type":"ImageObject","inLanguage":"fr-FR","@id":"https:\/\/www.tradaka.com\/lp\/#\/schema\/logo\/image\/","url":"https:\/\/www.tradaka.com\/lp\/wp-content\/uploads\/2023\/09\/Logo-AIRKO.png","contentUrl":"https:\/\/www.tradaka.com\/lp\/wp-content\/uploads\/2023\/09\/Logo-AIRKO.png","width":223,"height":57,"caption":"Tradaka"},"image":{"@id":"https:\/\/www.tradaka.com\/lp\/#\/schema\/logo\/image\/"}}]}},"_links":{"self":[{"href":"https:\/\/www.tradaka.com\/lp\/wp-json\/wp\/v2\/pages\/6460","targetHints":{"allow":["GET"]}}],"collection":[{"href":"https:\/\/www.tradaka.com\/lp\/wp-json\/wp\/v2\/pages"}],"about":[{"href":"https:\/\/www.tradaka.com\/lp\/wp-json\/wp\/v2\/types\/page"}],"author":[{"embeddable":true,"href":"https:\/\/www.tradaka.com\/lp\/wp-json\/wp\/v2\/users\/2"}],"replies":[{"embeddable":true,"href":"https:\/\/www.tradaka.com\/lp\/wp-json\/wp\/v2\/comments?post=6460"}],"version-history":[{"count":7,"href":"https:\/\/www.tradaka.com\/lp\/wp-json\/wp\/v2\/pages\/6460\/revisions"}],"predecessor-version":[{"id":8625,"href":"https:\/\/www.tradaka.com\/lp\/wp-json\/wp\/v2\/pages\/6460\/revisions\/8625"}],"up":[{"embeddable":true,"href":"https:\/\/www.tradaka.com\/lp\/wp-json\/wp\/v2\/pages\/260"}],"wp:featuredmedia":[{"embeddable":true,"href":"https:\/\/www.tradaka.com\/lp\/wp-json\/wp\/v2\/media\/6461"}],"wp:attachment":[{"href":"https:\/\/www.tradaka.com\/lp\/wp-json\/wp\/v2\/media?parent=6460"}],"curies":[{"name":"wp","href":"https:\/\/api.w.org\/{rel}","templated":true}]}}