{"id":5916,"date":"2023-10-23T15:58:19","date_gmt":"2023-10-23T13:58:19","guid":{"rendered":"https:\/\/www.tradaka.com\/lp\/?page_id=5916"},"modified":"2023-12-04T13:31:40","modified_gmt":"2023-12-04T12:31:40","slug":"3kw","status":"publish","type":"page","link":"https:\/\/www.tradaka.com\/lp\/produire-electricite\/solaire\/panneau-solaire\/prix-panneau-solaire\/3kw\/","title":{"rendered":"prix panneau solaire de 3kw"},"content":{"rendered":"","protected":false},"excerpt":{"rendered":"","protected":false},"author":2,"featured_media":5917,"parent":3975,"menu_order":0,"comment_status":"closed","ping_status":"closed","template":"templates\/template-type-edito.php","meta":{"_acf_changed":false,"footnotes":""},"class_list":["post-5916","page","type-page","status-publish","has-post-thumbnail","hentry"],"acf":[],"yoast_head":"<!-- This site is optimized with the Yoast SEO plugin v26.7 - https:\/\/yoast.com\/wordpress\/plugins\/seo\/ -->\n<title>Prix installation panneau solaire de 3kWc - Tradaka<\/title>\n<meta name=\"description\" content=\"Vous \u00eates \u00e0 la recherche d&#039;informations &amp; conseils sur les prix des panneaux solaires de 3kw ? Airko vous accompagne dans vos d\u00e9marches pour r\u00e9aliser des \u00e9conomies d&#039;\u00e9nergies !\" \/>\n<meta name=\"robots\" content=\"noindex, follow, max-snippet:-1, max-image-preview:large, max-video-preview:-1\" \/>\n<meta property=\"og:locale\" content=\"fr_FR\" \/>\n<meta property=\"og:type\" content=\"article\" \/>\n<meta property=\"og:title\" content=\"Prix installation panneau solaire de 3kWc - Tradaka\" \/>\n<meta property=\"og:description\" content=\"Vous \u00eates \u00e0 la recherche d&#039;informations &amp; conseils sur les prix des panneaux solaires de 3kw ? Airko vous accompagne dans vos d\u00e9marches pour r\u00e9aliser des \u00e9conomies d&#039;\u00e9nergies !\" \/>\n<meta property=\"og:url\" content=\"http:\/\/www.tradaka.com\/lp\/produire-electricite\/solaire\/panneau-solaire\/prix-panneau-solaire\/3kw\/\" \/>\n<meta property=\"og:site_name\" content=\"Tradaka\" \/>\n<meta property=\"article:modified_time\" content=\"2023-12-04T12:31:40+00:00\" \/>\n<meta property=\"og:image\" content=\"http:\/\/www.tradaka.com\/lp\/wp-content\/uploads\/2023\/10\/iStock-1404246549.jpg\" \/>\n\t<meta property=\"og:image:width\" content=\"1365\" \/>\n\t<meta property=\"og:image:height\" content=\"768\" \/>\n\t<meta property=\"og:image:type\" content=\"image\/jpeg\" \/>\n<meta name=\"twitter:card\" content=\"summary_large_image\" \/>\n<script type=\"application\/ld+json\" class=\"yoast-schema-graph\">{\"@context\":\"https:\/\/schema.org\",\"@graph\":[{\"@type\":\"WebPage\",\"@id\":\"http:\/\/www.tradaka.com\/lp\/produire-electricite\/solaire\/panneau-solaire\/prix-panneau-solaire\/3kw\/\",\"url\":\"http:\/\/www.tradaka.com\/lp\/produire-electricite\/solaire\/panneau-solaire\/prix-panneau-solaire\/3kw\/\",\"name\":\"Prix installation panneau solaire de 3kWc - Tradaka\",\"isPartOf\":{\"@id\":\"https:\/\/www.tradaka.com\/lp\/#website\"},\"primaryImageOfPage\":{\"@id\":\"http:\/\/www.tradaka.com\/lp\/produire-electricite\/solaire\/panneau-solaire\/prix-panneau-solaire\/3kw\/#primaryimage\"},\"image\":{\"@id\":\"http:\/\/www.tradaka.com\/lp\/produire-electricite\/solaire\/panneau-solaire\/prix-panneau-solaire\/3kw\/#primaryimage\"},\"thumbnailUrl\":\"https:\/\/www.tradaka.com\/lp\/wp-content\/uploads\/2023\/10\/iStock-1404246549.jpg\",\"datePublished\":\"2023-10-23T13:58:19+00:00\",\"dateModified\":\"2023-12-04T12:31:40+00:00\",\"description\":\"Vous \u00eates \u00e0 la recherche d'informations & conseils sur les prix des panneaux solaires de 3kw ? Airko vous accompagne dans vos d\u00e9marches pour r\u00e9aliser des \u00e9conomies d'\u00e9nergies !\",\"breadcrumb\":{\"@id\":\"http:\/\/www.tradaka.com\/lp\/produire-electricite\/solaire\/panneau-solaire\/prix-panneau-solaire\/3kw\/#breadcrumb\"},\"inLanguage\":\"fr-FR\",\"potentialAction\":[{\"@type\":\"ReadAction\",\"target\":[\"http:\/\/www.tradaka.com\/lp\/produire-electricite\/solaire\/panneau-solaire\/prix-panneau-solaire\/3kw\/\"]}]},{\"@type\":\"ImageObject\",\"inLanguage\":\"fr-FR\",\"@id\":\"http:\/\/www.tradaka.com\/lp\/produire-electricite\/solaire\/panneau-solaire\/prix-panneau-solaire\/3kw\/#primaryimage\",\"url\":\"https:\/\/www.tradaka.com\/lp\/wp-content\/uploads\/2023\/10\/iStock-1404246549.jpg\",\"contentUrl\":\"https:\/\/www.tradaka.com\/lp\/wp-content\/uploads\/2023\/10\/iStock-1404246549.jpg\",\"width\":1365,\"height\":768,\"caption\":\"prix-panneau-solaire-3kw\"},{\"@type\":\"BreadcrumbList\",\"@id\":\"http:\/\/www.tradaka.com\/lp\/produire-electricite\/solaire\/panneau-solaire\/prix-panneau-solaire\/3kw\/#breadcrumb\",\"itemListElement\":[{\"@type\":\"ListItem\",\"position\":1,\"name\":\"Produire son \u00e9lectricit\u00e9\",\"item\":\"https:\/\/www.tradaka.com\/lp\/produire-electricite\/\"},{\"@type\":\"ListItem\",\"position\":2,\"name\":\"Solaire\",\"item\":\"https:\/\/www.tradaka.com\/lp\/produire-electricite\/solaire\/\"},{\"@type\":\"ListItem\",\"position\":3,\"name\":\"Panneau solaire\",\"item\":\"https:\/\/www.tradaka.com\/lp\/produire-electricite\/solaire\/panneau-solaire\/\"},{\"@type\":\"ListItem\",\"position\":4,\"name\":\"Prix Panneau solaire : Tarif moyen et co\u00fbt d&rsquo;installation\",\"item\":\"http:\/\/www.tradaka.com\/lp\/produire-electricite\/solaire\/panneau-solaire\/prix-panneau-solaire\/\"},{\"@type\":\"ListItem\",\"position\":5,\"name\":\"prix panneau solaire de 3kw\"}]},{\"@type\":\"WebSite\",\"@id\":\"https:\/\/www.tradaka.com\/lp\/#website\",\"url\":\"https:\/\/www.tradaka.com\/lp\/\",\"name\":\"Tradaka\",\"description\":\"\",\"publisher\":{\"@id\":\"https:\/\/www.tradaka.com\/lp\/#organization\"},\"potentialAction\":[{\"@type\":\"SearchAction\",\"target\":{\"@type\":\"EntryPoint\",\"urlTemplate\":\"https:\/\/www.tradaka.com\/lp\/?s={search_term_string}\"},\"query-input\":{\"@type\":\"PropertyValueSpecification\",\"valueRequired\":true,\"valueName\":\"search_term_string\"}}],\"inLanguage\":\"fr-FR\"},{\"@type\":\"Organization\",\"@id\":\"https:\/\/www.tradaka.com\/lp\/#organization\",\"name\":\"Tradaka\",\"url\":\"https:\/\/www.tradaka.com\/lp\/\",\"logo\":{\"@type\":\"ImageObject\",\"inLanguage\":\"fr-FR\",\"@id\":\"https:\/\/www.tradaka.com\/lp\/#\/schema\/logo\/image\/\",\"url\":\"https:\/\/www.tradaka.com\/lp\/wp-content\/uploads\/2023\/09\/Logo-AIRKO.png\",\"contentUrl\":\"https:\/\/www.tradaka.com\/lp\/wp-content\/uploads\/2023\/09\/Logo-AIRKO.png\",\"width\":223,\"height\":57,\"caption\":\"Tradaka\"},\"image\":{\"@id\":\"https:\/\/www.tradaka.com\/lp\/#\/schema\/logo\/image\/\"}}]}<\/script>\n<!-- \/ Yoast SEO plugin. -->","yoast_head_json":{"title":"Prix installation panneau solaire de 3kWc - Tradaka","description":"Vous \u00eates \u00e0 la recherche d'informations & conseils sur les prix des panneaux solaires de 3kw ? Airko vous accompagne dans vos d\u00e9marches pour r\u00e9aliser des \u00e9conomies d'\u00e9nergies !","robots":{"index":"noindex","follow":"follow","max-snippet":"max-snippet:-1","max-image-preview":"max-image-preview:large","max-video-preview":"max-video-preview:-1"},"og_locale":"fr_FR","og_type":"article","og_title":"Prix installation panneau solaire de 3kWc - Tradaka","og_description":"Vous \u00eates \u00e0 la recherche d'informations & conseils sur les prix des panneaux solaires de 3kw ? Airko vous accompagne dans vos d\u00e9marches pour r\u00e9aliser des \u00e9conomies d'\u00e9nergies !","og_url":"http:\/\/www.tradaka.com\/lp\/produire-electricite\/solaire\/panneau-solaire\/prix-panneau-solaire\/3kw\/","og_site_name":"Tradaka","article_modified_time":"2023-12-04T12:31:40+00:00","og_image":[{"width":1365,"height":768,"url":"http:\/\/www.tradaka.com\/lp\/wp-content\/uploads\/2023\/10\/iStock-1404246549.jpg","type":"image\/jpeg"}],"twitter_card":"summary_large_image","schema":{"@context":"https:\/\/schema.org","@graph":[{"@type":"WebPage","@id":"http:\/\/www.tradaka.com\/lp\/produire-electricite\/solaire\/panneau-solaire\/prix-panneau-solaire\/3kw\/","url":"http:\/\/www.tradaka.com\/lp\/produire-electricite\/solaire\/panneau-solaire\/prix-panneau-solaire\/3kw\/","name":"Prix installation panneau solaire de 3kWc - Tradaka","isPartOf":{"@id":"https:\/\/www.tradaka.com\/lp\/#website"},"primaryImageOfPage":{"@id":"http:\/\/www.tradaka.com\/lp\/produire-electricite\/solaire\/panneau-solaire\/prix-panneau-solaire\/3kw\/#primaryimage"},"image":{"@id":"http:\/\/www.tradaka.com\/lp\/produire-electricite\/solaire\/panneau-solaire\/prix-panneau-solaire\/3kw\/#primaryimage"},"thumbnailUrl":"https:\/\/www.tradaka.com\/lp\/wp-content\/uploads\/2023\/10\/iStock-1404246549.jpg","datePublished":"2023-10-23T13:58:19+00:00","dateModified":"2023-12-04T12:31:40+00:00","description":"Vous \u00eates \u00e0 la recherche d'informations & conseils sur les prix des panneaux solaires de 3kw ? Airko vous accompagne dans vos d\u00e9marches pour r\u00e9aliser des \u00e9conomies d'\u00e9nergies !","breadcrumb":{"@id":"http:\/\/www.tradaka.com\/lp\/produire-electricite\/solaire\/panneau-solaire\/prix-panneau-solaire\/3kw\/#breadcrumb"},"inLanguage":"fr-FR","potentialAction":[{"@type":"ReadAction","target":["http:\/\/www.tradaka.com\/lp\/produire-electricite\/solaire\/panneau-solaire\/prix-panneau-solaire\/3kw\/"]}]},{"@type":"ImageObject","inLanguage":"fr-FR","@id":"http:\/\/www.tradaka.com\/lp\/produire-electricite\/solaire\/panneau-solaire\/prix-panneau-solaire\/3kw\/#primaryimage","url":"https:\/\/www.tradaka.com\/lp\/wp-content\/uploads\/2023\/10\/iStock-1404246549.jpg","contentUrl":"https:\/\/www.tradaka.com\/lp\/wp-content\/uploads\/2023\/10\/iStock-1404246549.jpg","width":1365,"height":768,"caption":"prix-panneau-solaire-3kw"},{"@type":"BreadcrumbList","@id":"http:\/\/www.tradaka.com\/lp\/produire-electricite\/solaire\/panneau-solaire\/prix-panneau-solaire\/3kw\/#breadcrumb","itemListElement":[{"@type":"ListItem","position":1,"name":"Produire son \u00e9lectricit\u00e9","item":"https:\/\/www.tradaka.com\/lp\/produire-electricite\/"},{"@type":"ListItem","position":2,"name":"Solaire","item":"https:\/\/www.tradaka.com\/lp\/produire-electricite\/solaire\/"},{"@type":"ListItem","position":3,"name":"Panneau solaire","item":"https:\/\/www.tradaka.com\/lp\/produire-electricite\/solaire\/panneau-solaire\/"},{"@type":"ListItem","position":4,"name":"Prix Panneau solaire : Tarif moyen et co\u00fbt d&rsquo;installation","item":"http:\/\/www.tradaka.com\/lp\/produire-electricite\/solaire\/panneau-solaire\/prix-panneau-solaire\/"},{"@type":"ListItem","position":5,"name":"prix panneau solaire de 3kw"}]},{"@type":"WebSite","@id":"https:\/\/www.tradaka.com\/lp\/#website","url":"https:\/\/www.tradaka.com\/lp\/","name":"Tradaka","description":"","publisher":{"@id":"https:\/\/www.tradaka.com\/lp\/#organization"},"potentialAction":[{"@type":"SearchAction","target":{"@type":"EntryPoint","urlTemplate":"https:\/\/www.tradaka.com\/lp\/?s={search_term_string}"},"query-input":{"@type":"PropertyValueSpecification","valueRequired":true,"valueName":"search_term_string"}}],"inLanguage":"fr-FR"},{"@type":"Organization","@id":"https:\/\/www.tradaka.com\/lp\/#organization","name":"Tradaka","url":"https:\/\/www.tradaka.com\/lp\/","logo":{"@type":"ImageObject","inLanguage":"fr-FR","@id":"https:\/\/www.tradaka.com\/lp\/#\/schema\/logo\/image\/","url":"https:\/\/www.tradaka.com\/lp\/wp-content\/uploads\/2023\/09\/Logo-AIRKO.png","contentUrl":"https:\/\/www.tradaka.com\/lp\/wp-content\/uploads\/2023\/09\/Logo-AIRKO.png","width":223,"height":57,"caption":"Tradaka"},"image":{"@id":"https:\/\/www.tradaka.com\/lp\/#\/schema\/logo\/image\/"}}]}},"_links":{"self":[{"href":"https:\/\/www.tradaka.com\/lp\/wp-json\/wp\/v2\/pages\/5916","targetHints":{"allow":["GET"]}}],"collection":[{"href":"https:\/\/www.tradaka.com\/lp\/wp-json\/wp\/v2\/pages"}],"about":[{"href":"https:\/\/www.tradaka.com\/lp\/wp-json\/wp\/v2\/types\/page"}],"author":[{"embeddable":true,"href":"https:\/\/www.tradaka.com\/lp\/wp-json\/wp\/v2\/users\/2"}],"replies":[{"embeddable":true,"href":"https:\/\/www.tradaka.com\/lp\/wp-json\/wp\/v2\/comments?post=5916"}],"version-history":[{"count":14,"href":"https:\/\/www.tradaka.com\/lp\/wp-json\/wp\/v2\/pages\/5916\/revisions"}],"predecessor-version":[{"id":8053,"href":"https:\/\/www.tradaka.com\/lp\/wp-json\/wp\/v2\/pages\/5916\/revisions\/8053"}],"up":[{"embeddable":true,"href":"https:\/\/www.tradaka.com\/lp\/wp-json\/wp\/v2\/pages\/3975"}],"wp:featuredmedia":[{"embeddable":true,"href":"https:\/\/www.tradaka.com\/lp\/wp-json\/wp\/v2\/media\/5917"}],"wp:attachment":[{"href":"https:\/\/www.tradaka.com\/lp\/wp-json\/wp\/v2\/media?parent=5916"}],"curies":[{"name":"wp","href":"https:\/\/api.w.org\/{rel}","templated":true}]}}