{"id":5603,"date":"2023-10-17T17:52:24","date_gmt":"2023-10-17T15:52:24","guid":{"rendered":"https:\/\/www.tradaka.com\/lp\/?page_id=5603"},"modified":"2023-12-05T15:36:20","modified_gmt":"2023-12-05T14:36:20","slug":"terrasse","status":"publish","type":"page","link":"https:\/\/www.tradaka.com\/lp\/produire-electricite\/solaire\/panneau-solaire\/installer-panneau-solaire\/terrasse\/","title":{"rendered":"Panneau solaire sur terrasse"},"content":{"rendered":"","protected":false},"excerpt":{"rendered":"","protected":false},"author":2,"featured_media":5604,"parent":3955,"menu_order":0,"comment_status":"closed","ping_status":"closed","template":"templates\/template-type-edito.php","meta":{"_acf_changed":false,"footnotes":""},"class_list":["post-5603","page","type-page","status-publish","has-post-thumbnail","hentry"],"acf":[],"yoast_head":"<!-- This site is optimized with the Yoast SEO plugin v26.7 - https:\/\/yoast.com\/wordpress\/plugins\/seo\/ -->\n<title>Panneau solaire sur toit terrasse : Est-ce possible ? - Tradaka<\/title>\n<meta name=\"description\" content=\"Vous \u00eates \u00e0 la recherche d&#039;informations &amp; conseils sur le panneau solaire sur terrasse ? Airko vous accompagne dans vos d\u00e9marches pour r\u00e9aliser des \u00e9conomies d&#039;\u00e9nergies !\" \/>\n<meta name=\"robots\" content=\"noindex, follow, max-snippet:-1, max-image-preview:large, max-video-preview:-1\" \/>\n<meta property=\"og:locale\" content=\"fr_FR\" \/>\n<meta property=\"og:type\" content=\"article\" \/>\n<meta property=\"og:title\" content=\"Panneau solaire sur toit terrasse : Est-ce possible ? - Tradaka\" \/>\n<meta property=\"og:description\" content=\"Vous \u00eates \u00e0 la recherche d&#039;informations &amp; conseils sur le panneau solaire sur terrasse ? Airko vous accompagne dans vos d\u00e9marches pour r\u00e9aliser des \u00e9conomies d&#039;\u00e9nergies !\" \/>\n<meta property=\"og:url\" content=\"https:\/\/www.tradaka.com\/lp\/produire-electricite\/solaire\/panneau-solaire\/installer-panneau-solaire\/terrasse\/\" \/>\n<meta property=\"og:site_name\" content=\"Tradaka\" \/>\n<meta property=\"article:modified_time\" content=\"2023-12-05T14:36:20+00:00\" \/>\n<meta property=\"og:image\" content=\"https:\/\/www.tradaka.com\/lp\/wp-content\/uploads\/2023\/10\/iStock-1453618873.jpg\" \/>\n\t<meta property=\"og:image:width\" content=\"1254\" \/>\n\t<meta property=\"og:image:height\" content=\"836\" \/>\n\t<meta property=\"og:image:type\" content=\"image\/jpeg\" \/>\n<meta name=\"twitter:card\" content=\"summary_large_image\" \/>\n<script type=\"application\/ld+json\" class=\"yoast-schema-graph\">{\"@context\":\"https:\/\/schema.org\",\"@graph\":[{\"@type\":\"WebPage\",\"@id\":\"https:\/\/www.tradaka.com\/lp\/produire-electricite\/solaire\/panneau-solaire\/installer-panneau-solaire\/terrasse\/\",\"url\":\"https:\/\/www.tradaka.com\/lp\/produire-electricite\/solaire\/panneau-solaire\/installer-panneau-solaire\/terrasse\/\",\"name\":\"Panneau solaire sur toit terrasse : Est-ce possible ? - Tradaka\",\"isPartOf\":{\"@id\":\"https:\/\/www.tradaka.com\/lp\/#website\"},\"primaryImageOfPage\":{\"@id\":\"https:\/\/www.tradaka.com\/lp\/produire-electricite\/solaire\/panneau-solaire\/installer-panneau-solaire\/terrasse\/#primaryimage\"},\"image\":{\"@id\":\"https:\/\/www.tradaka.com\/lp\/produire-electricite\/solaire\/panneau-solaire\/installer-panneau-solaire\/terrasse\/#primaryimage\"},\"thumbnailUrl\":\"https:\/\/www.tradaka.com\/lp\/wp-content\/uploads\/2023\/10\/iStock-1453618873.jpg\",\"datePublished\":\"2023-10-17T15:52:24+00:00\",\"dateModified\":\"2023-12-05T14:36:20+00:00\",\"description\":\"Vous \u00eates \u00e0 la recherche d'informations & conseils sur le panneau solaire sur terrasse ? Airko vous accompagne dans vos d\u00e9marches pour r\u00e9aliser des \u00e9conomies d'\u00e9nergies !\",\"breadcrumb\":{\"@id\":\"https:\/\/www.tradaka.com\/lp\/produire-electricite\/solaire\/panneau-solaire\/installer-panneau-solaire\/terrasse\/#breadcrumb\"},\"inLanguage\":\"fr-FR\",\"potentialAction\":[{\"@type\":\"ReadAction\",\"target\":[\"https:\/\/www.tradaka.com\/lp\/produire-electricite\/solaire\/panneau-solaire\/installer-panneau-solaire\/terrasse\/\"]}]},{\"@type\":\"ImageObject\",\"inLanguage\":\"fr-FR\",\"@id\":\"https:\/\/www.tradaka.com\/lp\/produire-electricite\/solaire\/panneau-solaire\/installer-panneau-solaire\/terrasse\/#primaryimage\",\"url\":\"https:\/\/www.tradaka.com\/lp\/wp-content\/uploads\/2023\/10\/iStock-1453618873.jpg\",\"contentUrl\":\"https:\/\/www.tradaka.com\/lp\/wp-content\/uploads\/2023\/10\/iStock-1453618873.jpg\",\"width\":1254,\"height\":836,\"caption\":\"panneau-solaire-terrasse\"},{\"@type\":\"BreadcrumbList\",\"@id\":\"https:\/\/www.tradaka.com\/lp\/produire-electricite\/solaire\/panneau-solaire\/installer-panneau-solaire\/terrasse\/#breadcrumb\",\"itemListElement\":[{\"@type\":\"ListItem\",\"position\":1,\"name\":\"Produire son \u00e9lectricit\u00e9\",\"item\":\"https:\/\/www.tradaka.com\/lp\/produire-electricite\/\"},{\"@type\":\"ListItem\",\"position\":2,\"name\":\"Solaire\",\"item\":\"https:\/\/www.tradaka.com\/lp\/produire-electricite\/solaire\/\"},{\"@type\":\"ListItem\",\"position\":3,\"name\":\"Panneau solaire\",\"item\":\"https:\/\/www.tradaka.com\/lp\/produire-electricite\/solaire\/panneau-solaire\/\"},{\"@type\":\"ListItem\",\"position\":4,\"name\":\"Installation Panneau solaire : Comment faire ?\",\"item\":\"https:\/\/www.tradaka.com\/lp\/produire-electricite\/solaire\/panneau-solaire\/installer-panneau-solaire\/\"},{\"@type\":\"ListItem\",\"position\":5,\"name\":\"Panneau solaire sur terrasse\"}]},{\"@type\":\"WebSite\",\"@id\":\"https:\/\/www.tradaka.com\/lp\/#website\",\"url\":\"https:\/\/www.tradaka.com\/lp\/\",\"name\":\"Tradaka\",\"description\":\"\",\"publisher\":{\"@id\":\"https:\/\/www.tradaka.com\/lp\/#organization\"},\"potentialAction\":[{\"@type\":\"SearchAction\",\"target\":{\"@type\":\"EntryPoint\",\"urlTemplate\":\"https:\/\/www.tradaka.com\/lp\/?s={search_term_string}\"},\"query-input\":{\"@type\":\"PropertyValueSpecification\",\"valueRequired\":true,\"valueName\":\"search_term_string\"}}],\"inLanguage\":\"fr-FR\"},{\"@type\":\"Organization\",\"@id\":\"https:\/\/www.tradaka.com\/lp\/#organization\",\"name\":\"Tradaka\",\"url\":\"https:\/\/www.tradaka.com\/lp\/\",\"logo\":{\"@type\":\"ImageObject\",\"inLanguage\":\"fr-FR\",\"@id\":\"https:\/\/www.tradaka.com\/lp\/#\/schema\/logo\/image\/\",\"url\":\"https:\/\/www.tradaka.com\/lp\/wp-content\/uploads\/2023\/09\/Logo-AIRKO.png\",\"contentUrl\":\"https:\/\/www.tradaka.com\/lp\/wp-content\/uploads\/2023\/09\/Logo-AIRKO.png\",\"width\":223,\"height\":57,\"caption\":\"Tradaka\"},\"image\":{\"@id\":\"https:\/\/www.tradaka.com\/lp\/#\/schema\/logo\/image\/\"}}]}<\/script>\n<!-- \/ Yoast SEO plugin. -->","yoast_head_json":{"title":"Panneau solaire sur toit terrasse : Est-ce possible ? - Tradaka","description":"Vous \u00eates \u00e0 la recherche d'informations & conseils sur le panneau solaire sur terrasse ? Airko vous accompagne dans vos d\u00e9marches pour r\u00e9aliser des \u00e9conomies d'\u00e9nergies !","robots":{"index":"noindex","follow":"follow","max-snippet":"max-snippet:-1","max-image-preview":"max-image-preview:large","max-video-preview":"max-video-preview:-1"},"og_locale":"fr_FR","og_type":"article","og_title":"Panneau solaire sur toit terrasse : Est-ce possible ? - Tradaka","og_description":"Vous \u00eates \u00e0 la recherche d'informations & conseils sur le panneau solaire sur terrasse ? Airko vous accompagne dans vos d\u00e9marches pour r\u00e9aliser des \u00e9conomies d'\u00e9nergies !","og_url":"https:\/\/www.tradaka.com\/lp\/produire-electricite\/solaire\/panneau-solaire\/installer-panneau-solaire\/terrasse\/","og_site_name":"Tradaka","article_modified_time":"2023-12-05T14:36:20+00:00","og_image":[{"width":1254,"height":836,"url":"https:\/\/www.tradaka.com\/lp\/wp-content\/uploads\/2023\/10\/iStock-1453618873.jpg","type":"image\/jpeg"}],"twitter_card":"summary_large_image","schema":{"@context":"https:\/\/schema.org","@graph":[{"@type":"WebPage","@id":"https:\/\/www.tradaka.com\/lp\/produire-electricite\/solaire\/panneau-solaire\/installer-panneau-solaire\/terrasse\/","url":"https:\/\/www.tradaka.com\/lp\/produire-electricite\/solaire\/panneau-solaire\/installer-panneau-solaire\/terrasse\/","name":"Panneau solaire sur toit terrasse : Est-ce possible ? - Tradaka","isPartOf":{"@id":"https:\/\/www.tradaka.com\/lp\/#website"},"primaryImageOfPage":{"@id":"https:\/\/www.tradaka.com\/lp\/produire-electricite\/solaire\/panneau-solaire\/installer-panneau-solaire\/terrasse\/#primaryimage"},"image":{"@id":"https:\/\/www.tradaka.com\/lp\/produire-electricite\/solaire\/panneau-solaire\/installer-panneau-solaire\/terrasse\/#primaryimage"},"thumbnailUrl":"https:\/\/www.tradaka.com\/lp\/wp-content\/uploads\/2023\/10\/iStock-1453618873.jpg","datePublished":"2023-10-17T15:52:24+00:00","dateModified":"2023-12-05T14:36:20+00:00","description":"Vous \u00eates \u00e0 la recherche d'informations & conseils sur le panneau solaire sur terrasse ? Airko vous accompagne dans vos d\u00e9marches pour r\u00e9aliser des \u00e9conomies d'\u00e9nergies !","breadcrumb":{"@id":"https:\/\/www.tradaka.com\/lp\/produire-electricite\/solaire\/panneau-solaire\/installer-panneau-solaire\/terrasse\/#breadcrumb"},"inLanguage":"fr-FR","potentialAction":[{"@type":"ReadAction","target":["https:\/\/www.tradaka.com\/lp\/produire-electricite\/solaire\/panneau-solaire\/installer-panneau-solaire\/terrasse\/"]}]},{"@type":"ImageObject","inLanguage":"fr-FR","@id":"https:\/\/www.tradaka.com\/lp\/produire-electricite\/solaire\/panneau-solaire\/installer-panneau-solaire\/terrasse\/#primaryimage","url":"https:\/\/www.tradaka.com\/lp\/wp-content\/uploads\/2023\/10\/iStock-1453618873.jpg","contentUrl":"https:\/\/www.tradaka.com\/lp\/wp-content\/uploads\/2023\/10\/iStock-1453618873.jpg","width":1254,"height":836,"caption":"panneau-solaire-terrasse"},{"@type":"BreadcrumbList","@id":"https:\/\/www.tradaka.com\/lp\/produire-electricite\/solaire\/panneau-solaire\/installer-panneau-solaire\/terrasse\/#breadcrumb","itemListElement":[{"@type":"ListItem","position":1,"name":"Produire son \u00e9lectricit\u00e9","item":"https:\/\/www.tradaka.com\/lp\/produire-electricite\/"},{"@type":"ListItem","position":2,"name":"Solaire","item":"https:\/\/www.tradaka.com\/lp\/produire-electricite\/solaire\/"},{"@type":"ListItem","position":3,"name":"Panneau solaire","item":"https:\/\/www.tradaka.com\/lp\/produire-electricite\/solaire\/panneau-solaire\/"},{"@type":"ListItem","position":4,"name":"Installation Panneau solaire : Comment faire ?","item":"https:\/\/www.tradaka.com\/lp\/produire-electricite\/solaire\/panneau-solaire\/installer-panneau-solaire\/"},{"@type":"ListItem","position":5,"name":"Panneau solaire sur terrasse"}]},{"@type":"WebSite","@id":"https:\/\/www.tradaka.com\/lp\/#website","url":"https:\/\/www.tradaka.com\/lp\/","name":"Tradaka","description":"","publisher":{"@id":"https:\/\/www.tradaka.com\/lp\/#organization"},"potentialAction":[{"@type":"SearchAction","target":{"@type":"EntryPoint","urlTemplate":"https:\/\/www.tradaka.com\/lp\/?s={search_term_string}"},"query-input":{"@type":"PropertyValueSpecification","valueRequired":true,"valueName":"search_term_string"}}],"inLanguage":"fr-FR"},{"@type":"Organization","@id":"https:\/\/www.tradaka.com\/lp\/#organization","name":"Tradaka","url":"https:\/\/www.tradaka.com\/lp\/","logo":{"@type":"ImageObject","inLanguage":"fr-FR","@id":"https:\/\/www.tradaka.com\/lp\/#\/schema\/logo\/image\/","url":"https:\/\/www.tradaka.com\/lp\/wp-content\/uploads\/2023\/09\/Logo-AIRKO.png","contentUrl":"https:\/\/www.tradaka.com\/lp\/wp-content\/uploads\/2023\/09\/Logo-AIRKO.png","width":223,"height":57,"caption":"Tradaka"},"image":{"@id":"https:\/\/www.tradaka.com\/lp\/#\/schema\/logo\/image\/"}}]}},"_links":{"self":[{"href":"https:\/\/www.tradaka.com\/lp\/wp-json\/wp\/v2\/pages\/5603","targetHints":{"allow":["GET"]}}],"collection":[{"href":"https:\/\/www.tradaka.com\/lp\/wp-json\/wp\/v2\/pages"}],"about":[{"href":"https:\/\/www.tradaka.com\/lp\/wp-json\/wp\/v2\/types\/page"}],"author":[{"embeddable":true,"href":"https:\/\/www.tradaka.com\/lp\/wp-json\/wp\/v2\/users\/2"}],"replies":[{"embeddable":true,"href":"https:\/\/www.tradaka.com\/lp\/wp-json\/wp\/v2\/comments?post=5603"}],"version-history":[{"count":12,"href":"https:\/\/www.tradaka.com\/lp\/wp-json\/wp\/v2\/pages\/5603\/revisions"}],"predecessor-version":[{"id":8165,"href":"https:\/\/www.tradaka.com\/lp\/wp-json\/wp\/v2\/pages\/5603\/revisions\/8165"}],"up":[{"embeddable":true,"href":"https:\/\/www.tradaka.com\/lp\/wp-json\/wp\/v2\/pages\/3955"}],"wp:featuredmedia":[{"embeddable":true,"href":"https:\/\/www.tradaka.com\/lp\/wp-json\/wp\/v2\/media\/5604"}],"wp:attachment":[{"href":"https:\/\/www.tradaka.com\/lp\/wp-json\/wp\/v2\/media?parent=5603"}],"curies":[{"name":"wp","href":"https:\/\/api.w.org\/{rel}","templated":true}]}}