{"id":5498,"date":"2023-10-17T11:51:59","date_gmt":"2023-10-17T09:51:59","guid":{"rendered":"https:\/\/www.tradaka.com\/lp\/?page_id=5498"},"modified":"2024-01-08T14:02:01","modified_gmt":"2024-01-08T13:02:01","slug":"fonctionnement","status":"publish","type":"page","link":"https:\/\/www.tradaka.com\/lp\/renovation-energetique\/chauffage\/chaudiere\/chaudiere-bois\/chaudiere-a-granule\/fonctionnement\/","title":{"rendered":"Fonctionnement de la chaudi\u00e8re \u00e0 granul\u00e9s"},"content":{"rendered":"","protected":false},"excerpt":{"rendered":"","protected":false},"author":2,"featured_media":5499,"parent":1043,"menu_order":0,"comment_status":"closed","ping_status":"closed","template":"templates\/template-type-edito.php","meta":{"_acf_changed":false,"footnotes":""},"class_list":["post-5498","page","type-page","status-publish","has-post-thumbnail","hentry"],"acf":[],"yoast_head":"<!-- This site is optimized with the Yoast SEO plugin v26.7 - https:\/\/yoast.com\/wordpress\/plugins\/seo\/ -->\n<title>Fonctionnement Chaudi\u00e8re Granule : Tout comprendre - Tradaka<\/title>\n<meta name=\"description\" content=\"Vous \u00eates \u00e0 la recherche d&#039;informations &amp; conseils sur le fonctionnement de la chaudi\u00e8re \u00e0 granule ? Airko vous accompagne dans vos d\u00e9marches pour r\u00e9aliser des \u00e9conomies d&#039;\u00e9nergies !\" \/>\n<meta name=\"robots\" content=\"noindex, follow, max-snippet:-1, max-image-preview:large, max-video-preview:-1\" \/>\n<meta property=\"og:locale\" content=\"fr_FR\" \/>\n<meta property=\"og:type\" content=\"article\" \/>\n<meta property=\"og:title\" content=\"Fonctionnement Chaudi\u00e8re Granule : Tout comprendre - Tradaka\" \/>\n<meta property=\"og:description\" content=\"Vous \u00eates \u00e0 la recherche d&#039;informations &amp; conseils sur le fonctionnement de la chaudi\u00e8re \u00e0 granule ? Airko vous accompagne dans vos d\u00e9marches pour r\u00e9aliser des \u00e9conomies d&#039;\u00e9nergies !\" \/>\n<meta property=\"og:url\" content=\"https:\/\/www.tradaka.com\/lp\/renovation-energetique\/chauffage\/chaudiere\/chaudiere-bois\/chaudiere-a-granule\/fonctionnement\/\" \/>\n<meta property=\"og:site_name\" content=\"Tradaka\" \/>\n<meta property=\"article:modified_time\" content=\"2024-01-08T13:02:01+00:00\" \/>\n<meta property=\"og:image\" content=\"https:\/\/www.tradaka.com\/lp\/wp-content\/uploads\/2023\/10\/iStock-1097493386.jpg\" \/>\n\t<meta property=\"og:image:width\" content=\"1253\" \/>\n\t<meta property=\"og:image:height\" content=\"836\" \/>\n\t<meta property=\"og:image:type\" content=\"image\/jpeg\" \/>\n<meta name=\"twitter:card\" content=\"summary_large_image\" \/>\n<script type=\"application\/ld+json\" class=\"yoast-schema-graph\">{\"@context\":\"https:\/\/schema.org\",\"@graph\":[{\"@type\":\"WebPage\",\"@id\":\"https:\/\/www.tradaka.com\/lp\/renovation-energetique\/chauffage\/chaudiere\/chaudiere-bois\/chaudiere-a-granule\/fonctionnement\/\",\"url\":\"https:\/\/www.tradaka.com\/lp\/renovation-energetique\/chauffage\/chaudiere\/chaudiere-bois\/chaudiere-a-granule\/fonctionnement\/\",\"name\":\"Fonctionnement Chaudi\u00e8re Granule : Tout comprendre - Tradaka\",\"isPartOf\":{\"@id\":\"https:\/\/www.tradaka.com\/lp\/#website\"},\"primaryImageOfPage\":{\"@id\":\"https:\/\/www.tradaka.com\/lp\/renovation-energetique\/chauffage\/chaudiere\/chaudiere-bois\/chaudiere-a-granule\/fonctionnement\/#primaryimage\"},\"image\":{\"@id\":\"https:\/\/www.tradaka.com\/lp\/renovation-energetique\/chauffage\/chaudiere\/chaudiere-bois\/chaudiere-a-granule\/fonctionnement\/#primaryimage\"},\"thumbnailUrl\":\"https:\/\/www.tradaka.com\/lp\/wp-content\/uploads\/2023\/10\/iStock-1097493386.jpg\",\"datePublished\":\"2023-10-17T09:51:59+00:00\",\"dateModified\":\"2024-01-08T13:02:01+00:00\",\"description\":\"Vous \u00eates \u00e0 la recherche d'informations & conseils sur le fonctionnement de la chaudi\u00e8re \u00e0 granule ? Airko vous accompagne dans vos d\u00e9marches pour r\u00e9aliser des \u00e9conomies d'\u00e9nergies !\",\"breadcrumb\":{\"@id\":\"https:\/\/www.tradaka.com\/lp\/renovation-energetique\/chauffage\/chaudiere\/chaudiere-bois\/chaudiere-a-granule\/fonctionnement\/#breadcrumb\"},\"inLanguage\":\"fr-FR\",\"potentialAction\":[{\"@type\":\"ReadAction\",\"target\":[\"https:\/\/www.tradaka.com\/lp\/renovation-energetique\/chauffage\/chaudiere\/chaudiere-bois\/chaudiere-a-granule\/fonctionnement\/\"]}]},{\"@type\":\"ImageObject\",\"inLanguage\":\"fr-FR\",\"@id\":\"https:\/\/www.tradaka.com\/lp\/renovation-energetique\/chauffage\/chaudiere\/chaudiere-bois\/chaudiere-a-granule\/fonctionnement\/#primaryimage\",\"url\":\"https:\/\/www.tradaka.com\/lp\/wp-content\/uploads\/2023\/10\/iStock-1097493386.jpg\",\"contentUrl\":\"https:\/\/www.tradaka.com\/lp\/wp-content\/uploads\/2023\/10\/iStock-1097493386.jpg\",\"width\":1253,\"height\":836,\"caption\":\"fonctionnement-chaudiere-granule\"},{\"@type\":\"BreadcrumbList\",\"@id\":\"https:\/\/www.tradaka.com\/lp\/renovation-energetique\/chauffage\/chaudiere\/chaudiere-bois\/chaudiere-a-granule\/fonctionnement\/#breadcrumb\",\"itemListElement\":[{\"@type\":\"ListItem\",\"position\":1,\"name\":\"Renovation \u00e9nerg\u00e9tique\",\"item\":\"https:\/\/www.tradaka.com\/lp\/renovation-energetique\/\"},{\"@type\":\"ListItem\",\"position\":2,\"name\":\"Chauffage\",\"item\":\"https:\/\/www.tradaka.com\/lp\/renovation-energetique\/chauffage\/\"},{\"@type\":\"ListItem\",\"position\":3,\"name\":\"Chaudi\u00e8re\",\"item\":\"https:\/\/www.tradaka.com\/lp\/renovation-energetique\/chauffage\/chaudiere\/\"},{\"@type\":\"ListItem\",\"position\":4,\"name\":\"Chaudi\u00e8re \u00e0 bois\",\"item\":\"https:\/\/www.tradaka.com\/lp\/renovation-energetique\/chauffage\/chaudiere\/chaudiere-bois\/\"},{\"@type\":\"ListItem\",\"position\":5,\"name\":\"Chaudi\u00e8re \u00e0 granule\",\"item\":\"https:\/\/www.tradaka.com\/lp\/renovation-energetique\/chauffage\/chaudiere\/chaudiere-bois\/chaudiere-a-granule\/\"},{\"@type\":\"ListItem\",\"position\":6,\"name\":\"Fonctionnement de la chaudi\u00e8re \u00e0 granul\u00e9s\"}]},{\"@type\":\"WebSite\",\"@id\":\"https:\/\/www.tradaka.com\/lp\/#website\",\"url\":\"https:\/\/www.tradaka.com\/lp\/\",\"name\":\"Tradaka\",\"description\":\"\",\"publisher\":{\"@id\":\"https:\/\/www.tradaka.com\/lp\/#organization\"},\"potentialAction\":[{\"@type\":\"SearchAction\",\"target\":{\"@type\":\"EntryPoint\",\"urlTemplate\":\"https:\/\/www.tradaka.com\/lp\/?s={search_term_string}\"},\"query-input\":{\"@type\":\"PropertyValueSpecification\",\"valueRequired\":true,\"valueName\":\"search_term_string\"}}],\"inLanguage\":\"fr-FR\"},{\"@type\":\"Organization\",\"@id\":\"https:\/\/www.tradaka.com\/lp\/#organization\",\"name\":\"Tradaka\",\"url\":\"https:\/\/www.tradaka.com\/lp\/\",\"logo\":{\"@type\":\"ImageObject\",\"inLanguage\":\"fr-FR\",\"@id\":\"https:\/\/www.tradaka.com\/lp\/#\/schema\/logo\/image\/\",\"url\":\"https:\/\/www.tradaka.com\/lp\/wp-content\/uploads\/2023\/09\/Logo-AIRKO.png\",\"contentUrl\":\"https:\/\/www.tradaka.com\/lp\/wp-content\/uploads\/2023\/09\/Logo-AIRKO.png\",\"width\":223,\"height\":57,\"caption\":\"Tradaka\"},\"image\":{\"@id\":\"https:\/\/www.tradaka.com\/lp\/#\/schema\/logo\/image\/\"}}]}<\/script>\n<!-- \/ Yoast SEO plugin. -->","yoast_head_json":{"title":"Fonctionnement Chaudi\u00e8re Granule : Tout comprendre - Tradaka","description":"Vous \u00eates \u00e0 la recherche d'informations & conseils sur le fonctionnement de la chaudi\u00e8re \u00e0 granule ? Airko vous accompagne dans vos d\u00e9marches pour r\u00e9aliser des \u00e9conomies d'\u00e9nergies !","robots":{"index":"noindex","follow":"follow","max-snippet":"max-snippet:-1","max-image-preview":"max-image-preview:large","max-video-preview":"max-video-preview:-1"},"og_locale":"fr_FR","og_type":"article","og_title":"Fonctionnement Chaudi\u00e8re Granule : Tout comprendre - Tradaka","og_description":"Vous \u00eates \u00e0 la recherche d'informations & conseils sur le fonctionnement de la chaudi\u00e8re \u00e0 granule ? Airko vous accompagne dans vos d\u00e9marches pour r\u00e9aliser des \u00e9conomies d'\u00e9nergies !","og_url":"https:\/\/www.tradaka.com\/lp\/renovation-energetique\/chauffage\/chaudiere\/chaudiere-bois\/chaudiere-a-granule\/fonctionnement\/","og_site_name":"Tradaka","article_modified_time":"2024-01-08T13:02:01+00:00","og_image":[{"width":1253,"height":836,"url":"https:\/\/www.tradaka.com\/lp\/wp-content\/uploads\/2023\/10\/iStock-1097493386.jpg","type":"image\/jpeg"}],"twitter_card":"summary_large_image","schema":{"@context":"https:\/\/schema.org","@graph":[{"@type":"WebPage","@id":"https:\/\/www.tradaka.com\/lp\/renovation-energetique\/chauffage\/chaudiere\/chaudiere-bois\/chaudiere-a-granule\/fonctionnement\/","url":"https:\/\/www.tradaka.com\/lp\/renovation-energetique\/chauffage\/chaudiere\/chaudiere-bois\/chaudiere-a-granule\/fonctionnement\/","name":"Fonctionnement Chaudi\u00e8re Granule : Tout comprendre - Tradaka","isPartOf":{"@id":"https:\/\/www.tradaka.com\/lp\/#website"},"primaryImageOfPage":{"@id":"https:\/\/www.tradaka.com\/lp\/renovation-energetique\/chauffage\/chaudiere\/chaudiere-bois\/chaudiere-a-granule\/fonctionnement\/#primaryimage"},"image":{"@id":"https:\/\/www.tradaka.com\/lp\/renovation-energetique\/chauffage\/chaudiere\/chaudiere-bois\/chaudiere-a-granule\/fonctionnement\/#primaryimage"},"thumbnailUrl":"https:\/\/www.tradaka.com\/lp\/wp-content\/uploads\/2023\/10\/iStock-1097493386.jpg","datePublished":"2023-10-17T09:51:59+00:00","dateModified":"2024-01-08T13:02:01+00:00","description":"Vous \u00eates \u00e0 la recherche d'informations & conseils sur le fonctionnement de la chaudi\u00e8re \u00e0 granule ? Airko vous accompagne dans vos d\u00e9marches pour r\u00e9aliser des \u00e9conomies d'\u00e9nergies !","breadcrumb":{"@id":"https:\/\/www.tradaka.com\/lp\/renovation-energetique\/chauffage\/chaudiere\/chaudiere-bois\/chaudiere-a-granule\/fonctionnement\/#breadcrumb"},"inLanguage":"fr-FR","potentialAction":[{"@type":"ReadAction","target":["https:\/\/www.tradaka.com\/lp\/renovation-energetique\/chauffage\/chaudiere\/chaudiere-bois\/chaudiere-a-granule\/fonctionnement\/"]}]},{"@type":"ImageObject","inLanguage":"fr-FR","@id":"https:\/\/www.tradaka.com\/lp\/renovation-energetique\/chauffage\/chaudiere\/chaudiere-bois\/chaudiere-a-granule\/fonctionnement\/#primaryimage","url":"https:\/\/www.tradaka.com\/lp\/wp-content\/uploads\/2023\/10\/iStock-1097493386.jpg","contentUrl":"https:\/\/www.tradaka.com\/lp\/wp-content\/uploads\/2023\/10\/iStock-1097493386.jpg","width":1253,"height":836,"caption":"fonctionnement-chaudiere-granule"},{"@type":"BreadcrumbList","@id":"https:\/\/www.tradaka.com\/lp\/renovation-energetique\/chauffage\/chaudiere\/chaudiere-bois\/chaudiere-a-granule\/fonctionnement\/#breadcrumb","itemListElement":[{"@type":"ListItem","position":1,"name":"Renovation \u00e9nerg\u00e9tique","item":"https:\/\/www.tradaka.com\/lp\/renovation-energetique\/"},{"@type":"ListItem","position":2,"name":"Chauffage","item":"https:\/\/www.tradaka.com\/lp\/renovation-energetique\/chauffage\/"},{"@type":"ListItem","position":3,"name":"Chaudi\u00e8re","item":"https:\/\/www.tradaka.com\/lp\/renovation-energetique\/chauffage\/chaudiere\/"},{"@type":"ListItem","position":4,"name":"Chaudi\u00e8re \u00e0 bois","item":"https:\/\/www.tradaka.com\/lp\/renovation-energetique\/chauffage\/chaudiere\/chaudiere-bois\/"},{"@type":"ListItem","position":5,"name":"Chaudi\u00e8re \u00e0 granule","item":"https:\/\/www.tradaka.com\/lp\/renovation-energetique\/chauffage\/chaudiere\/chaudiere-bois\/chaudiere-a-granule\/"},{"@type":"ListItem","position":6,"name":"Fonctionnement de la chaudi\u00e8re \u00e0 granul\u00e9s"}]},{"@type":"WebSite","@id":"https:\/\/www.tradaka.com\/lp\/#website","url":"https:\/\/www.tradaka.com\/lp\/","name":"Tradaka","description":"","publisher":{"@id":"https:\/\/www.tradaka.com\/lp\/#organization"},"potentialAction":[{"@type":"SearchAction","target":{"@type":"EntryPoint","urlTemplate":"https:\/\/www.tradaka.com\/lp\/?s={search_term_string}"},"query-input":{"@type":"PropertyValueSpecification","valueRequired":true,"valueName":"search_term_string"}}],"inLanguage":"fr-FR"},{"@type":"Organization","@id":"https:\/\/www.tradaka.com\/lp\/#organization","name":"Tradaka","url":"https:\/\/www.tradaka.com\/lp\/","logo":{"@type":"ImageObject","inLanguage":"fr-FR","@id":"https:\/\/www.tradaka.com\/lp\/#\/schema\/logo\/image\/","url":"https:\/\/www.tradaka.com\/lp\/wp-content\/uploads\/2023\/09\/Logo-AIRKO.png","contentUrl":"https:\/\/www.tradaka.com\/lp\/wp-content\/uploads\/2023\/09\/Logo-AIRKO.png","width":223,"height":57,"caption":"Tradaka"},"image":{"@id":"https:\/\/www.tradaka.com\/lp\/#\/schema\/logo\/image\/"}}]}},"_links":{"self":[{"href":"https:\/\/www.tradaka.com\/lp\/wp-json\/wp\/v2\/pages\/5498","targetHints":{"allow":["GET"]}}],"collection":[{"href":"https:\/\/www.tradaka.com\/lp\/wp-json\/wp\/v2\/pages"}],"about":[{"href":"https:\/\/www.tradaka.com\/lp\/wp-json\/wp\/v2\/types\/page"}],"author":[{"embeddable":true,"href":"https:\/\/www.tradaka.com\/lp\/wp-json\/wp\/v2\/users\/2"}],"replies":[{"embeddable":true,"href":"https:\/\/www.tradaka.com\/lp\/wp-json\/wp\/v2\/comments?post=5498"}],"version-history":[{"count":12,"href":"https:\/\/www.tradaka.com\/lp\/wp-json\/wp\/v2\/pages\/5498\/revisions"}],"predecessor-version":[{"id":9173,"href":"https:\/\/www.tradaka.com\/lp\/wp-json\/wp\/v2\/pages\/5498\/revisions\/9173"}],"up":[{"embeddable":true,"href":"https:\/\/www.tradaka.com\/lp\/wp-json\/wp\/v2\/pages\/1043"}],"wp:featuredmedia":[{"embeddable":true,"href":"https:\/\/www.tradaka.com\/lp\/wp-json\/wp\/v2\/media\/5499"}],"wp:attachment":[{"href":"https:\/\/www.tradaka.com\/lp\/wp-json\/wp\/v2\/media?parent=5498"}],"curies":[{"name":"wp","href":"https:\/\/api.w.org\/{rel}","templated":true}]}}