{"id":4947,"date":"2023-09-20T16:22:53","date_gmt":"2023-09-20T14:22:53","guid":{"rendered":"https:\/\/www.tradaka.com\/lp\/?page_id=4947"},"modified":"2023-12-07T12:30:06","modified_gmt":"2023-12-07T11:30:06","slug":"mentions-legales","status":"publish","type":"page","link":"https:\/\/www.tradaka.com\/lp\/mentions-legales\/","title":{"rendered":"Mentions l\u00e9gales"},"content":{"rendered":"\n<blockquote class=\"wp-block-quote is-layout-flow wp-block-quote-is-layout-flow\">\n<p>En vigueur au 12\/04\/2022<\/p>\n<\/blockquote>\n\n\n\n<p>Conform\u00e9ment aux dispositions des Articles 6-III et 19 de la Loi n\u00b02004-575 du 21 juin 2004 pour la Confiance dans l\u2019\u00e9conomie num\u00e9rique, dite L.C.E.N., il est port\u00e9 \u00e0 la connaissance des utilisateurs et visiteurs, ci-apr\u00e8s l\u2019\u00a0\u00bb<strong>Utilisateur<\/strong>\u00ab\u00a0, du site https:\/\/<a href=\"http:\/\/www.tradaka.com\/lp\/\">www.tradaka.com\/lp <\/a>, ci-apr\u00e8s le \u00ab\u00a0<strong>Site<\/strong>\u00ab\u00a0, les pr\u00e9sentes mentions l\u00e9gales.<\/p>\n\n\n\n<p>La connexion et la navigation sur le Site par l\u2019Utilisateur implique acceptation int\u00e9grale et sans r\u00e9serve des pr\u00e9sentes mentions l\u00e9gales.<\/p>\n\n\n\n<p>Ces derni\u00e8res sont accessibles sur le Site \u00e0 la rubrique \u00ab <strong>Mentions l\u00e9gales <\/strong>\u00bb.<\/p>\n\n\n\n<h2 class=\"wp-block-heading\">ARTICLE 1 &#8211; L&rsquo;EDITEUR<\/h2>\n\n\n\n<p>L&rsquo;\u00e9dition du Site est assur\u00e9e par BSA SARL au capital de 81 820 euros, immatricul\u00e9e au Registre du Commerce et des Soci\u00e9t\u00e9s de Bobigny sous le num\u00e9ro 843 831 835 dont le si\u00e8ge social est situ\u00e9 au 32, Rue Delizy-93500 PANTIN.<\/p>\n\n\n\n<p>N\u00b0 de TVA intracommunautaire : FR90843831835<\/p>\n\n\n\n<p>Le Directeur de la publication est AYACHE RAPHA\u00cbL ci-apr\u00e8s l'\u00a0\u00bb<strong>Editeur<\/strong>\u00ab\u00a0.<\/p>\n\n\n\n<h2 class=\"wp-block-heading\">ARTICLE 2 &#8211; L&rsquo;HEBERGEUR<\/h2>\n\n\n\n<p>L&rsquo;h\u00e9bergeur du Site est la soci\u00e9t\u00e9 OVH, dont le si\u00e8ge social est situ\u00e9 au 2 RUE KELLERMANN 59100 ROUBAIX<\/p>\n\n\n\n<h2 class=\"wp-block-heading\">ARTICLE 3 &#8211; ACCES AU SITE<\/h2>\n\n\n\n<p>Le Site est accessible en tout endroit, 7j\/7, 24h\/24 sauf cas de force majeure, interruption programm\u00e9e ou non et pouvant d\u00e9coulant d\u2019une n\u00e9cessit\u00e9 de maintenance.<\/p>\n\n\n\n<p>En cas de modification, interruption ou suspension du Site, l&rsquo;Editeur ne saurait \u00eatre tenu responsable.<\/p>\n\n\n\n<h2 class=\"wp-block-heading\">ARTICLE 4 &#8211; COLLECTE DES DONNEES<\/h2>\n\n\n\n<p>Le Site assure \u00e0 l&rsquo;Utilisateur une collecte et un traitement d&rsquo;informations personnelles dans le respect de la vie priv\u00e9e conform\u00e9ment \u00e0 la loi n\u00b078-17 du 6 janvier 1978 relative \u00e0 l&rsquo;informatique, aux fichiers et aux libert\u00e9s.<\/p>\n\n\n\n<p>En vertu de la loi Informatique et Libert\u00e9s, en date du 6 janvier 1978, l&rsquo;Utilisateur dispose d&rsquo;un droit d&rsquo;acc\u00e8s, de rectification, de suppression et d&rsquo;opposition de ses donn\u00e9es personnelles. L&rsquo;Utilisateur exerce ce droit :<\/p>\n\n\n\n<p>\u00b7&nbsp;&nbsp;&nbsp;&nbsp;&nbsp; &nbsp;via un formulaire de contact,<\/p>\n\n\n\n<p>Toute utilisation, reproduction, diffusion, commercialisation, modification de toute ou partie du Site, sans autorisation de l\u2019Editeur est prohib\u00e9e et pourra entra\u00een\u00e9e des actions et poursuites judiciaires telles que notamment pr\u00e9vues par le Code de la propri\u00e9t\u00e9 intellectuelle et le Code civil.<\/p>\n\n\n\n<p>Pour plus d\u2019informations, se reporter aux CGU du site https:\/\/<a href=\"http:\/\/www.tradaka.com\/lp\/\">www.tradaka.com\/lp <\/a>accessible \u00e0 la rubrique \u00ab\u00a0CGU\u00a0\u00bb.<\/p>\n","protected":false},"excerpt":{"rendered":"<p>En vigueur au 12\/04\/2022 Conform\u00e9ment aux dispositions des Articles 6-III et 19 de la Loi n\u00b02004-575 du 21 juin 2004 pour la Confiance dans l\u2019\u00e9conomie num\u00e9rique, dite L.C.E.N., il est port\u00e9 \u00e0 la connaissance des utilisateurs et visiteurs, ci-apr\u00e8s l\u2019\u00a0\u00bbUtilisateur\u00ab\u00a0, du site https:\/\/www.tradaka.com\/lp , ci-apr\u00e8s le \u00ab\u00a0Site\u00ab\u00a0, les pr\u00e9sentes mentions l\u00e9gales. La connexion et la [&hellip;]<\/p>\n","protected":false},"author":2,"featured_media":4948,"parent":0,"menu_order":0,"comment_status":"closed","ping_status":"closed","template":"templates\/template-contenu.php","meta":{"_acf_changed":false,"footnotes":""},"class_list":["post-4947","page","type-page","status-publish","has-post-thumbnail","hentry"],"acf":[],"yoast_head":"<!-- This site is optimized with the Yoast SEO plugin v26.7 - https:\/\/yoast.com\/wordpress\/plugins\/seo\/ -->\n<title>Mentions l\u00e9gales - Tradaka<\/title>\n<meta name=\"description\" content=\"Vous souhaitez en savoir plus sur les mentions l\u00e9gales d&#039;Airko ? N&#039;h\u00e9sitez pas \u00e0 consulter notre page !\" \/>\n<meta name=\"robots\" content=\"noindex, follow, max-snippet:-1, max-image-preview:large, max-video-preview:-1\" \/>\n<meta property=\"og:locale\" content=\"fr_FR\" \/>\n<meta property=\"og:type\" content=\"article\" \/>\n<meta property=\"og:title\" content=\"Mentions l\u00e9gales - Tradaka\" \/>\n<meta property=\"og:description\" content=\"Vous souhaitez en savoir plus sur les mentions l\u00e9gales d&#039;Airko ? N&#039;h\u00e9sitez pas \u00e0 consulter notre page !\" \/>\n<meta property=\"og:url\" content=\"https:\/\/www.tradaka.com\/lp\/mentions-legales\/\" \/>\n<meta property=\"og:site_name\" content=\"Tradaka\" \/>\n<meta property=\"article:modified_time\" content=\"2023-12-07T11:30:06+00:00\" \/>\n<meta property=\"og:image\" content=\"https:\/\/www.tradaka.com\/lp\/wp-content\/uploads\/2023\/09\/iStock-1267452043.jpg\" \/>\n\t<meta property=\"og:image:width\" content=\"1024\" \/>\n\t<meta property=\"og:image:height\" content=\"1024\" \/>\n\t<meta property=\"og:image:type\" content=\"image\/jpeg\" \/>\n<meta name=\"twitter:card\" content=\"summary_large_image\" \/>\n<meta name=\"twitter:label1\" content=\"Dur\u00e9e de lecture estim\u00e9e\" \/>\n\t<meta name=\"twitter:data1\" content=\"2 minutes\" \/>\n<script type=\"application\/ld+json\" class=\"yoast-schema-graph\">{\"@context\":\"https:\/\/schema.org\",\"@graph\":[{\"@type\":\"WebPage\",\"@id\":\"https:\/\/www.tradaka.com\/lp\/mentions-legales\/\",\"url\":\"https:\/\/www.tradaka.com\/lp\/mentions-legales\/\",\"name\":\"Mentions l\u00e9gales - Tradaka\",\"isPartOf\":{\"@id\":\"https:\/\/www.tradaka.com\/lp\/#website\"},\"primaryImageOfPage\":{\"@id\":\"https:\/\/www.tradaka.com\/lp\/mentions-legales\/#primaryimage\"},\"image\":{\"@id\":\"https:\/\/www.tradaka.com\/lp\/mentions-legales\/#primaryimage\"},\"thumbnailUrl\":\"https:\/\/www.tradaka.com\/lp\/wp-content\/uploads\/2023\/09\/iStock-1267452043.jpg\",\"datePublished\":\"2023-09-20T14:22:53+00:00\",\"dateModified\":\"2023-12-07T11:30:06+00:00\",\"description\":\"Vous souhaitez en savoir plus sur les mentions l\u00e9gales d'Airko ? N'h\u00e9sitez pas \u00e0 consulter notre page !\",\"inLanguage\":\"fr-FR\",\"potentialAction\":[{\"@type\":\"ReadAction\",\"target\":[\"https:\/\/www.tradaka.com\/lp\/mentions-legales\/\"]}]},{\"@type\":\"ImageObject\",\"inLanguage\":\"fr-FR\",\"@id\":\"https:\/\/www.tradaka.com\/lp\/mentions-legales\/#primaryimage\",\"url\":\"https:\/\/www.tradaka.com\/lp\/wp-content\/uploads\/2023\/09\/iStock-1267452043.jpg\",\"contentUrl\":\"https:\/\/www.tradaka.com\/lp\/wp-content\/uploads\/2023\/09\/iStock-1267452043.jpg\",\"width\":1024,\"height\":1024,\"caption\":\"mentions-legales\"},{\"@type\":\"WebSite\",\"@id\":\"https:\/\/www.tradaka.com\/lp\/#website\",\"url\":\"https:\/\/www.tradaka.com\/lp\/\",\"name\":\"Tradaka\",\"description\":\"\",\"publisher\":{\"@id\":\"https:\/\/www.tradaka.com\/lp\/#organization\"},\"potentialAction\":[{\"@type\":\"SearchAction\",\"target\":{\"@type\":\"EntryPoint\",\"urlTemplate\":\"https:\/\/www.tradaka.com\/lp\/?s={search_term_string}\"},\"query-input\":{\"@type\":\"PropertyValueSpecification\",\"valueRequired\":true,\"valueName\":\"search_term_string\"}}],\"inLanguage\":\"fr-FR\"},{\"@type\":\"Organization\",\"@id\":\"https:\/\/www.tradaka.com\/lp\/#organization\",\"name\":\"Tradaka\",\"url\":\"https:\/\/www.tradaka.com\/lp\/\",\"logo\":{\"@type\":\"ImageObject\",\"inLanguage\":\"fr-FR\",\"@id\":\"https:\/\/www.tradaka.com\/lp\/#\/schema\/logo\/image\/\",\"url\":\"https:\/\/www.tradaka.com\/lp\/wp-content\/uploads\/2023\/09\/Logo-AIRKO.png\",\"contentUrl\":\"https:\/\/www.tradaka.com\/lp\/wp-content\/uploads\/2023\/09\/Logo-AIRKO.png\",\"width\":223,\"height\":57,\"caption\":\"Tradaka\"},\"image\":{\"@id\":\"https:\/\/www.tradaka.com\/lp\/#\/schema\/logo\/image\/\"}}]}<\/script>\n<!-- \/ Yoast SEO plugin. -->","yoast_head_json":{"title":"Mentions l\u00e9gales - Tradaka","description":"Vous souhaitez en savoir plus sur les mentions l\u00e9gales d'Airko ? N'h\u00e9sitez pas \u00e0 consulter notre page !","robots":{"index":"noindex","follow":"follow","max-snippet":"max-snippet:-1","max-image-preview":"max-image-preview:large","max-video-preview":"max-video-preview:-1"},"og_locale":"fr_FR","og_type":"article","og_title":"Mentions l\u00e9gales - Tradaka","og_description":"Vous souhaitez en savoir plus sur les mentions l\u00e9gales d'Airko ? N'h\u00e9sitez pas \u00e0 consulter notre page !","og_url":"https:\/\/www.tradaka.com\/lp\/mentions-legales\/","og_site_name":"Tradaka","article_modified_time":"2023-12-07T11:30:06+00:00","og_image":[{"width":1024,"height":1024,"url":"https:\/\/www.tradaka.com\/lp\/wp-content\/uploads\/2023\/09\/iStock-1267452043.jpg","type":"image\/jpeg"}],"twitter_card":"summary_large_image","twitter_misc":{"Dur\u00e9e de lecture estim\u00e9e":"2 minutes"},"schema":{"@context":"https:\/\/schema.org","@graph":[{"@type":"WebPage","@id":"https:\/\/www.tradaka.com\/lp\/mentions-legales\/","url":"https:\/\/www.tradaka.com\/lp\/mentions-legales\/","name":"Mentions l\u00e9gales - Tradaka","isPartOf":{"@id":"https:\/\/www.tradaka.com\/lp\/#website"},"primaryImageOfPage":{"@id":"https:\/\/www.tradaka.com\/lp\/mentions-legales\/#primaryimage"},"image":{"@id":"https:\/\/www.tradaka.com\/lp\/mentions-legales\/#primaryimage"},"thumbnailUrl":"https:\/\/www.tradaka.com\/lp\/wp-content\/uploads\/2023\/09\/iStock-1267452043.jpg","datePublished":"2023-09-20T14:22:53+00:00","dateModified":"2023-12-07T11:30:06+00:00","description":"Vous souhaitez en savoir plus sur les mentions l\u00e9gales d'Airko ? N'h\u00e9sitez pas \u00e0 consulter notre page !","inLanguage":"fr-FR","potentialAction":[{"@type":"ReadAction","target":["https:\/\/www.tradaka.com\/lp\/mentions-legales\/"]}]},{"@type":"ImageObject","inLanguage":"fr-FR","@id":"https:\/\/www.tradaka.com\/lp\/mentions-legales\/#primaryimage","url":"https:\/\/www.tradaka.com\/lp\/wp-content\/uploads\/2023\/09\/iStock-1267452043.jpg","contentUrl":"https:\/\/www.tradaka.com\/lp\/wp-content\/uploads\/2023\/09\/iStock-1267452043.jpg","width":1024,"height":1024,"caption":"mentions-legales"},{"@type":"WebSite","@id":"https:\/\/www.tradaka.com\/lp\/#website","url":"https:\/\/www.tradaka.com\/lp\/","name":"Tradaka","description":"","publisher":{"@id":"https:\/\/www.tradaka.com\/lp\/#organization"},"potentialAction":[{"@type":"SearchAction","target":{"@type":"EntryPoint","urlTemplate":"https:\/\/www.tradaka.com\/lp\/?s={search_term_string}"},"query-input":{"@type":"PropertyValueSpecification","valueRequired":true,"valueName":"search_term_string"}}],"inLanguage":"fr-FR"},{"@type":"Organization","@id":"https:\/\/www.tradaka.com\/lp\/#organization","name":"Tradaka","url":"https:\/\/www.tradaka.com\/lp\/","logo":{"@type":"ImageObject","inLanguage":"fr-FR","@id":"https:\/\/www.tradaka.com\/lp\/#\/schema\/logo\/image\/","url":"https:\/\/www.tradaka.com\/lp\/wp-content\/uploads\/2023\/09\/Logo-AIRKO.png","contentUrl":"https:\/\/www.tradaka.com\/lp\/wp-content\/uploads\/2023\/09\/Logo-AIRKO.png","width":223,"height":57,"caption":"Tradaka"},"image":{"@id":"https:\/\/www.tradaka.com\/lp\/#\/schema\/logo\/image\/"}}]}},"_links":{"self":[{"href":"https:\/\/www.tradaka.com\/lp\/wp-json\/wp\/v2\/pages\/4947","targetHints":{"allow":["GET"]}}],"collection":[{"href":"https:\/\/www.tradaka.com\/lp\/wp-json\/wp\/v2\/pages"}],"about":[{"href":"https:\/\/www.tradaka.com\/lp\/wp-json\/wp\/v2\/types\/page"}],"author":[{"embeddable":true,"href":"https:\/\/www.tradaka.com\/lp\/wp-json\/wp\/v2\/users\/2"}],"replies":[{"embeddable":true,"href":"https:\/\/www.tradaka.com\/lp\/wp-json\/wp\/v2\/comments?post=4947"}],"version-history":[{"count":3,"href":"https:\/\/www.tradaka.com\/lp\/wp-json\/wp\/v2\/pages\/4947\/revisions"}],"predecessor-version":[{"id":8327,"href":"https:\/\/www.tradaka.com\/lp\/wp-json\/wp\/v2\/pages\/4947\/revisions\/8327"}],"wp:featuredmedia":[{"embeddable":true,"href":"https:\/\/www.tradaka.com\/lp\/wp-json\/wp\/v2\/media\/4948"}],"wp:attachment":[{"href":"https:\/\/www.tradaka.com\/lp\/wp-json\/wp\/v2\/media?parent=4947"}],"curies":[{"name":"wp","href":"https:\/\/api.w.org\/{rel}","templated":true}]}}