{"id":4087,"date":"2023-09-11T18:52:32","date_gmt":"2023-09-11T16:52:32","guid":{"rendered":"https:\/\/www.tradaka.com\/lp\/?page_id=4087"},"modified":"2023-09-11T18:52:32","modified_gmt":"2023-09-11T16:52:32","slug":"avantages-pompe-a-chaleur-air-air","status":"publish","type":"page","link":"https:\/\/www.tradaka.com\/lp\/renovation-energetique\/chauffage\/pompe-a-chaleur\/pompe-a-chaleur-aerothermique\/pompe-a-chaleur-air-air\/avantages-pompe-a-chaleur-air-air\/","title":{"rendered":"Avantages et inconv\u00e9nients d&rsquo;une Pompe \u00e0 chaleur Air air"},"content":{"rendered":"","protected":false},"excerpt":{"rendered":"","protected":false},"author":2,"featured_media":4088,"parent":681,"menu_order":0,"comment_status":"closed","ping_status":"closed","template":"templates\/template-type-edito.php","meta":{"_acf_changed":false,"footnotes":""},"class_list":["post-4087","page","type-page","status-publish","has-post-thumbnail","hentry"],"acf":[],"yoast_head":"<!-- This site is optimized with the Yoast SEO plugin v26.7 - https:\/\/yoast.com\/wordpress\/plugins\/seo\/ -->\n<title>Avantages et inconv\u00e9nients d&#039;une Pompe \u00e0 chaleur Air air - Tradaka<\/title>\n<meta name=\"description\" content=\"Vous \u00eates \u00e0 la recherche d&#039;informations &amp; conseils sur les avantages de la pompe \u00e0 chaleur air-air ? Airko vous accompagne dans vos d\u00e9marches pour r\u00e9aliser des \u00e9conomies d&#039;\u00e9nergies\" \/>\n<meta name=\"robots\" content=\"noindex, follow, max-snippet:-1, max-image-preview:large, max-video-preview:-1\" \/>\n<meta property=\"og:locale\" content=\"fr_FR\" \/>\n<meta property=\"og:type\" content=\"article\" \/>\n<meta property=\"og:title\" content=\"Avantages et inconv\u00e9nients d&#039;une Pompe \u00e0 chaleur Air air - Tradaka\" \/>\n<meta property=\"og:description\" content=\"Vous \u00eates \u00e0 la recherche d&#039;informations &amp; conseils sur les avantages de la pompe \u00e0 chaleur air-air ? Airko vous accompagne dans vos d\u00e9marches pour r\u00e9aliser des \u00e9conomies d&#039;\u00e9nergies\" \/>\n<meta property=\"og:url\" content=\"https:\/\/www.tradaka.com\/lp\/renovation-energetique\/chauffage\/pompe-a-chaleur\/pompe-a-chaleur-aerothermique\/pompe-a-chaleur-air-air\/avantages-pompe-a-chaleur-air-air\/\" \/>\n<meta property=\"og:site_name\" content=\"Tradaka\" \/>\n<meta property=\"og:image\" content=\"https:\/\/www.tradaka.com\/lp\/wp-content\/uploads\/2023\/09\/iStock-1075473070.jpg\" \/>\n\t<meta property=\"og:image:width\" content=\"1448\" \/>\n\t<meta property=\"og:image:height\" content=\"724\" \/>\n\t<meta property=\"og:image:type\" content=\"image\/jpeg\" \/>\n<meta name=\"twitter:card\" content=\"summary_large_image\" \/>\n<script type=\"application\/ld+json\" class=\"yoast-schema-graph\">{\"@context\":\"https:\/\/schema.org\",\"@graph\":[{\"@type\":\"WebPage\",\"@id\":\"https:\/\/www.tradaka.com\/lp\/renovation-energetique\/chauffage\/pompe-a-chaleur\/pompe-a-chaleur-aerothermique\/pompe-a-chaleur-air-air\/avantages-pompe-a-chaleur-air-air\/\",\"url\":\"https:\/\/www.tradaka.com\/lp\/renovation-energetique\/chauffage\/pompe-a-chaleur\/pompe-a-chaleur-aerothermique\/pompe-a-chaleur-air-air\/avantages-pompe-a-chaleur-air-air\/\",\"name\":\"Avantages et inconv\u00e9nients d'une Pompe \u00e0 chaleur Air air - Tradaka\",\"isPartOf\":{\"@id\":\"https:\/\/www.tradaka.com\/lp\/#website\"},\"primaryImageOfPage\":{\"@id\":\"https:\/\/www.tradaka.com\/lp\/renovation-energetique\/chauffage\/pompe-a-chaleur\/pompe-a-chaleur-aerothermique\/pompe-a-chaleur-air-air\/avantages-pompe-a-chaleur-air-air\/#primaryimage\"},\"image\":{\"@id\":\"https:\/\/www.tradaka.com\/lp\/renovation-energetique\/chauffage\/pompe-a-chaleur\/pompe-a-chaleur-aerothermique\/pompe-a-chaleur-air-air\/avantages-pompe-a-chaleur-air-air\/#primaryimage\"},\"thumbnailUrl\":\"https:\/\/www.tradaka.com\/lp\/wp-content\/uploads\/2023\/09\/iStock-1075473070.jpg\",\"datePublished\":\"2023-09-11T16:52:32+00:00\",\"description\":\"Vous \u00eates \u00e0 la recherche d'informations & conseils sur les avantages de la pompe \u00e0 chaleur air-air ? Airko vous accompagne dans vos d\u00e9marches pour r\u00e9aliser des \u00e9conomies d'\u00e9nergies\",\"breadcrumb\":{\"@id\":\"https:\/\/www.tradaka.com\/lp\/renovation-energetique\/chauffage\/pompe-a-chaleur\/pompe-a-chaleur-aerothermique\/pompe-a-chaleur-air-air\/avantages-pompe-a-chaleur-air-air\/#breadcrumb\"},\"inLanguage\":\"fr-FR\",\"potentialAction\":[{\"@type\":\"ReadAction\",\"target\":[\"https:\/\/www.tradaka.com\/lp\/renovation-energetique\/chauffage\/pompe-a-chaleur\/pompe-a-chaleur-aerothermique\/pompe-a-chaleur-air-air\/avantages-pompe-a-chaleur-air-air\/\"]}]},{\"@type\":\"ImageObject\",\"inLanguage\":\"fr-FR\",\"@id\":\"https:\/\/www.tradaka.com\/lp\/renovation-energetique\/chauffage\/pompe-a-chaleur\/pompe-a-chaleur-aerothermique\/pompe-a-chaleur-air-air\/avantages-pompe-a-chaleur-air-air\/#primaryimage\",\"url\":\"https:\/\/www.tradaka.com\/lp\/wp-content\/uploads\/2023\/09\/iStock-1075473070.jpg\",\"contentUrl\":\"https:\/\/www.tradaka.com\/lp\/wp-content\/uploads\/2023\/09\/iStock-1075473070.jpg\",\"width\":1448,\"height\":724,\"caption\":\"avantages-pompe-a-chaleur-air-air\"},{\"@type\":\"BreadcrumbList\",\"@id\":\"https:\/\/www.tradaka.com\/lp\/renovation-energetique\/chauffage\/pompe-a-chaleur\/pompe-a-chaleur-aerothermique\/pompe-a-chaleur-air-air\/avantages-pompe-a-chaleur-air-air\/#breadcrumb\",\"itemListElement\":[{\"@type\":\"ListItem\",\"position\":1,\"name\":\"Renovation \u00e9nerg\u00e9tique\",\"item\":\"https:\/\/www.tradaka.com\/lp\/renovation-energetique\/\"},{\"@type\":\"ListItem\",\"position\":2,\"name\":\"Chauffage\",\"item\":\"https:\/\/www.tradaka.com\/lp\/renovation-energetique\/chauffage\/\"},{\"@type\":\"ListItem\",\"position\":3,\"name\":\"Pompe \u00e0 chaleur\",\"item\":\"https:\/\/www.tradaka.com\/lp\/renovation-energetique\/chauffage\/pompe-a-chaleur\/\"},{\"@type\":\"ListItem\",\"position\":4,\"name\":\"Pompe \u00e0 chaleur a\u00e9rothermique\",\"item\":\"https:\/\/www.tradaka.com\/lp\/renovation-energetique\/chauffage\/pompe-a-chaleur\/pompe-a-chaleur-aerothermique\/\"},{\"@type\":\"ListItem\",\"position\":5,\"name\":\"Pompe \u00e0 chaleur Air Air\",\"item\":\"https:\/\/www.tradaka.com\/lp\/renovation-energetique\/chauffage\/pompe-a-chaleur\/pompe-a-chaleur-aerothermique\/pompe-a-chaleur-air-air\/\"},{\"@type\":\"ListItem\",\"position\":6,\"name\":\"Avantages et inconv\u00e9nients d&rsquo;une Pompe \u00e0 chaleur Air air\"}]},{\"@type\":\"WebSite\",\"@id\":\"https:\/\/www.tradaka.com\/lp\/#website\",\"url\":\"https:\/\/www.tradaka.com\/lp\/\",\"name\":\"Tradaka\",\"description\":\"\",\"publisher\":{\"@id\":\"https:\/\/www.tradaka.com\/lp\/#organization\"},\"potentialAction\":[{\"@type\":\"SearchAction\",\"target\":{\"@type\":\"EntryPoint\",\"urlTemplate\":\"https:\/\/www.tradaka.com\/lp\/?s={search_term_string}\"},\"query-input\":{\"@type\":\"PropertyValueSpecification\",\"valueRequired\":true,\"valueName\":\"search_term_string\"}}],\"inLanguage\":\"fr-FR\"},{\"@type\":\"Organization\",\"@id\":\"https:\/\/www.tradaka.com\/lp\/#organization\",\"name\":\"Tradaka\",\"url\":\"https:\/\/www.tradaka.com\/lp\/\",\"logo\":{\"@type\":\"ImageObject\",\"inLanguage\":\"fr-FR\",\"@id\":\"https:\/\/www.tradaka.com\/lp\/#\/schema\/logo\/image\/\",\"url\":\"https:\/\/www.tradaka.com\/lp\/wp-content\/uploads\/2023\/09\/Logo-AIRKO.png\",\"contentUrl\":\"https:\/\/www.tradaka.com\/lp\/wp-content\/uploads\/2023\/09\/Logo-AIRKO.png\",\"width\":223,\"height\":57,\"caption\":\"Tradaka\"},\"image\":{\"@id\":\"https:\/\/www.tradaka.com\/lp\/#\/schema\/logo\/image\/\"}}]}<\/script>\n<!-- \/ Yoast SEO plugin. -->","yoast_head_json":{"title":"Avantages et inconv\u00e9nients d'une Pompe \u00e0 chaleur Air air - Tradaka","description":"Vous \u00eates \u00e0 la recherche d'informations & conseils sur les avantages de la pompe \u00e0 chaleur air-air ? Airko vous accompagne dans vos d\u00e9marches pour r\u00e9aliser des \u00e9conomies d'\u00e9nergies","robots":{"index":"noindex","follow":"follow","max-snippet":"max-snippet:-1","max-image-preview":"max-image-preview:large","max-video-preview":"max-video-preview:-1"},"og_locale":"fr_FR","og_type":"article","og_title":"Avantages et inconv\u00e9nients d'une Pompe \u00e0 chaleur Air air - Tradaka","og_description":"Vous \u00eates \u00e0 la recherche d'informations & conseils sur les avantages de la pompe \u00e0 chaleur air-air ? Airko vous accompagne dans vos d\u00e9marches pour r\u00e9aliser des \u00e9conomies d'\u00e9nergies","og_url":"https:\/\/www.tradaka.com\/lp\/renovation-energetique\/chauffage\/pompe-a-chaleur\/pompe-a-chaleur-aerothermique\/pompe-a-chaleur-air-air\/avantages-pompe-a-chaleur-air-air\/","og_site_name":"Tradaka","og_image":[{"width":1448,"height":724,"url":"https:\/\/www.tradaka.com\/lp\/wp-content\/uploads\/2023\/09\/iStock-1075473070.jpg","type":"image\/jpeg"}],"twitter_card":"summary_large_image","schema":{"@context":"https:\/\/schema.org","@graph":[{"@type":"WebPage","@id":"https:\/\/www.tradaka.com\/lp\/renovation-energetique\/chauffage\/pompe-a-chaleur\/pompe-a-chaleur-aerothermique\/pompe-a-chaleur-air-air\/avantages-pompe-a-chaleur-air-air\/","url":"https:\/\/www.tradaka.com\/lp\/renovation-energetique\/chauffage\/pompe-a-chaleur\/pompe-a-chaleur-aerothermique\/pompe-a-chaleur-air-air\/avantages-pompe-a-chaleur-air-air\/","name":"Avantages et inconv\u00e9nients d'une Pompe \u00e0 chaleur Air air - Tradaka","isPartOf":{"@id":"https:\/\/www.tradaka.com\/lp\/#website"},"primaryImageOfPage":{"@id":"https:\/\/www.tradaka.com\/lp\/renovation-energetique\/chauffage\/pompe-a-chaleur\/pompe-a-chaleur-aerothermique\/pompe-a-chaleur-air-air\/avantages-pompe-a-chaleur-air-air\/#primaryimage"},"image":{"@id":"https:\/\/www.tradaka.com\/lp\/renovation-energetique\/chauffage\/pompe-a-chaleur\/pompe-a-chaleur-aerothermique\/pompe-a-chaleur-air-air\/avantages-pompe-a-chaleur-air-air\/#primaryimage"},"thumbnailUrl":"https:\/\/www.tradaka.com\/lp\/wp-content\/uploads\/2023\/09\/iStock-1075473070.jpg","datePublished":"2023-09-11T16:52:32+00:00","description":"Vous \u00eates \u00e0 la recherche d'informations & conseils sur les avantages de la pompe \u00e0 chaleur air-air ? Airko vous accompagne dans vos d\u00e9marches pour r\u00e9aliser des \u00e9conomies d'\u00e9nergies","breadcrumb":{"@id":"https:\/\/www.tradaka.com\/lp\/renovation-energetique\/chauffage\/pompe-a-chaleur\/pompe-a-chaleur-aerothermique\/pompe-a-chaleur-air-air\/avantages-pompe-a-chaleur-air-air\/#breadcrumb"},"inLanguage":"fr-FR","potentialAction":[{"@type":"ReadAction","target":["https:\/\/www.tradaka.com\/lp\/renovation-energetique\/chauffage\/pompe-a-chaleur\/pompe-a-chaleur-aerothermique\/pompe-a-chaleur-air-air\/avantages-pompe-a-chaleur-air-air\/"]}]},{"@type":"ImageObject","inLanguage":"fr-FR","@id":"https:\/\/www.tradaka.com\/lp\/renovation-energetique\/chauffage\/pompe-a-chaleur\/pompe-a-chaleur-aerothermique\/pompe-a-chaleur-air-air\/avantages-pompe-a-chaleur-air-air\/#primaryimage","url":"https:\/\/www.tradaka.com\/lp\/wp-content\/uploads\/2023\/09\/iStock-1075473070.jpg","contentUrl":"https:\/\/www.tradaka.com\/lp\/wp-content\/uploads\/2023\/09\/iStock-1075473070.jpg","width":1448,"height":724,"caption":"avantages-pompe-a-chaleur-air-air"},{"@type":"BreadcrumbList","@id":"https:\/\/www.tradaka.com\/lp\/renovation-energetique\/chauffage\/pompe-a-chaleur\/pompe-a-chaleur-aerothermique\/pompe-a-chaleur-air-air\/avantages-pompe-a-chaleur-air-air\/#breadcrumb","itemListElement":[{"@type":"ListItem","position":1,"name":"Renovation \u00e9nerg\u00e9tique","item":"https:\/\/www.tradaka.com\/lp\/renovation-energetique\/"},{"@type":"ListItem","position":2,"name":"Chauffage","item":"https:\/\/www.tradaka.com\/lp\/renovation-energetique\/chauffage\/"},{"@type":"ListItem","position":3,"name":"Pompe \u00e0 chaleur","item":"https:\/\/www.tradaka.com\/lp\/renovation-energetique\/chauffage\/pompe-a-chaleur\/"},{"@type":"ListItem","position":4,"name":"Pompe \u00e0 chaleur a\u00e9rothermique","item":"https:\/\/www.tradaka.com\/lp\/renovation-energetique\/chauffage\/pompe-a-chaleur\/pompe-a-chaleur-aerothermique\/"},{"@type":"ListItem","position":5,"name":"Pompe \u00e0 chaleur Air Air","item":"https:\/\/www.tradaka.com\/lp\/renovation-energetique\/chauffage\/pompe-a-chaleur\/pompe-a-chaleur-aerothermique\/pompe-a-chaleur-air-air\/"},{"@type":"ListItem","position":6,"name":"Avantages et inconv\u00e9nients d&rsquo;une Pompe \u00e0 chaleur Air air"}]},{"@type":"WebSite","@id":"https:\/\/www.tradaka.com\/lp\/#website","url":"https:\/\/www.tradaka.com\/lp\/","name":"Tradaka","description":"","publisher":{"@id":"https:\/\/www.tradaka.com\/lp\/#organization"},"potentialAction":[{"@type":"SearchAction","target":{"@type":"EntryPoint","urlTemplate":"https:\/\/www.tradaka.com\/lp\/?s={search_term_string}"},"query-input":{"@type":"PropertyValueSpecification","valueRequired":true,"valueName":"search_term_string"}}],"inLanguage":"fr-FR"},{"@type":"Organization","@id":"https:\/\/www.tradaka.com\/lp\/#organization","name":"Tradaka","url":"https:\/\/www.tradaka.com\/lp\/","logo":{"@type":"ImageObject","inLanguage":"fr-FR","@id":"https:\/\/www.tradaka.com\/lp\/#\/schema\/logo\/image\/","url":"https:\/\/www.tradaka.com\/lp\/wp-content\/uploads\/2023\/09\/Logo-AIRKO.png","contentUrl":"https:\/\/www.tradaka.com\/lp\/wp-content\/uploads\/2023\/09\/Logo-AIRKO.png","width":223,"height":57,"caption":"Tradaka"},"image":{"@id":"https:\/\/www.tradaka.com\/lp\/#\/schema\/logo\/image\/"}}]}},"_links":{"self":[{"href":"https:\/\/www.tradaka.com\/lp\/wp-json\/wp\/v2\/pages\/4087","targetHints":{"allow":["GET"]}}],"collection":[{"href":"https:\/\/www.tradaka.com\/lp\/wp-json\/wp\/v2\/pages"}],"about":[{"href":"https:\/\/www.tradaka.com\/lp\/wp-json\/wp\/v2\/types\/page"}],"author":[{"embeddable":true,"href":"https:\/\/www.tradaka.com\/lp\/wp-json\/wp\/v2\/users\/2"}],"replies":[{"embeddable":true,"href":"https:\/\/www.tradaka.com\/lp\/wp-json\/wp\/v2\/comments?post=4087"}],"version-history":[{"count":2,"href":"https:\/\/www.tradaka.com\/lp\/wp-json\/wp\/v2\/pages\/4087\/revisions"}],"predecessor-version":[{"id":4090,"href":"https:\/\/www.tradaka.com\/lp\/wp-json\/wp\/v2\/pages\/4087\/revisions\/4090"}],"up":[{"embeddable":true,"href":"https:\/\/www.tradaka.com\/lp\/wp-json\/wp\/v2\/pages\/681"}],"wp:featuredmedia":[{"embeddable":true,"href":"https:\/\/www.tradaka.com\/lp\/wp-json\/wp\/v2\/media\/4088"}],"wp:attachment":[{"href":"https:\/\/www.tradaka.com\/lp\/wp-json\/wp\/v2\/media?parent=4087"}],"curies":[{"name":"wp","href":"https:\/\/api.w.org\/{rel}","templated":true}]}}