{"id":3995,"date":"2023-09-11T13:53:50","date_gmt":"2023-09-11T11:53:50","guid":{"rendered":"https:\/\/www.tradaka.com\/lp\/?page_id=3995"},"modified":"2023-09-11T13:55:01","modified_gmt":"2023-09-11T11:55:01","slug":"duree-de-vie-pompe-a-chaleur-air-eau","status":"publish","type":"page","link":"https:\/\/www.tradaka.com\/lp\/renovation-energetique\/chauffage\/pompe-a-chaleur\/pompe-a-chaleur-aerothermique\/pompe-a-chaleur-air-eau\/duree-de-vie-pompe-a-chaleur-air-eau\/","title":{"rendered":"Dur\u00e9e de vie d&rsquo;une Pompe \u00e0 chaleur air-eau : Tout savoir"},"content":{"rendered":"","protected":false},"excerpt":{"rendered":"","protected":false},"author":2,"featured_media":3996,"parent":668,"menu_order":0,"comment_status":"closed","ping_status":"closed","template":"templates\/template-type-edito.php","meta":{"_acf_changed":false,"footnotes":""},"class_list":["post-3995","page","type-page","status-publish","has-post-thumbnail","hentry"],"acf":[],"yoast_head":"<!-- This site is optimized with the Yoast SEO plugin v26.7 - https:\/\/yoast.com\/wordpress\/plugins\/seo\/ -->\n<title>Dur\u00e9e de vie d&#039;une Pompe \u00e0 chaleur air-eau : Tout savoir - Tradaka<\/title>\n<meta name=\"description\" content=\"Vous \u00eates \u00e0 la recherche d&#039;informations &amp; conseils sur la dur\u00e9e de vie de la pompe \u00e0 chaleur air-eau ? Airko vous accompagne dans vos d\u00e9marches pour r\u00e9aliser des \u00e9conomies d&#039;\u00e9nergies !\" \/>\n<meta name=\"robots\" content=\"noindex, follow, max-snippet:-1, max-image-preview:large, max-video-preview:-1\" \/>\n<meta property=\"og:locale\" content=\"fr_FR\" \/>\n<meta property=\"og:type\" content=\"article\" \/>\n<meta property=\"og:title\" content=\"Dur\u00e9e de vie d&#039;une Pompe \u00e0 chaleur air-eau : Tout savoir - Tradaka\" \/>\n<meta property=\"og:description\" content=\"Vous \u00eates \u00e0 la recherche d&#039;informations &amp; conseils sur la dur\u00e9e de vie de la pompe \u00e0 chaleur air-eau ? Airko vous accompagne dans vos d\u00e9marches pour r\u00e9aliser des \u00e9conomies d&#039;\u00e9nergies !\" \/>\n<meta property=\"og:url\" content=\"https:\/\/www.tradaka.com\/lp\/renovation-energetique\/chauffage\/pompe-a-chaleur\/pompe-a-chaleur-aerothermique\/pompe-a-chaleur-air-eau\/duree-de-vie-pompe-a-chaleur-air-eau\/\" \/>\n<meta property=\"og:site_name\" content=\"Tradaka\" \/>\n<meta property=\"article:modified_time\" content=\"2023-09-11T11:55:01+00:00\" \/>\n<meta property=\"og:image\" content=\"https:\/\/www.tradaka.com\/lp\/wp-content\/uploads\/2023\/09\/iStock-1479223504.jpg\" \/>\n\t<meta property=\"og:image:width\" content=\"1183\" \/>\n\t<meta property=\"og:image:height\" content=\"887\" \/>\n\t<meta property=\"og:image:type\" content=\"image\/jpeg\" \/>\n<meta name=\"twitter:card\" content=\"summary_large_image\" \/>\n<script type=\"application\/ld+json\" class=\"yoast-schema-graph\">{\"@context\":\"https:\/\/schema.org\",\"@graph\":[{\"@type\":\"WebPage\",\"@id\":\"https:\/\/www.tradaka.com\/lp\/renovation-energetique\/chauffage\/pompe-a-chaleur\/pompe-a-chaleur-aerothermique\/pompe-a-chaleur-air-eau\/duree-de-vie-pompe-a-chaleur-air-eau\/\",\"url\":\"https:\/\/www.tradaka.com\/lp\/renovation-energetique\/chauffage\/pompe-a-chaleur\/pompe-a-chaleur-aerothermique\/pompe-a-chaleur-air-eau\/duree-de-vie-pompe-a-chaleur-air-eau\/\",\"name\":\"Dur\u00e9e de vie d'une Pompe \u00e0 chaleur air-eau : Tout savoir - Tradaka\",\"isPartOf\":{\"@id\":\"https:\/\/www.tradaka.com\/lp\/#website\"},\"primaryImageOfPage\":{\"@id\":\"https:\/\/www.tradaka.com\/lp\/renovation-energetique\/chauffage\/pompe-a-chaleur\/pompe-a-chaleur-aerothermique\/pompe-a-chaleur-air-eau\/duree-de-vie-pompe-a-chaleur-air-eau\/#primaryimage\"},\"image\":{\"@id\":\"https:\/\/www.tradaka.com\/lp\/renovation-energetique\/chauffage\/pompe-a-chaleur\/pompe-a-chaleur-aerothermique\/pompe-a-chaleur-air-eau\/duree-de-vie-pompe-a-chaleur-air-eau\/#primaryimage\"},\"thumbnailUrl\":\"https:\/\/www.tradaka.com\/lp\/wp-content\/uploads\/2023\/09\/iStock-1479223504.jpg\",\"datePublished\":\"2023-09-11T11:53:50+00:00\",\"dateModified\":\"2023-09-11T11:55:01+00:00\",\"description\":\"Vous \u00eates \u00e0 la recherche d'informations & conseils sur la dur\u00e9e de vie de la pompe \u00e0 chaleur air-eau ? Airko vous accompagne dans vos d\u00e9marches pour r\u00e9aliser des \u00e9conomies d'\u00e9nergies !\",\"breadcrumb\":{\"@id\":\"https:\/\/www.tradaka.com\/lp\/renovation-energetique\/chauffage\/pompe-a-chaleur\/pompe-a-chaleur-aerothermique\/pompe-a-chaleur-air-eau\/duree-de-vie-pompe-a-chaleur-air-eau\/#breadcrumb\"},\"inLanguage\":\"fr-FR\",\"potentialAction\":[{\"@type\":\"ReadAction\",\"target\":[\"https:\/\/www.tradaka.com\/lp\/renovation-energetique\/chauffage\/pompe-a-chaleur\/pompe-a-chaleur-aerothermique\/pompe-a-chaleur-air-eau\/duree-de-vie-pompe-a-chaleur-air-eau\/\"]}]},{\"@type\":\"ImageObject\",\"inLanguage\":\"fr-FR\",\"@id\":\"https:\/\/www.tradaka.com\/lp\/renovation-energetique\/chauffage\/pompe-a-chaleur\/pompe-a-chaleur-aerothermique\/pompe-a-chaleur-air-eau\/duree-de-vie-pompe-a-chaleur-air-eau\/#primaryimage\",\"url\":\"https:\/\/www.tradaka.com\/lp\/wp-content\/uploads\/2023\/09\/iStock-1479223504.jpg\",\"contentUrl\":\"https:\/\/www.tradaka.com\/lp\/wp-content\/uploads\/2023\/09\/iStock-1479223504.jpg\",\"width\":1183,\"height\":887,\"caption\":\"duree-de-vie-pompe-a-chaleur-air-eau\"},{\"@type\":\"BreadcrumbList\",\"@id\":\"https:\/\/www.tradaka.com\/lp\/renovation-energetique\/chauffage\/pompe-a-chaleur\/pompe-a-chaleur-aerothermique\/pompe-a-chaleur-air-eau\/duree-de-vie-pompe-a-chaleur-air-eau\/#breadcrumb\",\"itemListElement\":[{\"@type\":\"ListItem\",\"position\":1,\"name\":\"Renovation \u00e9nerg\u00e9tique\",\"item\":\"https:\/\/www.tradaka.com\/lp\/renovation-energetique\/\"},{\"@type\":\"ListItem\",\"position\":2,\"name\":\"Chauffage\",\"item\":\"https:\/\/www.tradaka.com\/lp\/renovation-energetique\/chauffage\/\"},{\"@type\":\"ListItem\",\"position\":3,\"name\":\"Pompe \u00e0 chaleur\",\"item\":\"https:\/\/www.tradaka.com\/lp\/renovation-energetique\/chauffage\/pompe-a-chaleur\/\"},{\"@type\":\"ListItem\",\"position\":4,\"name\":\"Pompe \u00e0 chaleur a\u00e9rothermique\",\"item\":\"https:\/\/www.tradaka.com\/lp\/renovation-energetique\/chauffage\/pompe-a-chaleur\/pompe-a-chaleur-aerothermique\/\"},{\"@type\":\"ListItem\",\"position\":5,\"name\":\"Pompe \u00e0 chaleur Air Eau\",\"item\":\"https:\/\/www.tradaka.com\/lp\/renovation-energetique\/chauffage\/pompe-a-chaleur\/pompe-a-chaleur-aerothermique\/pompe-a-chaleur-air-eau\/\"},{\"@type\":\"ListItem\",\"position\":6,\"name\":\"Dur\u00e9e de vie d&rsquo;une Pompe \u00e0 chaleur air-eau : Tout savoir\"}]},{\"@type\":\"WebSite\",\"@id\":\"https:\/\/www.tradaka.com\/lp\/#website\",\"url\":\"https:\/\/www.tradaka.com\/lp\/\",\"name\":\"Tradaka\",\"description\":\"\",\"publisher\":{\"@id\":\"https:\/\/www.tradaka.com\/lp\/#organization\"},\"potentialAction\":[{\"@type\":\"SearchAction\",\"target\":{\"@type\":\"EntryPoint\",\"urlTemplate\":\"https:\/\/www.tradaka.com\/lp\/?s={search_term_string}\"},\"query-input\":{\"@type\":\"PropertyValueSpecification\",\"valueRequired\":true,\"valueName\":\"search_term_string\"}}],\"inLanguage\":\"fr-FR\"},{\"@type\":\"Organization\",\"@id\":\"https:\/\/www.tradaka.com\/lp\/#organization\",\"name\":\"Tradaka\",\"url\":\"https:\/\/www.tradaka.com\/lp\/\",\"logo\":{\"@type\":\"ImageObject\",\"inLanguage\":\"fr-FR\",\"@id\":\"https:\/\/www.tradaka.com\/lp\/#\/schema\/logo\/image\/\",\"url\":\"https:\/\/www.tradaka.com\/lp\/wp-content\/uploads\/2023\/09\/Logo-AIRKO.png\",\"contentUrl\":\"https:\/\/www.tradaka.com\/lp\/wp-content\/uploads\/2023\/09\/Logo-AIRKO.png\",\"width\":223,\"height\":57,\"caption\":\"Tradaka\"},\"image\":{\"@id\":\"https:\/\/www.tradaka.com\/lp\/#\/schema\/logo\/image\/\"}}]}<\/script>\n<!-- \/ Yoast SEO plugin. -->","yoast_head_json":{"title":"Dur\u00e9e de vie d'une Pompe \u00e0 chaleur air-eau : Tout savoir - Tradaka","description":"Vous \u00eates \u00e0 la recherche d'informations & conseils sur la dur\u00e9e de vie de la pompe \u00e0 chaleur air-eau ? Airko vous accompagne dans vos d\u00e9marches pour r\u00e9aliser des \u00e9conomies d'\u00e9nergies !","robots":{"index":"noindex","follow":"follow","max-snippet":"max-snippet:-1","max-image-preview":"max-image-preview:large","max-video-preview":"max-video-preview:-1"},"og_locale":"fr_FR","og_type":"article","og_title":"Dur\u00e9e de vie d'une Pompe \u00e0 chaleur air-eau : Tout savoir - Tradaka","og_description":"Vous \u00eates \u00e0 la recherche d'informations & conseils sur la dur\u00e9e de vie de la pompe \u00e0 chaleur air-eau ? Airko vous accompagne dans vos d\u00e9marches pour r\u00e9aliser des \u00e9conomies d'\u00e9nergies !","og_url":"https:\/\/www.tradaka.com\/lp\/renovation-energetique\/chauffage\/pompe-a-chaleur\/pompe-a-chaleur-aerothermique\/pompe-a-chaleur-air-eau\/duree-de-vie-pompe-a-chaleur-air-eau\/","og_site_name":"Tradaka","article_modified_time":"2023-09-11T11:55:01+00:00","og_image":[{"width":1183,"height":887,"url":"https:\/\/www.tradaka.com\/lp\/wp-content\/uploads\/2023\/09\/iStock-1479223504.jpg","type":"image\/jpeg"}],"twitter_card":"summary_large_image","schema":{"@context":"https:\/\/schema.org","@graph":[{"@type":"WebPage","@id":"https:\/\/www.tradaka.com\/lp\/renovation-energetique\/chauffage\/pompe-a-chaleur\/pompe-a-chaleur-aerothermique\/pompe-a-chaleur-air-eau\/duree-de-vie-pompe-a-chaleur-air-eau\/","url":"https:\/\/www.tradaka.com\/lp\/renovation-energetique\/chauffage\/pompe-a-chaleur\/pompe-a-chaleur-aerothermique\/pompe-a-chaleur-air-eau\/duree-de-vie-pompe-a-chaleur-air-eau\/","name":"Dur\u00e9e de vie d'une Pompe \u00e0 chaleur air-eau : Tout savoir - Tradaka","isPartOf":{"@id":"https:\/\/www.tradaka.com\/lp\/#website"},"primaryImageOfPage":{"@id":"https:\/\/www.tradaka.com\/lp\/renovation-energetique\/chauffage\/pompe-a-chaleur\/pompe-a-chaleur-aerothermique\/pompe-a-chaleur-air-eau\/duree-de-vie-pompe-a-chaleur-air-eau\/#primaryimage"},"image":{"@id":"https:\/\/www.tradaka.com\/lp\/renovation-energetique\/chauffage\/pompe-a-chaleur\/pompe-a-chaleur-aerothermique\/pompe-a-chaleur-air-eau\/duree-de-vie-pompe-a-chaleur-air-eau\/#primaryimage"},"thumbnailUrl":"https:\/\/www.tradaka.com\/lp\/wp-content\/uploads\/2023\/09\/iStock-1479223504.jpg","datePublished":"2023-09-11T11:53:50+00:00","dateModified":"2023-09-11T11:55:01+00:00","description":"Vous \u00eates \u00e0 la recherche d'informations & conseils sur la dur\u00e9e de vie de la pompe \u00e0 chaleur air-eau ? Airko vous accompagne dans vos d\u00e9marches pour r\u00e9aliser des \u00e9conomies d'\u00e9nergies !","breadcrumb":{"@id":"https:\/\/www.tradaka.com\/lp\/renovation-energetique\/chauffage\/pompe-a-chaleur\/pompe-a-chaleur-aerothermique\/pompe-a-chaleur-air-eau\/duree-de-vie-pompe-a-chaleur-air-eau\/#breadcrumb"},"inLanguage":"fr-FR","potentialAction":[{"@type":"ReadAction","target":["https:\/\/www.tradaka.com\/lp\/renovation-energetique\/chauffage\/pompe-a-chaleur\/pompe-a-chaleur-aerothermique\/pompe-a-chaleur-air-eau\/duree-de-vie-pompe-a-chaleur-air-eau\/"]}]},{"@type":"ImageObject","inLanguage":"fr-FR","@id":"https:\/\/www.tradaka.com\/lp\/renovation-energetique\/chauffage\/pompe-a-chaleur\/pompe-a-chaleur-aerothermique\/pompe-a-chaleur-air-eau\/duree-de-vie-pompe-a-chaleur-air-eau\/#primaryimage","url":"https:\/\/www.tradaka.com\/lp\/wp-content\/uploads\/2023\/09\/iStock-1479223504.jpg","contentUrl":"https:\/\/www.tradaka.com\/lp\/wp-content\/uploads\/2023\/09\/iStock-1479223504.jpg","width":1183,"height":887,"caption":"duree-de-vie-pompe-a-chaleur-air-eau"},{"@type":"BreadcrumbList","@id":"https:\/\/www.tradaka.com\/lp\/renovation-energetique\/chauffage\/pompe-a-chaleur\/pompe-a-chaleur-aerothermique\/pompe-a-chaleur-air-eau\/duree-de-vie-pompe-a-chaleur-air-eau\/#breadcrumb","itemListElement":[{"@type":"ListItem","position":1,"name":"Renovation \u00e9nerg\u00e9tique","item":"https:\/\/www.tradaka.com\/lp\/renovation-energetique\/"},{"@type":"ListItem","position":2,"name":"Chauffage","item":"https:\/\/www.tradaka.com\/lp\/renovation-energetique\/chauffage\/"},{"@type":"ListItem","position":3,"name":"Pompe \u00e0 chaleur","item":"https:\/\/www.tradaka.com\/lp\/renovation-energetique\/chauffage\/pompe-a-chaleur\/"},{"@type":"ListItem","position":4,"name":"Pompe \u00e0 chaleur a\u00e9rothermique","item":"https:\/\/www.tradaka.com\/lp\/renovation-energetique\/chauffage\/pompe-a-chaleur\/pompe-a-chaleur-aerothermique\/"},{"@type":"ListItem","position":5,"name":"Pompe \u00e0 chaleur Air Eau","item":"https:\/\/www.tradaka.com\/lp\/renovation-energetique\/chauffage\/pompe-a-chaleur\/pompe-a-chaleur-aerothermique\/pompe-a-chaleur-air-eau\/"},{"@type":"ListItem","position":6,"name":"Dur\u00e9e de vie d&rsquo;une Pompe \u00e0 chaleur air-eau : Tout savoir"}]},{"@type":"WebSite","@id":"https:\/\/www.tradaka.com\/lp\/#website","url":"https:\/\/www.tradaka.com\/lp\/","name":"Tradaka","description":"","publisher":{"@id":"https:\/\/www.tradaka.com\/lp\/#organization"},"potentialAction":[{"@type":"SearchAction","target":{"@type":"EntryPoint","urlTemplate":"https:\/\/www.tradaka.com\/lp\/?s={search_term_string}"},"query-input":{"@type":"PropertyValueSpecification","valueRequired":true,"valueName":"search_term_string"}}],"inLanguage":"fr-FR"},{"@type":"Organization","@id":"https:\/\/www.tradaka.com\/lp\/#organization","name":"Tradaka","url":"https:\/\/www.tradaka.com\/lp\/","logo":{"@type":"ImageObject","inLanguage":"fr-FR","@id":"https:\/\/www.tradaka.com\/lp\/#\/schema\/logo\/image\/","url":"https:\/\/www.tradaka.com\/lp\/wp-content\/uploads\/2023\/09\/Logo-AIRKO.png","contentUrl":"https:\/\/www.tradaka.com\/lp\/wp-content\/uploads\/2023\/09\/Logo-AIRKO.png","width":223,"height":57,"caption":"Tradaka"},"image":{"@id":"https:\/\/www.tradaka.com\/lp\/#\/schema\/logo\/image\/"}}]}},"_links":{"self":[{"href":"https:\/\/www.tradaka.com\/lp\/wp-json\/wp\/v2\/pages\/3995","targetHints":{"allow":["GET"]}}],"collection":[{"href":"https:\/\/www.tradaka.com\/lp\/wp-json\/wp\/v2\/pages"}],"about":[{"href":"https:\/\/www.tradaka.com\/lp\/wp-json\/wp\/v2\/types\/page"}],"author":[{"embeddable":true,"href":"https:\/\/www.tradaka.com\/lp\/wp-json\/wp\/v2\/users\/2"}],"replies":[{"embeddable":true,"href":"https:\/\/www.tradaka.com\/lp\/wp-json\/wp\/v2\/comments?post=3995"}],"version-history":[{"count":5,"href":"https:\/\/www.tradaka.com\/lp\/wp-json\/wp\/v2\/pages\/3995\/revisions"}],"predecessor-version":[{"id":4001,"href":"https:\/\/www.tradaka.com\/lp\/wp-json\/wp\/v2\/pages\/3995\/revisions\/4001"}],"up":[{"embeddable":true,"href":"https:\/\/www.tradaka.com\/lp\/wp-json\/wp\/v2\/pages\/668"}],"wp:featuredmedia":[{"embeddable":true,"href":"https:\/\/www.tradaka.com\/lp\/wp-json\/wp\/v2\/media\/3996"}],"wp:attachment":[{"href":"https:\/\/www.tradaka.com\/lp\/wp-json\/wp\/v2\/media?parent=3995"}],"curies":[{"name":"wp","href":"https:\/\/api.w.org\/{rel}","templated":true}]}}