{"id":3854,"date":"2023-09-06T17:49:37","date_gmt":"2023-09-06T15:49:37","guid":{"rendered":"https:\/\/www.tradaka.com\/lp\/?page_id=3854"},"modified":"2023-09-06T17:49:37","modified_gmt":"2023-09-06T15:49:37","slug":"installer-poele-a-bois","status":"publish","type":"page","link":"https:\/\/www.tradaka.com\/lp\/renovation-energetique\/chauffage\/poele\/poele-a-bois\/installer-poele-a-bois\/","title":{"rendered":"Installation Po\u00eale \u00e0 bois : Comment faire ?"},"content":{"rendered":"","protected":false},"excerpt":{"rendered":"","protected":false},"author":2,"featured_media":3857,"parent":1117,"menu_order":0,"comment_status":"closed","ping_status":"closed","template":"templates\/template-type-edito.php","meta":{"_acf_changed":false,"footnotes":""},"class_list":["post-3854","page","type-page","status-publish","has-post-thumbnail","hentry"],"acf":[],"yoast_head":"<!-- This site is optimized with the Yoast SEO plugin v26.7 - https:\/\/yoast.com\/wordpress\/plugins\/seo\/ -->\n<title>Installation Po\u00eale \u00e0 bois : Comment faire ? - Tradaka<\/title>\n<meta name=\"description\" content=\"Vous \u00eates \u00e0 la recherche d&#039;informations &amp; conseils sur l&#039;installation de po\u00eale \u00e0 bois ? Airko vous accompagne dans vos d\u00e9marches pour r\u00e9aliser des \u00e9conomies d&#039;\u00e9nergies !\" \/>\n<meta name=\"robots\" content=\"noindex, follow, max-snippet:-1, max-image-preview:large, max-video-preview:-1\" \/>\n<meta property=\"og:locale\" content=\"fr_FR\" \/>\n<meta property=\"og:type\" content=\"article\" \/>\n<meta property=\"og:title\" content=\"Installation Po\u00eale \u00e0 bois : Comment faire ? - Tradaka\" \/>\n<meta property=\"og:description\" content=\"Vous \u00eates \u00e0 la recherche d&#039;informations &amp; conseils sur l&#039;installation de po\u00eale \u00e0 bois ? Airko vous accompagne dans vos d\u00e9marches pour r\u00e9aliser des \u00e9conomies d&#039;\u00e9nergies !\" \/>\n<meta property=\"og:url\" content=\"https:\/\/www.tradaka.com\/lp\/renovation-energetique\/chauffage\/poele\/poele-a-bois\/installer-poele-a-bois\/\" \/>\n<meta property=\"og:site_name\" content=\"Tradaka\" \/>\n<meta property=\"og:image\" content=\"https:\/\/www.tradaka.com\/lp\/wp-content\/uploads\/2023\/09\/iStock-1135929210.jpg\" \/>\n\t<meta property=\"og:image:width\" content=\"1254\" \/>\n\t<meta property=\"og:image:height\" content=\"836\" \/>\n\t<meta property=\"og:image:type\" content=\"image\/jpeg\" \/>\n<meta name=\"twitter:card\" content=\"summary_large_image\" \/>\n<script type=\"application\/ld+json\" class=\"yoast-schema-graph\">{\"@context\":\"https:\/\/schema.org\",\"@graph\":[{\"@type\":\"WebPage\",\"@id\":\"https:\/\/www.tradaka.com\/lp\/renovation-energetique\/chauffage\/poele\/poele-a-bois\/installer-poele-a-bois\/\",\"url\":\"https:\/\/www.tradaka.com\/lp\/renovation-energetique\/chauffage\/poele\/poele-a-bois\/installer-poele-a-bois\/\",\"name\":\"Installation Po\u00eale \u00e0 bois : Comment faire ? - Tradaka\",\"isPartOf\":{\"@id\":\"https:\/\/www.tradaka.com\/lp\/#website\"},\"primaryImageOfPage\":{\"@id\":\"https:\/\/www.tradaka.com\/lp\/renovation-energetique\/chauffage\/poele\/poele-a-bois\/installer-poele-a-bois\/#primaryimage\"},\"image\":{\"@id\":\"https:\/\/www.tradaka.com\/lp\/renovation-energetique\/chauffage\/poele\/poele-a-bois\/installer-poele-a-bois\/#primaryimage\"},\"thumbnailUrl\":\"https:\/\/www.tradaka.com\/lp\/wp-content\/uploads\/2023\/09\/iStock-1135929210.jpg\",\"datePublished\":\"2023-09-06T15:49:37+00:00\",\"description\":\"Vous \u00eates \u00e0 la recherche d'informations & conseils sur l'installation de po\u00eale \u00e0 bois ? Airko vous accompagne dans vos d\u00e9marches pour r\u00e9aliser des \u00e9conomies d'\u00e9nergies !\",\"breadcrumb\":{\"@id\":\"https:\/\/www.tradaka.com\/lp\/renovation-energetique\/chauffage\/poele\/poele-a-bois\/installer-poele-a-bois\/#breadcrumb\"},\"inLanguage\":\"fr-FR\",\"potentialAction\":[{\"@type\":\"ReadAction\",\"target\":[\"https:\/\/www.tradaka.com\/lp\/renovation-energetique\/chauffage\/poele\/poele-a-bois\/installer-poele-a-bois\/\"]}]},{\"@type\":\"ImageObject\",\"inLanguage\":\"fr-FR\",\"@id\":\"https:\/\/www.tradaka.com\/lp\/renovation-energetique\/chauffage\/poele\/poele-a-bois\/installer-poele-a-bois\/#primaryimage\",\"url\":\"https:\/\/www.tradaka.com\/lp\/wp-content\/uploads\/2023\/09\/iStock-1135929210.jpg\",\"contentUrl\":\"https:\/\/www.tradaka.com\/lp\/wp-content\/uploads\/2023\/09\/iStock-1135929210.jpg\",\"width\":1254,\"height\":836,\"caption\":\"installer-poele-a-bois\"},{\"@type\":\"BreadcrumbList\",\"@id\":\"https:\/\/www.tradaka.com\/lp\/renovation-energetique\/chauffage\/poele\/poele-a-bois\/installer-poele-a-bois\/#breadcrumb\",\"itemListElement\":[{\"@type\":\"ListItem\",\"position\":1,\"name\":\"Renovation \u00e9nerg\u00e9tique\",\"item\":\"https:\/\/www.tradaka.com\/lp\/renovation-energetique\/\"},{\"@type\":\"ListItem\",\"position\":2,\"name\":\"Chauffage\",\"item\":\"https:\/\/www.tradaka.com\/lp\/renovation-energetique\/chauffage\/\"},{\"@type\":\"ListItem\",\"position\":3,\"name\":\"Po\u00eale\",\"item\":\"https:\/\/www.tradaka.com\/lp\/renovation-energetique\/chauffage\/poele\/\"},{\"@type\":\"ListItem\",\"position\":4,\"name\":\"Po\u00eale \u00e0 bois\",\"item\":\"https:\/\/www.tradaka.com\/lp\/renovation-energetique\/chauffage\/poele\/poele-a-bois\/\"},{\"@type\":\"ListItem\",\"position\":5,\"name\":\"Installation Po\u00eale \u00e0 bois : Comment faire ?\"}]},{\"@type\":\"WebSite\",\"@id\":\"https:\/\/www.tradaka.com\/lp\/#website\",\"url\":\"https:\/\/www.tradaka.com\/lp\/\",\"name\":\"Tradaka\",\"description\":\"\",\"publisher\":{\"@id\":\"https:\/\/www.tradaka.com\/lp\/#organization\"},\"potentialAction\":[{\"@type\":\"SearchAction\",\"target\":{\"@type\":\"EntryPoint\",\"urlTemplate\":\"https:\/\/www.tradaka.com\/lp\/?s={search_term_string}\"},\"query-input\":{\"@type\":\"PropertyValueSpecification\",\"valueRequired\":true,\"valueName\":\"search_term_string\"}}],\"inLanguage\":\"fr-FR\"},{\"@type\":\"Organization\",\"@id\":\"https:\/\/www.tradaka.com\/lp\/#organization\",\"name\":\"Tradaka\",\"url\":\"https:\/\/www.tradaka.com\/lp\/\",\"logo\":{\"@type\":\"ImageObject\",\"inLanguage\":\"fr-FR\",\"@id\":\"https:\/\/www.tradaka.com\/lp\/#\/schema\/logo\/image\/\",\"url\":\"https:\/\/www.tradaka.com\/lp\/wp-content\/uploads\/2023\/09\/Logo-AIRKO.png\",\"contentUrl\":\"https:\/\/www.tradaka.com\/lp\/wp-content\/uploads\/2023\/09\/Logo-AIRKO.png\",\"width\":223,\"height\":57,\"caption\":\"Tradaka\"},\"image\":{\"@id\":\"https:\/\/www.tradaka.com\/lp\/#\/schema\/logo\/image\/\"}}]}<\/script>\n<!-- \/ Yoast SEO plugin. -->","yoast_head_json":{"title":"Installation Po\u00eale \u00e0 bois : Comment faire ? - Tradaka","description":"Vous \u00eates \u00e0 la recherche d'informations & conseils sur l'installation de po\u00eale \u00e0 bois ? Airko vous accompagne dans vos d\u00e9marches pour r\u00e9aliser des \u00e9conomies d'\u00e9nergies !","robots":{"index":"noindex","follow":"follow","max-snippet":"max-snippet:-1","max-image-preview":"max-image-preview:large","max-video-preview":"max-video-preview:-1"},"og_locale":"fr_FR","og_type":"article","og_title":"Installation Po\u00eale \u00e0 bois : Comment faire ? - Tradaka","og_description":"Vous \u00eates \u00e0 la recherche d'informations & conseils sur l'installation de po\u00eale \u00e0 bois ? Airko vous accompagne dans vos d\u00e9marches pour r\u00e9aliser des \u00e9conomies d'\u00e9nergies !","og_url":"https:\/\/www.tradaka.com\/lp\/renovation-energetique\/chauffage\/poele\/poele-a-bois\/installer-poele-a-bois\/","og_site_name":"Tradaka","og_image":[{"width":1254,"height":836,"url":"https:\/\/www.tradaka.com\/lp\/wp-content\/uploads\/2023\/09\/iStock-1135929210.jpg","type":"image\/jpeg"}],"twitter_card":"summary_large_image","schema":{"@context":"https:\/\/schema.org","@graph":[{"@type":"WebPage","@id":"https:\/\/www.tradaka.com\/lp\/renovation-energetique\/chauffage\/poele\/poele-a-bois\/installer-poele-a-bois\/","url":"https:\/\/www.tradaka.com\/lp\/renovation-energetique\/chauffage\/poele\/poele-a-bois\/installer-poele-a-bois\/","name":"Installation Po\u00eale \u00e0 bois : Comment faire ? - Tradaka","isPartOf":{"@id":"https:\/\/www.tradaka.com\/lp\/#website"},"primaryImageOfPage":{"@id":"https:\/\/www.tradaka.com\/lp\/renovation-energetique\/chauffage\/poele\/poele-a-bois\/installer-poele-a-bois\/#primaryimage"},"image":{"@id":"https:\/\/www.tradaka.com\/lp\/renovation-energetique\/chauffage\/poele\/poele-a-bois\/installer-poele-a-bois\/#primaryimage"},"thumbnailUrl":"https:\/\/www.tradaka.com\/lp\/wp-content\/uploads\/2023\/09\/iStock-1135929210.jpg","datePublished":"2023-09-06T15:49:37+00:00","description":"Vous \u00eates \u00e0 la recherche d'informations & conseils sur l'installation de po\u00eale \u00e0 bois ? Airko vous accompagne dans vos d\u00e9marches pour r\u00e9aliser des \u00e9conomies d'\u00e9nergies !","breadcrumb":{"@id":"https:\/\/www.tradaka.com\/lp\/renovation-energetique\/chauffage\/poele\/poele-a-bois\/installer-poele-a-bois\/#breadcrumb"},"inLanguage":"fr-FR","potentialAction":[{"@type":"ReadAction","target":["https:\/\/www.tradaka.com\/lp\/renovation-energetique\/chauffage\/poele\/poele-a-bois\/installer-poele-a-bois\/"]}]},{"@type":"ImageObject","inLanguage":"fr-FR","@id":"https:\/\/www.tradaka.com\/lp\/renovation-energetique\/chauffage\/poele\/poele-a-bois\/installer-poele-a-bois\/#primaryimage","url":"https:\/\/www.tradaka.com\/lp\/wp-content\/uploads\/2023\/09\/iStock-1135929210.jpg","contentUrl":"https:\/\/www.tradaka.com\/lp\/wp-content\/uploads\/2023\/09\/iStock-1135929210.jpg","width":1254,"height":836,"caption":"installer-poele-a-bois"},{"@type":"BreadcrumbList","@id":"https:\/\/www.tradaka.com\/lp\/renovation-energetique\/chauffage\/poele\/poele-a-bois\/installer-poele-a-bois\/#breadcrumb","itemListElement":[{"@type":"ListItem","position":1,"name":"Renovation \u00e9nerg\u00e9tique","item":"https:\/\/www.tradaka.com\/lp\/renovation-energetique\/"},{"@type":"ListItem","position":2,"name":"Chauffage","item":"https:\/\/www.tradaka.com\/lp\/renovation-energetique\/chauffage\/"},{"@type":"ListItem","position":3,"name":"Po\u00eale","item":"https:\/\/www.tradaka.com\/lp\/renovation-energetique\/chauffage\/poele\/"},{"@type":"ListItem","position":4,"name":"Po\u00eale \u00e0 bois","item":"https:\/\/www.tradaka.com\/lp\/renovation-energetique\/chauffage\/poele\/poele-a-bois\/"},{"@type":"ListItem","position":5,"name":"Installation Po\u00eale \u00e0 bois : Comment faire ?"}]},{"@type":"WebSite","@id":"https:\/\/www.tradaka.com\/lp\/#website","url":"https:\/\/www.tradaka.com\/lp\/","name":"Tradaka","description":"","publisher":{"@id":"https:\/\/www.tradaka.com\/lp\/#organization"},"potentialAction":[{"@type":"SearchAction","target":{"@type":"EntryPoint","urlTemplate":"https:\/\/www.tradaka.com\/lp\/?s={search_term_string}"},"query-input":{"@type":"PropertyValueSpecification","valueRequired":true,"valueName":"search_term_string"}}],"inLanguage":"fr-FR"},{"@type":"Organization","@id":"https:\/\/www.tradaka.com\/lp\/#organization","name":"Tradaka","url":"https:\/\/www.tradaka.com\/lp\/","logo":{"@type":"ImageObject","inLanguage":"fr-FR","@id":"https:\/\/www.tradaka.com\/lp\/#\/schema\/logo\/image\/","url":"https:\/\/www.tradaka.com\/lp\/wp-content\/uploads\/2023\/09\/Logo-AIRKO.png","contentUrl":"https:\/\/www.tradaka.com\/lp\/wp-content\/uploads\/2023\/09\/Logo-AIRKO.png","width":223,"height":57,"caption":"Tradaka"},"image":{"@id":"https:\/\/www.tradaka.com\/lp\/#\/schema\/logo\/image\/"}}]}},"_links":{"self":[{"href":"https:\/\/www.tradaka.com\/lp\/wp-json\/wp\/v2\/pages\/3854","targetHints":{"allow":["GET"]}}],"collection":[{"href":"https:\/\/www.tradaka.com\/lp\/wp-json\/wp\/v2\/pages"}],"about":[{"href":"https:\/\/www.tradaka.com\/lp\/wp-json\/wp\/v2\/types\/page"}],"author":[{"embeddable":true,"href":"https:\/\/www.tradaka.com\/lp\/wp-json\/wp\/v2\/users\/2"}],"replies":[{"embeddable":true,"href":"https:\/\/www.tradaka.com\/lp\/wp-json\/wp\/v2\/comments?post=3854"}],"version-history":[{"count":2,"href":"https:\/\/www.tradaka.com\/lp\/wp-json\/wp\/v2\/pages\/3854\/revisions"}],"predecessor-version":[{"id":3862,"href":"https:\/\/www.tradaka.com\/lp\/wp-json\/wp\/v2\/pages\/3854\/revisions\/3862"}],"up":[{"embeddable":true,"href":"https:\/\/www.tradaka.com\/lp\/wp-json\/wp\/v2\/pages\/1117"}],"wp:featuredmedia":[{"embeddable":true,"href":"https:\/\/www.tradaka.com\/lp\/wp-json\/wp\/v2\/media\/3857"}],"wp:attachment":[{"href":"https:\/\/www.tradaka.com\/lp\/wp-json\/wp\/v2\/media?parent=3854"}],"curies":[{"name":"wp","href":"https:\/\/api.w.org\/{rel}","templated":true}]}}