{"id":3249,"date":"2023-08-16T14:20:28","date_gmt":"2023-08-16T12:20:28","guid":{"rendered":"https:\/\/www.tradaka.com\/lp\/?page_id=3249"},"modified":"2023-08-19T15:06:54","modified_gmt":"2023-08-19T13:06:54","slug":"inos-guides-sur-lsolation-thermique","status":"publish","type":"page","link":"https:\/\/www.tradaka.com\/lp\/inos-guides-sur-lsolation-thermique\/","title":{"rendered":"Nos guides sur l&rsquo;isolation thermique"},"content":{"rendered":"","protected":false},"excerpt":{"rendered":"","protected":false},"author":4,"featured_media":3443,"parent":0,"menu_order":0,"comment_status":"closed","ping_status":"closed","template":"templates\/template-liste-services.php","meta":{"_acf_changed":false,"footnotes":""},"class_list":["post-3249","page","type-page","status-publish","has-post-thumbnail","hentry"],"acf":[],"yoast_head":"<!-- This site is optimized with the Yoast SEO plugin v26.7 - https:\/\/yoast.com\/wordpress\/plugins\/seo\/ -->\n<title>Nos guides sur l&#039;isolation thermique - Tradaka<\/title>\n<meta name=\"description\" content=\"Vous \u00eates \u00e0 la recherche d&#039;informations &amp; conseils sur l&#039;isolation thermique ? Airko vous accompagne dans vos d\u00e9marches pour r\u00e9aliser des \u00e9conomies d&#039;\u00e9nergies\" \/>\n<meta name=\"robots\" content=\"noindex, follow, max-snippet:-1, max-image-preview:large, max-video-preview:-1\" \/>\n<meta property=\"og:locale\" content=\"fr_FR\" \/>\n<meta property=\"og:type\" content=\"article\" \/>\n<meta property=\"og:title\" content=\"Nos guides sur l&#039;isolation thermique - Tradaka\" \/>\n<meta property=\"og:description\" content=\"Vous \u00eates \u00e0 la recherche d&#039;informations &amp; conseils sur l&#039;isolation thermique ? Airko vous accompagne dans vos d\u00e9marches pour r\u00e9aliser des \u00e9conomies d&#039;\u00e9nergies\" \/>\n<meta property=\"og:url\" content=\"https:\/\/www.tradaka.com\/lp\/inos-guides-sur-lsolation-thermique\/\" \/>\n<meta property=\"og:site_name\" content=\"Tradaka\" \/>\n<meta property=\"article:modified_time\" content=\"2023-08-19T13:06:54+00:00\" \/>\n<meta property=\"og:image\" content=\"https:\/\/www.tradaka.com\/lp\/wp-content\/uploads\/2023\/08\/iStock-1411460060.jpg\" \/>\n\t<meta property=\"og:image:width\" content=\"1254\" \/>\n\t<meta property=\"og:image:height\" content=\"836\" \/>\n\t<meta property=\"og:image:type\" content=\"image\/jpeg\" \/>\n<meta name=\"twitter:card\" content=\"summary_large_image\" \/>\n<script type=\"application\/ld+json\" class=\"yoast-schema-graph\">{\"@context\":\"https:\/\/schema.org\",\"@graph\":[{\"@type\":\"WebPage\",\"@id\":\"https:\/\/www.tradaka.com\/lp\/inos-guides-sur-lsolation-thermique\/\",\"url\":\"https:\/\/www.tradaka.com\/lp\/inos-guides-sur-lsolation-thermique\/\",\"name\":\"Nos guides sur l'isolation thermique - Tradaka\",\"isPartOf\":{\"@id\":\"https:\/\/www.tradaka.com\/lp\/#website\"},\"primaryImageOfPage\":{\"@id\":\"https:\/\/www.tradaka.com\/lp\/inos-guides-sur-lsolation-thermique\/#primaryimage\"},\"image\":{\"@id\":\"https:\/\/www.tradaka.com\/lp\/inos-guides-sur-lsolation-thermique\/#primaryimage\"},\"thumbnailUrl\":\"https:\/\/www.tradaka.com\/lp\/wp-content\/uploads\/2023\/08\/iStock-1411460060.jpg\",\"datePublished\":\"2023-08-16T12:20:28+00:00\",\"dateModified\":\"2023-08-19T13:06:54+00:00\",\"description\":\"Vous \u00eates \u00e0 la recherche d'informations & conseils sur l'isolation thermique ? Airko vous accompagne dans vos d\u00e9marches pour r\u00e9aliser des \u00e9conomies d'\u00e9nergies\",\"inLanguage\":\"fr-FR\",\"potentialAction\":[{\"@type\":\"ReadAction\",\"target\":[\"https:\/\/www.tradaka.com\/lp\/inos-guides-sur-lsolation-thermique\/\"]}]},{\"@type\":\"ImageObject\",\"inLanguage\":\"fr-FR\",\"@id\":\"https:\/\/www.tradaka.com\/lp\/inos-guides-sur-lsolation-thermique\/#primaryimage\",\"url\":\"https:\/\/www.tradaka.com\/lp\/wp-content\/uploads\/2023\/08\/iStock-1411460060.jpg\",\"contentUrl\":\"https:\/\/www.tradaka.com\/lp\/wp-content\/uploads\/2023\/08\/iStock-1411460060.jpg\",\"width\":1254,\"height\":836,\"caption\":\"Nos-guides-sur-l'isolation-thermique\"},{\"@type\":\"WebSite\",\"@id\":\"https:\/\/www.tradaka.com\/lp\/#website\",\"url\":\"https:\/\/www.tradaka.com\/lp\/\",\"name\":\"Tradaka\",\"description\":\"\",\"publisher\":{\"@id\":\"https:\/\/www.tradaka.com\/lp\/#organization\"},\"potentialAction\":[{\"@type\":\"SearchAction\",\"target\":{\"@type\":\"EntryPoint\",\"urlTemplate\":\"https:\/\/www.tradaka.com\/lp\/?s={search_term_string}\"},\"query-input\":{\"@type\":\"PropertyValueSpecification\",\"valueRequired\":true,\"valueName\":\"search_term_string\"}}],\"inLanguage\":\"fr-FR\"},{\"@type\":\"Organization\",\"@id\":\"https:\/\/www.tradaka.com\/lp\/#organization\",\"name\":\"Tradaka\",\"url\":\"https:\/\/www.tradaka.com\/lp\/\",\"logo\":{\"@type\":\"ImageObject\",\"inLanguage\":\"fr-FR\",\"@id\":\"https:\/\/www.tradaka.com\/lp\/#\/schema\/logo\/image\/\",\"url\":\"https:\/\/www.tradaka.com\/lp\/wp-content\/uploads\/2023\/09\/Logo-AIRKO.png\",\"contentUrl\":\"https:\/\/www.tradaka.com\/lp\/wp-content\/uploads\/2023\/09\/Logo-AIRKO.png\",\"width\":223,\"height\":57,\"caption\":\"Tradaka\"},\"image\":{\"@id\":\"https:\/\/www.tradaka.com\/lp\/#\/schema\/logo\/image\/\"}}]}<\/script>\n<!-- \/ Yoast SEO plugin. -->","yoast_head_json":{"title":"Nos guides sur l'isolation thermique - Tradaka","description":"Vous \u00eates \u00e0 la recherche d'informations & conseils sur l'isolation thermique ? Airko vous accompagne dans vos d\u00e9marches pour r\u00e9aliser des \u00e9conomies d'\u00e9nergies","robots":{"index":"noindex","follow":"follow","max-snippet":"max-snippet:-1","max-image-preview":"max-image-preview:large","max-video-preview":"max-video-preview:-1"},"og_locale":"fr_FR","og_type":"article","og_title":"Nos guides sur l'isolation thermique - Tradaka","og_description":"Vous \u00eates \u00e0 la recherche d'informations & conseils sur l'isolation thermique ? Airko vous accompagne dans vos d\u00e9marches pour r\u00e9aliser des \u00e9conomies d'\u00e9nergies","og_url":"https:\/\/www.tradaka.com\/lp\/inos-guides-sur-lsolation-thermique\/","og_site_name":"Tradaka","article_modified_time":"2023-08-19T13:06:54+00:00","og_image":[{"width":1254,"height":836,"url":"https:\/\/www.tradaka.com\/lp\/wp-content\/uploads\/2023\/08\/iStock-1411460060.jpg","type":"image\/jpeg"}],"twitter_card":"summary_large_image","schema":{"@context":"https:\/\/schema.org","@graph":[{"@type":"WebPage","@id":"https:\/\/www.tradaka.com\/lp\/inos-guides-sur-lsolation-thermique\/","url":"https:\/\/www.tradaka.com\/lp\/inos-guides-sur-lsolation-thermique\/","name":"Nos guides sur l'isolation thermique - Tradaka","isPartOf":{"@id":"https:\/\/www.tradaka.com\/lp\/#website"},"primaryImageOfPage":{"@id":"https:\/\/www.tradaka.com\/lp\/inos-guides-sur-lsolation-thermique\/#primaryimage"},"image":{"@id":"https:\/\/www.tradaka.com\/lp\/inos-guides-sur-lsolation-thermique\/#primaryimage"},"thumbnailUrl":"https:\/\/www.tradaka.com\/lp\/wp-content\/uploads\/2023\/08\/iStock-1411460060.jpg","datePublished":"2023-08-16T12:20:28+00:00","dateModified":"2023-08-19T13:06:54+00:00","description":"Vous \u00eates \u00e0 la recherche d'informations & conseils sur l'isolation thermique ? Airko vous accompagne dans vos d\u00e9marches pour r\u00e9aliser des \u00e9conomies d'\u00e9nergies","inLanguage":"fr-FR","potentialAction":[{"@type":"ReadAction","target":["https:\/\/www.tradaka.com\/lp\/inos-guides-sur-lsolation-thermique\/"]}]},{"@type":"ImageObject","inLanguage":"fr-FR","@id":"https:\/\/www.tradaka.com\/lp\/inos-guides-sur-lsolation-thermique\/#primaryimage","url":"https:\/\/www.tradaka.com\/lp\/wp-content\/uploads\/2023\/08\/iStock-1411460060.jpg","contentUrl":"https:\/\/www.tradaka.com\/lp\/wp-content\/uploads\/2023\/08\/iStock-1411460060.jpg","width":1254,"height":836,"caption":"Nos-guides-sur-l'isolation-thermique"},{"@type":"WebSite","@id":"https:\/\/www.tradaka.com\/lp\/#website","url":"https:\/\/www.tradaka.com\/lp\/","name":"Tradaka","description":"","publisher":{"@id":"https:\/\/www.tradaka.com\/lp\/#organization"},"potentialAction":[{"@type":"SearchAction","target":{"@type":"EntryPoint","urlTemplate":"https:\/\/www.tradaka.com\/lp\/?s={search_term_string}"},"query-input":{"@type":"PropertyValueSpecification","valueRequired":true,"valueName":"search_term_string"}}],"inLanguage":"fr-FR"},{"@type":"Organization","@id":"https:\/\/www.tradaka.com\/lp\/#organization","name":"Tradaka","url":"https:\/\/www.tradaka.com\/lp\/","logo":{"@type":"ImageObject","inLanguage":"fr-FR","@id":"https:\/\/www.tradaka.com\/lp\/#\/schema\/logo\/image\/","url":"https:\/\/www.tradaka.com\/lp\/wp-content\/uploads\/2023\/09\/Logo-AIRKO.png","contentUrl":"https:\/\/www.tradaka.com\/lp\/wp-content\/uploads\/2023\/09\/Logo-AIRKO.png","width":223,"height":57,"caption":"Tradaka"},"image":{"@id":"https:\/\/www.tradaka.com\/lp\/#\/schema\/logo\/image\/"}}]}},"_links":{"self":[{"href":"https:\/\/www.tradaka.com\/lp\/wp-json\/wp\/v2\/pages\/3249","targetHints":{"allow":["GET"]}}],"collection":[{"href":"https:\/\/www.tradaka.com\/lp\/wp-json\/wp\/v2\/pages"}],"about":[{"href":"https:\/\/www.tradaka.com\/lp\/wp-json\/wp\/v2\/types\/page"}],"author":[{"embeddable":true,"href":"https:\/\/www.tradaka.com\/lp\/wp-json\/wp\/v2\/users\/4"}],"replies":[{"embeddable":true,"href":"https:\/\/www.tradaka.com\/lp\/wp-json\/wp\/v2\/comments?post=3249"}],"version-history":[{"count":3,"href":"https:\/\/www.tradaka.com\/lp\/wp-json\/wp\/v2\/pages\/3249\/revisions"}],"predecessor-version":[{"id":3454,"href":"https:\/\/www.tradaka.com\/lp\/wp-json\/wp\/v2\/pages\/3249\/revisions\/3454"}],"wp:featuredmedia":[{"embeddable":true,"href":"https:\/\/www.tradaka.com\/lp\/wp-json\/wp\/v2\/media\/3443"}],"wp:attachment":[{"href":"https:\/\/www.tradaka.com\/lp\/wp-json\/wp\/v2\/media?parent=3249"}],"curies":[{"name":"wp","href":"https:\/\/api.w.org\/{rel}","templated":true}]}}