{"id":3202,"date":"2023-08-09T14:20:40","date_gmt":"2023-08-09T12:20:40","guid":{"rendered":"https:\/\/www.tradaka.com\/lp\/?page_id=3202"},"modified":"2023-10-04T12:28:27","modified_gmt":"2023-10-04T10:28:27","slug":"installer-poele-a-granule","status":"publish","type":"page","link":"https:\/\/www.tradaka.com\/lp\/renovation-energetique\/chauffage\/poele\/poele-a-granule\/installer-poele-a-granule\/","title":{"rendered":"Installation Po\u00eale \u00e0 granule : Comment faire ?"},"content":{"rendered":"","protected":false},"excerpt":{"rendered":"","protected":false},"author":2,"featured_media":0,"parent":1122,"menu_order":0,"comment_status":"closed","ping_status":"closed","template":"templates\/template-type-edito.php","meta":{"_acf_changed":false,"footnotes":""},"class_list":["post-3202","page","type-page","status-publish","hentry"],"acf":[],"yoast_head":"<!-- This site is optimized with the Yoast SEO plugin v26.7 - https:\/\/yoast.com\/wordpress\/plugins\/seo\/ -->\n<title>Installation Po\u00eale \u00e0 granule : Comment faire ? - Tradaka<\/title>\n<meta name=\"description\" content=\"Vous \u00eates \u00e0 la recherche d&#039;informations &amp; conseils pour l&#039;installation d&#039;un po\u00eale \u00e0 granul\u00e9 ? Airko vous accompagne dans vos d\u00e9marches pour r\u00e9aliser des \u00e9conomies d&#039;\u00e9nergies\" \/>\n<meta name=\"robots\" content=\"noindex, follow, max-snippet:-1, max-image-preview:large, max-video-preview:-1\" \/>\n<meta property=\"og:locale\" content=\"fr_FR\" \/>\n<meta property=\"og:type\" content=\"article\" \/>\n<meta property=\"og:title\" content=\"Installation Po\u00eale \u00e0 granule : Comment faire ? - Tradaka\" \/>\n<meta property=\"og:description\" content=\"Vous \u00eates \u00e0 la recherche d&#039;informations &amp; conseils pour l&#039;installation d&#039;un po\u00eale \u00e0 granul\u00e9 ? Airko vous accompagne dans vos d\u00e9marches pour r\u00e9aliser des \u00e9conomies d&#039;\u00e9nergies\" \/>\n<meta property=\"og:url\" content=\"https:\/\/www.tradaka.com\/lp\/renovation-energetique\/chauffage\/poele\/poele-a-granule\/installer-poele-a-granule\/\" \/>\n<meta property=\"og:site_name\" content=\"Tradaka\" \/>\n<meta property=\"article:modified_time\" content=\"2023-10-04T10:28:27+00:00\" \/>\n<meta name=\"twitter:card\" content=\"summary_large_image\" \/>\n<script type=\"application\/ld+json\" class=\"yoast-schema-graph\">{\"@context\":\"https:\/\/schema.org\",\"@graph\":[{\"@type\":\"WebPage\",\"@id\":\"https:\/\/www.tradaka.com\/lp\/renovation-energetique\/chauffage\/poele\/poele-a-granule\/installer-poele-a-granule\/\",\"url\":\"https:\/\/www.tradaka.com\/lp\/renovation-energetique\/chauffage\/poele\/poele-a-granule\/installer-poele-a-granule\/\",\"name\":\"Installation Po\u00eale \u00e0 granule : Comment faire ? - Tradaka\",\"isPartOf\":{\"@id\":\"https:\/\/www.tradaka.com\/lp\/#website\"},\"datePublished\":\"2023-08-09T12:20:40+00:00\",\"dateModified\":\"2023-10-04T10:28:27+00:00\",\"description\":\"Vous \u00eates \u00e0 la recherche d'informations & conseils pour l'installation d'un po\u00eale \u00e0 granul\u00e9 ? Airko vous accompagne dans vos d\u00e9marches pour r\u00e9aliser des \u00e9conomies d'\u00e9nergies\",\"breadcrumb\":{\"@id\":\"https:\/\/www.tradaka.com\/lp\/renovation-energetique\/chauffage\/poele\/poele-a-granule\/installer-poele-a-granule\/#breadcrumb\"},\"inLanguage\":\"fr-FR\",\"potentialAction\":[{\"@type\":\"ReadAction\",\"target\":[\"https:\/\/www.tradaka.com\/lp\/renovation-energetique\/chauffage\/poele\/poele-a-granule\/installer-poele-a-granule\/\"]}]},{\"@type\":\"BreadcrumbList\",\"@id\":\"https:\/\/www.tradaka.com\/lp\/renovation-energetique\/chauffage\/poele\/poele-a-granule\/installer-poele-a-granule\/#breadcrumb\",\"itemListElement\":[{\"@type\":\"ListItem\",\"position\":1,\"name\":\"Renovation \u00e9nerg\u00e9tique\",\"item\":\"https:\/\/www.tradaka.com\/lp\/renovation-energetique\/\"},{\"@type\":\"ListItem\",\"position\":2,\"name\":\"Chauffage\",\"item\":\"https:\/\/www.tradaka.com\/lp\/renovation-energetique\/chauffage\/\"},{\"@type\":\"ListItem\",\"position\":3,\"name\":\"Po\u00eale\",\"item\":\"https:\/\/www.tradaka.com\/lp\/renovation-energetique\/chauffage\/poele\/\"},{\"@type\":\"ListItem\",\"position\":4,\"name\":\"Po\u00eale \u00e0 granule\",\"item\":\"https:\/\/www.tradaka.com\/lp\/renovation-energetique\/chauffage\/poele\/poele-a-granule\/\"},{\"@type\":\"ListItem\",\"position\":5,\"name\":\"Installation Po\u00eale \u00e0 granule : Comment faire ?\"}]},{\"@type\":\"WebSite\",\"@id\":\"https:\/\/www.tradaka.com\/lp\/#website\",\"url\":\"https:\/\/www.tradaka.com\/lp\/\",\"name\":\"Tradaka\",\"description\":\"\",\"publisher\":{\"@id\":\"https:\/\/www.tradaka.com\/lp\/#organization\"},\"potentialAction\":[{\"@type\":\"SearchAction\",\"target\":{\"@type\":\"EntryPoint\",\"urlTemplate\":\"https:\/\/www.tradaka.com\/lp\/?s={search_term_string}\"},\"query-input\":{\"@type\":\"PropertyValueSpecification\",\"valueRequired\":true,\"valueName\":\"search_term_string\"}}],\"inLanguage\":\"fr-FR\"},{\"@type\":\"Organization\",\"@id\":\"https:\/\/www.tradaka.com\/lp\/#organization\",\"name\":\"Tradaka\",\"url\":\"https:\/\/www.tradaka.com\/lp\/\",\"logo\":{\"@type\":\"ImageObject\",\"inLanguage\":\"fr-FR\",\"@id\":\"https:\/\/www.tradaka.com\/lp\/#\/schema\/logo\/image\/\",\"url\":\"https:\/\/www.tradaka.com\/lp\/wp-content\/uploads\/2023\/09\/Logo-AIRKO.png\",\"contentUrl\":\"https:\/\/www.tradaka.com\/lp\/wp-content\/uploads\/2023\/09\/Logo-AIRKO.png\",\"width\":223,\"height\":57,\"caption\":\"Tradaka\"},\"image\":{\"@id\":\"https:\/\/www.tradaka.com\/lp\/#\/schema\/logo\/image\/\"}}]}<\/script>\n<!-- \/ Yoast SEO plugin. -->","yoast_head_json":{"title":"Installation Po\u00eale \u00e0 granule : Comment faire ? - Tradaka","description":"Vous \u00eates \u00e0 la recherche d'informations & conseils pour l'installation d'un po\u00eale \u00e0 granul\u00e9 ? Airko vous accompagne dans vos d\u00e9marches pour r\u00e9aliser des \u00e9conomies d'\u00e9nergies","robots":{"index":"noindex","follow":"follow","max-snippet":"max-snippet:-1","max-image-preview":"max-image-preview:large","max-video-preview":"max-video-preview:-1"},"og_locale":"fr_FR","og_type":"article","og_title":"Installation Po\u00eale \u00e0 granule : Comment faire ? - Tradaka","og_description":"Vous \u00eates \u00e0 la recherche d'informations & conseils pour l'installation d'un po\u00eale \u00e0 granul\u00e9 ? Airko vous accompagne dans vos d\u00e9marches pour r\u00e9aliser des \u00e9conomies d'\u00e9nergies","og_url":"https:\/\/www.tradaka.com\/lp\/renovation-energetique\/chauffage\/poele\/poele-a-granule\/installer-poele-a-granule\/","og_site_name":"Tradaka","article_modified_time":"2023-10-04T10:28:27+00:00","twitter_card":"summary_large_image","schema":{"@context":"https:\/\/schema.org","@graph":[{"@type":"WebPage","@id":"https:\/\/www.tradaka.com\/lp\/renovation-energetique\/chauffage\/poele\/poele-a-granule\/installer-poele-a-granule\/","url":"https:\/\/www.tradaka.com\/lp\/renovation-energetique\/chauffage\/poele\/poele-a-granule\/installer-poele-a-granule\/","name":"Installation Po\u00eale \u00e0 granule : Comment faire ? - Tradaka","isPartOf":{"@id":"https:\/\/www.tradaka.com\/lp\/#website"},"datePublished":"2023-08-09T12:20:40+00:00","dateModified":"2023-10-04T10:28:27+00:00","description":"Vous \u00eates \u00e0 la recherche d'informations & conseils pour l'installation d'un po\u00eale \u00e0 granul\u00e9 ? Airko vous accompagne dans vos d\u00e9marches pour r\u00e9aliser des \u00e9conomies d'\u00e9nergies","breadcrumb":{"@id":"https:\/\/www.tradaka.com\/lp\/renovation-energetique\/chauffage\/poele\/poele-a-granule\/installer-poele-a-granule\/#breadcrumb"},"inLanguage":"fr-FR","potentialAction":[{"@type":"ReadAction","target":["https:\/\/www.tradaka.com\/lp\/renovation-energetique\/chauffage\/poele\/poele-a-granule\/installer-poele-a-granule\/"]}]},{"@type":"BreadcrumbList","@id":"https:\/\/www.tradaka.com\/lp\/renovation-energetique\/chauffage\/poele\/poele-a-granule\/installer-poele-a-granule\/#breadcrumb","itemListElement":[{"@type":"ListItem","position":1,"name":"Renovation \u00e9nerg\u00e9tique","item":"https:\/\/www.tradaka.com\/lp\/renovation-energetique\/"},{"@type":"ListItem","position":2,"name":"Chauffage","item":"https:\/\/www.tradaka.com\/lp\/renovation-energetique\/chauffage\/"},{"@type":"ListItem","position":3,"name":"Po\u00eale","item":"https:\/\/www.tradaka.com\/lp\/renovation-energetique\/chauffage\/poele\/"},{"@type":"ListItem","position":4,"name":"Po\u00eale \u00e0 granule","item":"https:\/\/www.tradaka.com\/lp\/renovation-energetique\/chauffage\/poele\/poele-a-granule\/"},{"@type":"ListItem","position":5,"name":"Installation Po\u00eale \u00e0 granule : Comment faire ?"}]},{"@type":"WebSite","@id":"https:\/\/www.tradaka.com\/lp\/#website","url":"https:\/\/www.tradaka.com\/lp\/","name":"Tradaka","description":"","publisher":{"@id":"https:\/\/www.tradaka.com\/lp\/#organization"},"potentialAction":[{"@type":"SearchAction","target":{"@type":"EntryPoint","urlTemplate":"https:\/\/www.tradaka.com\/lp\/?s={search_term_string}"},"query-input":{"@type":"PropertyValueSpecification","valueRequired":true,"valueName":"search_term_string"}}],"inLanguage":"fr-FR"},{"@type":"Organization","@id":"https:\/\/www.tradaka.com\/lp\/#organization","name":"Tradaka","url":"https:\/\/www.tradaka.com\/lp\/","logo":{"@type":"ImageObject","inLanguage":"fr-FR","@id":"https:\/\/www.tradaka.com\/lp\/#\/schema\/logo\/image\/","url":"https:\/\/www.tradaka.com\/lp\/wp-content\/uploads\/2023\/09\/Logo-AIRKO.png","contentUrl":"https:\/\/www.tradaka.com\/lp\/wp-content\/uploads\/2023\/09\/Logo-AIRKO.png","width":223,"height":57,"caption":"Tradaka"},"image":{"@id":"https:\/\/www.tradaka.com\/lp\/#\/schema\/logo\/image\/"}}]}},"_links":{"self":[{"href":"https:\/\/www.tradaka.com\/lp\/wp-json\/wp\/v2\/pages\/3202","targetHints":{"allow":["GET"]}}],"collection":[{"href":"https:\/\/www.tradaka.com\/lp\/wp-json\/wp\/v2\/pages"}],"about":[{"href":"https:\/\/www.tradaka.com\/lp\/wp-json\/wp\/v2\/types\/page"}],"author":[{"embeddable":true,"href":"https:\/\/www.tradaka.com\/lp\/wp-json\/wp\/v2\/users\/2"}],"replies":[{"embeddable":true,"href":"https:\/\/www.tradaka.com\/lp\/wp-json\/wp\/v2\/comments?post=3202"}],"version-history":[{"count":5,"href":"https:\/\/www.tradaka.com\/lp\/wp-json\/wp\/v2\/pages\/3202\/revisions"}],"predecessor-version":[{"id":5222,"href":"https:\/\/www.tradaka.com\/lp\/wp-json\/wp\/v2\/pages\/3202\/revisions\/5222"}],"up":[{"embeddable":true,"href":"https:\/\/www.tradaka.com\/lp\/wp-json\/wp\/v2\/pages\/1122"}],"wp:attachment":[{"href":"https:\/\/www.tradaka.com\/lp\/wp-json\/wp\/v2\/media?parent=3202"}],"curies":[{"name":"wp","href":"https:\/\/api.w.org\/{rel}","templated":true}]}}