{"id":3075,"date":"2023-08-05T03:29:36","date_gmt":"2023-08-05T01:29:36","guid":{"rendered":"https:\/\/www.tradaka.com\/lp\/?page_id=3075"},"modified":"2024-01-11T12:16:29","modified_gmt":"2024-01-11T11:16:29","slug":"offre-edf","status":"publish","type":"page","link":"https:\/\/www.tradaka.com\/lp\/fournisseurs-et-energies\/quelle-energie-choisir\/electricite\/offre-edf\/","title":{"rendered":"EDF : Offres \u00e9lectricit\u00e9 et gaz &#8211; Comparatif 2023"},"content":{"rendered":"","protected":false},"excerpt":{"rendered":"","protected":false},"author":2,"featured_media":3076,"parent":1335,"menu_order":0,"comment_status":"closed","ping_status":"closed","template":"templates\/template-type-edito.php","meta":{"_acf_changed":false,"footnotes":""},"class_list":["post-3075","page","type-page","status-publish","has-post-thumbnail","hentry"],"acf":[],"yoast_head":"<!-- This site is optimized with the Yoast SEO plugin v26.7 - https:\/\/yoast.com\/wordpress\/plugins\/seo\/ -->\n<title>EDF : Offres \u00e9lectricit\u00e9 et gaz - Comparatif 2023 - Tradaka<\/title>\n<meta name=\"description\" content=\"Vous \u00eates \u00e0 la recherche d&#039;informations &amp; conseils sur l&#039;offre EDF ? Airko vous accompagne dans vos d\u00e9marches pour r\u00e9aliser des \u00e9conomies d&#039;\u00e9nergies\" \/>\n<meta name=\"robots\" content=\"noindex, follow, max-snippet:-1, max-image-preview:large, max-video-preview:-1\" \/>\n<meta property=\"og:locale\" content=\"fr_FR\" \/>\n<meta property=\"og:type\" content=\"article\" \/>\n<meta property=\"og:title\" content=\"EDF : Offres \u00e9lectricit\u00e9 et gaz - Comparatif 2023 - Tradaka\" \/>\n<meta property=\"og:description\" content=\"Vous \u00eates \u00e0 la recherche d&#039;informations &amp; conseils sur l&#039;offre EDF ? Airko vous accompagne dans vos d\u00e9marches pour r\u00e9aliser des \u00e9conomies d&#039;\u00e9nergies\" \/>\n<meta property=\"og:url\" content=\"https:\/\/www.tradaka.com\/lp\/fournisseurs-et-energies\/quelle-energie-choisir\/electricite\/offre-edf\/\" \/>\n<meta property=\"og:site_name\" content=\"Tradaka\" \/>\n<meta property=\"article:modified_time\" content=\"2024-01-11T11:16:29+00:00\" \/>\n<meta property=\"og:image\" content=\"https:\/\/www.tradaka.com\/lp\/wp-content\/uploads\/2023\/08\/iStock-1340721567.jpg\" \/>\n\t<meta property=\"og:image:width\" content=\"1254\" \/>\n\t<meta property=\"og:image:height\" content=\"836\" \/>\n\t<meta property=\"og:image:type\" content=\"image\/jpeg\" \/>\n<meta name=\"twitter:card\" content=\"summary_large_image\" \/>\n<script type=\"application\/ld+json\" class=\"yoast-schema-graph\">{\"@context\":\"https:\/\/schema.org\",\"@graph\":[{\"@type\":\"WebPage\",\"@id\":\"https:\/\/www.tradaka.com\/lp\/fournisseurs-et-energies\/quelle-energie-choisir\/electricite\/offre-edf\/\",\"url\":\"https:\/\/www.tradaka.com\/lp\/fournisseurs-et-energies\/quelle-energie-choisir\/electricite\/offre-edf\/\",\"name\":\"EDF : Offres \u00e9lectricit\u00e9 et gaz - Comparatif 2023 - Tradaka\",\"isPartOf\":{\"@id\":\"https:\/\/www.tradaka.com\/lp\/#website\"},\"primaryImageOfPage\":{\"@id\":\"https:\/\/www.tradaka.com\/lp\/fournisseurs-et-energies\/quelle-energie-choisir\/electricite\/offre-edf\/#primaryimage\"},\"image\":{\"@id\":\"https:\/\/www.tradaka.com\/lp\/fournisseurs-et-energies\/quelle-energie-choisir\/electricite\/offre-edf\/#primaryimage\"},\"thumbnailUrl\":\"https:\/\/www.tradaka.com\/lp\/wp-content\/uploads\/2023\/08\/iStock-1340721567.jpg\",\"datePublished\":\"2023-08-05T01:29:36+00:00\",\"dateModified\":\"2024-01-11T11:16:29+00:00\",\"description\":\"Vous \u00eates \u00e0 la recherche d'informations & conseils sur l'offre EDF ? Airko vous accompagne dans vos d\u00e9marches pour r\u00e9aliser des \u00e9conomies d'\u00e9nergies\",\"breadcrumb\":{\"@id\":\"https:\/\/www.tradaka.com\/lp\/fournisseurs-et-energies\/quelle-energie-choisir\/electricite\/offre-edf\/#breadcrumb\"},\"inLanguage\":\"fr-FR\",\"potentialAction\":[{\"@type\":\"ReadAction\",\"target\":[\"https:\/\/www.tradaka.com\/lp\/fournisseurs-et-energies\/quelle-energie-choisir\/electricite\/offre-edf\/\"]}]},{\"@type\":\"ImageObject\",\"inLanguage\":\"fr-FR\",\"@id\":\"https:\/\/www.tradaka.com\/lp\/fournisseurs-et-energies\/quelle-energie-choisir\/electricite\/offre-edf\/#primaryimage\",\"url\":\"https:\/\/www.tradaka.com\/lp\/wp-content\/uploads\/2023\/08\/iStock-1340721567.jpg\",\"contentUrl\":\"https:\/\/www.tradaka.com\/lp\/wp-content\/uploads\/2023\/08\/iStock-1340721567.jpg\",\"width\":1254,\"height\":836,\"caption\":\"EDF\"},{\"@type\":\"BreadcrumbList\",\"@id\":\"https:\/\/www.tradaka.com\/lp\/fournisseurs-et-energies\/quelle-energie-choisir\/electricite\/offre-edf\/#breadcrumb\",\"itemListElement\":[{\"@type\":\"ListItem\",\"position\":1,\"name\":\"Fournisseurs et \u00e9nergies\",\"item\":\"https:\/\/www.tradaka.com\/lp\/fournisseurs-et-energies\/\"},{\"@type\":\"ListItem\",\"position\":2,\"name\":\"Quelle \u00e9nergie choisir\",\"item\":\"https:\/\/www.tradaka.com\/lp\/fournisseurs-et-energies\/quelle-energie-choisir\/\"},{\"@type\":\"ListItem\",\"position\":3,\"name\":\"\u00c9lectricit\u00e9\",\"item\":\"https:\/\/www.tradaka.com\/lp\/fournisseurs-et-energies\/quelle-energie-choisir\/electricite\/\"},{\"@type\":\"ListItem\",\"position\":4,\"name\":\"EDF : Offres \u00e9lectricit\u00e9 et gaz &#8211; Comparatif 2023\"}]},{\"@type\":\"WebSite\",\"@id\":\"https:\/\/www.tradaka.com\/lp\/#website\",\"url\":\"https:\/\/www.tradaka.com\/lp\/\",\"name\":\"Tradaka\",\"description\":\"\",\"publisher\":{\"@id\":\"https:\/\/www.tradaka.com\/lp\/#organization\"},\"potentialAction\":[{\"@type\":\"SearchAction\",\"target\":{\"@type\":\"EntryPoint\",\"urlTemplate\":\"https:\/\/www.tradaka.com\/lp\/?s={search_term_string}\"},\"query-input\":{\"@type\":\"PropertyValueSpecification\",\"valueRequired\":true,\"valueName\":\"search_term_string\"}}],\"inLanguage\":\"fr-FR\"},{\"@type\":\"Organization\",\"@id\":\"https:\/\/www.tradaka.com\/lp\/#organization\",\"name\":\"Tradaka\",\"url\":\"https:\/\/www.tradaka.com\/lp\/\",\"logo\":{\"@type\":\"ImageObject\",\"inLanguage\":\"fr-FR\",\"@id\":\"https:\/\/www.tradaka.com\/lp\/#\/schema\/logo\/image\/\",\"url\":\"https:\/\/www.tradaka.com\/lp\/wp-content\/uploads\/2023\/09\/Logo-AIRKO.png\",\"contentUrl\":\"https:\/\/www.tradaka.com\/lp\/wp-content\/uploads\/2023\/09\/Logo-AIRKO.png\",\"width\":223,\"height\":57,\"caption\":\"Tradaka\"},\"image\":{\"@id\":\"https:\/\/www.tradaka.com\/lp\/#\/schema\/logo\/image\/\"}}]}<\/script>\n<!-- \/ Yoast SEO plugin. -->","yoast_head_json":{"title":"EDF : Offres \u00e9lectricit\u00e9 et gaz - Comparatif 2023 - Tradaka","description":"Vous \u00eates \u00e0 la recherche d'informations & conseils sur l'offre EDF ? Airko vous accompagne dans vos d\u00e9marches pour r\u00e9aliser des \u00e9conomies d'\u00e9nergies","robots":{"index":"noindex","follow":"follow","max-snippet":"max-snippet:-1","max-image-preview":"max-image-preview:large","max-video-preview":"max-video-preview:-1"},"og_locale":"fr_FR","og_type":"article","og_title":"EDF : Offres \u00e9lectricit\u00e9 et gaz - Comparatif 2023 - Tradaka","og_description":"Vous \u00eates \u00e0 la recherche d'informations & conseils sur l'offre EDF ? Airko vous accompagne dans vos d\u00e9marches pour r\u00e9aliser des \u00e9conomies d'\u00e9nergies","og_url":"https:\/\/www.tradaka.com\/lp\/fournisseurs-et-energies\/quelle-energie-choisir\/electricite\/offre-edf\/","og_site_name":"Tradaka","article_modified_time":"2024-01-11T11:16:29+00:00","og_image":[{"width":1254,"height":836,"url":"https:\/\/www.tradaka.com\/lp\/wp-content\/uploads\/2023\/08\/iStock-1340721567.jpg","type":"image\/jpeg"}],"twitter_card":"summary_large_image","schema":{"@context":"https:\/\/schema.org","@graph":[{"@type":"WebPage","@id":"https:\/\/www.tradaka.com\/lp\/fournisseurs-et-energies\/quelle-energie-choisir\/electricite\/offre-edf\/","url":"https:\/\/www.tradaka.com\/lp\/fournisseurs-et-energies\/quelle-energie-choisir\/electricite\/offre-edf\/","name":"EDF : Offres \u00e9lectricit\u00e9 et gaz - Comparatif 2023 - Tradaka","isPartOf":{"@id":"https:\/\/www.tradaka.com\/lp\/#website"},"primaryImageOfPage":{"@id":"https:\/\/www.tradaka.com\/lp\/fournisseurs-et-energies\/quelle-energie-choisir\/electricite\/offre-edf\/#primaryimage"},"image":{"@id":"https:\/\/www.tradaka.com\/lp\/fournisseurs-et-energies\/quelle-energie-choisir\/electricite\/offre-edf\/#primaryimage"},"thumbnailUrl":"https:\/\/www.tradaka.com\/lp\/wp-content\/uploads\/2023\/08\/iStock-1340721567.jpg","datePublished":"2023-08-05T01:29:36+00:00","dateModified":"2024-01-11T11:16:29+00:00","description":"Vous \u00eates \u00e0 la recherche d'informations & conseils sur l'offre EDF ? Airko vous accompagne dans vos d\u00e9marches pour r\u00e9aliser des \u00e9conomies d'\u00e9nergies","breadcrumb":{"@id":"https:\/\/www.tradaka.com\/lp\/fournisseurs-et-energies\/quelle-energie-choisir\/electricite\/offre-edf\/#breadcrumb"},"inLanguage":"fr-FR","potentialAction":[{"@type":"ReadAction","target":["https:\/\/www.tradaka.com\/lp\/fournisseurs-et-energies\/quelle-energie-choisir\/electricite\/offre-edf\/"]}]},{"@type":"ImageObject","inLanguage":"fr-FR","@id":"https:\/\/www.tradaka.com\/lp\/fournisseurs-et-energies\/quelle-energie-choisir\/electricite\/offre-edf\/#primaryimage","url":"https:\/\/www.tradaka.com\/lp\/wp-content\/uploads\/2023\/08\/iStock-1340721567.jpg","contentUrl":"https:\/\/www.tradaka.com\/lp\/wp-content\/uploads\/2023\/08\/iStock-1340721567.jpg","width":1254,"height":836,"caption":"EDF"},{"@type":"BreadcrumbList","@id":"https:\/\/www.tradaka.com\/lp\/fournisseurs-et-energies\/quelle-energie-choisir\/electricite\/offre-edf\/#breadcrumb","itemListElement":[{"@type":"ListItem","position":1,"name":"Fournisseurs et \u00e9nergies","item":"https:\/\/www.tradaka.com\/lp\/fournisseurs-et-energies\/"},{"@type":"ListItem","position":2,"name":"Quelle \u00e9nergie choisir","item":"https:\/\/www.tradaka.com\/lp\/fournisseurs-et-energies\/quelle-energie-choisir\/"},{"@type":"ListItem","position":3,"name":"\u00c9lectricit\u00e9","item":"https:\/\/www.tradaka.com\/lp\/fournisseurs-et-energies\/quelle-energie-choisir\/electricite\/"},{"@type":"ListItem","position":4,"name":"EDF : Offres \u00e9lectricit\u00e9 et gaz &#8211; Comparatif 2023"}]},{"@type":"WebSite","@id":"https:\/\/www.tradaka.com\/lp\/#website","url":"https:\/\/www.tradaka.com\/lp\/","name":"Tradaka","description":"","publisher":{"@id":"https:\/\/www.tradaka.com\/lp\/#organization"},"potentialAction":[{"@type":"SearchAction","target":{"@type":"EntryPoint","urlTemplate":"https:\/\/www.tradaka.com\/lp\/?s={search_term_string}"},"query-input":{"@type":"PropertyValueSpecification","valueRequired":true,"valueName":"search_term_string"}}],"inLanguage":"fr-FR"},{"@type":"Organization","@id":"https:\/\/www.tradaka.com\/lp\/#organization","name":"Tradaka","url":"https:\/\/www.tradaka.com\/lp\/","logo":{"@type":"ImageObject","inLanguage":"fr-FR","@id":"https:\/\/www.tradaka.com\/lp\/#\/schema\/logo\/image\/","url":"https:\/\/www.tradaka.com\/lp\/wp-content\/uploads\/2023\/09\/Logo-AIRKO.png","contentUrl":"https:\/\/www.tradaka.com\/lp\/wp-content\/uploads\/2023\/09\/Logo-AIRKO.png","width":223,"height":57,"caption":"Tradaka"},"image":{"@id":"https:\/\/www.tradaka.com\/lp\/#\/schema\/logo\/image\/"}}]}},"_links":{"self":[{"href":"https:\/\/www.tradaka.com\/lp\/wp-json\/wp\/v2\/pages\/3075","targetHints":{"allow":["GET"]}}],"collection":[{"href":"https:\/\/www.tradaka.com\/lp\/wp-json\/wp\/v2\/pages"}],"about":[{"href":"https:\/\/www.tradaka.com\/lp\/wp-json\/wp\/v2\/types\/page"}],"author":[{"embeddable":true,"href":"https:\/\/www.tradaka.com\/lp\/wp-json\/wp\/v2\/users\/2"}],"replies":[{"embeddable":true,"href":"https:\/\/www.tradaka.com\/lp\/wp-json\/wp\/v2\/comments?post=3075"}],"version-history":[{"count":13,"href":"https:\/\/www.tradaka.com\/lp\/wp-json\/wp\/v2\/pages\/3075\/revisions"}],"predecessor-version":[{"id":9246,"href":"https:\/\/www.tradaka.com\/lp\/wp-json\/wp\/v2\/pages\/3075\/revisions\/9246"}],"up":[{"embeddable":true,"href":"https:\/\/www.tradaka.com\/lp\/wp-json\/wp\/v2\/pages\/1335"}],"wp:featuredmedia":[{"embeddable":true,"href":"https:\/\/www.tradaka.com\/lp\/wp-json\/wp\/v2\/media\/3076"}],"wp:attachment":[{"href":"https:\/\/www.tradaka.com\/lp\/wp-json\/wp\/v2\/media?parent=3075"}],"curies":[{"name":"wp","href":"https:\/\/api.w.org\/{rel}","templated":true}]}}