{"id":1882,"date":"2023-05-31T13:33:01","date_gmt":"2023-05-31T11:33:01","guid":{"rendered":"https:\/\/www.tradaka.com\/lp\/?page_id=1882"},"modified":"2023-10-17T18:50:06","modified_gmt":"2023-10-17T16:50:06","slug":"biosource","status":"publish","type":"page","link":"https:\/\/www.tradaka.com\/lp\/labels-et-certifications-dans-le-secteur-du-batiment\/biosource\/","title":{"rendered":"Isolants biosourc\u00e9s : alli\u00e9s indispensables pour une r\u00e9novation \u00e9nerg\u00e9tique durable"},"content":{"rendered":"","protected":false},"excerpt":{"rendered":"","protected":false},"author":2,"featured_media":2979,"parent":656,"menu_order":0,"comment_status":"closed","ping_status":"closed","template":"templates\/template-type-edito.php","meta":{"_acf_changed":false,"footnotes":""},"class_list":["post-1882","page","type-page","status-publish","has-post-thumbnail","hentry"],"acf":[],"yoast_head":"<!-- This site is optimized with the Yoast SEO plugin v26.7 - https:\/\/yoast.com\/wordpress\/plugins\/seo\/ -->\n<title>Isolants biosourc\u00e9s : alli\u00e9s indispensables pour une r\u00e9novation \u00e9nerg\u00e9tique durable - Tradaka<\/title>\n<meta name=\"description\" content=\"Vous \u00eates \u00e0 la recherche de solutions &amp; conseils sur l&#039;isolant biosourc\u00e9 ? Airko vous accompagne dans vos d\u00e9marches pour r\u00e9aliser des \u00e9conomies d&#039;\u00e9nergies\" \/>\n<meta name=\"robots\" content=\"noindex, follow, max-snippet:-1, max-image-preview:large, max-video-preview:-1\" \/>\n<meta property=\"og:locale\" content=\"fr_FR\" \/>\n<meta property=\"og:type\" content=\"article\" \/>\n<meta property=\"og:title\" content=\"Isolants biosourc\u00e9s : alli\u00e9s indispensables pour une r\u00e9novation \u00e9nerg\u00e9tique durable - Tradaka\" \/>\n<meta property=\"og:description\" content=\"Vous \u00eates \u00e0 la recherche de solutions &amp; conseils sur l&#039;isolant biosourc\u00e9 ? Airko vous accompagne dans vos d\u00e9marches pour r\u00e9aliser des \u00e9conomies d&#039;\u00e9nergies\" \/>\n<meta property=\"og:url\" content=\"https:\/\/www.tradaka.com\/lp\/labels-et-certifications-dans-le-secteur-du-batiment\/biosource\/\" \/>\n<meta property=\"og:site_name\" content=\"Tradaka\" \/>\n<meta property=\"article:modified_time\" content=\"2023-10-17T16:50:06+00:00\" \/>\n<meta property=\"og:image\" content=\"https:\/\/www.tradaka.com\/lp\/wp-content\/uploads\/2023\/08\/iStock-1058217016.jpg\" \/>\n\t<meta property=\"og:image:width\" content=\"1303\" \/>\n\t<meta property=\"og:image:height\" content=\"805\" \/>\n\t<meta property=\"og:image:type\" content=\"image\/jpeg\" \/>\n<meta name=\"twitter:card\" content=\"summary_large_image\" \/>\n<script type=\"application\/ld+json\" class=\"yoast-schema-graph\">{\"@context\":\"https:\/\/schema.org\",\"@graph\":[{\"@type\":\"WebPage\",\"@id\":\"https:\/\/www.tradaka.com\/lp\/labels-et-certifications-dans-le-secteur-du-batiment\/biosource\/\",\"url\":\"https:\/\/www.tradaka.com\/lp\/labels-et-certifications-dans-le-secteur-du-batiment\/biosource\/\",\"name\":\"Isolants biosourc\u00e9s : alli\u00e9s indispensables pour une r\u00e9novation \u00e9nerg\u00e9tique durable - Tradaka\",\"isPartOf\":{\"@id\":\"https:\/\/www.tradaka.com\/lp\/#website\"},\"primaryImageOfPage\":{\"@id\":\"https:\/\/www.tradaka.com\/lp\/labels-et-certifications-dans-le-secteur-du-batiment\/biosource\/#primaryimage\"},\"image\":{\"@id\":\"https:\/\/www.tradaka.com\/lp\/labels-et-certifications-dans-le-secteur-du-batiment\/biosource\/#primaryimage\"},\"thumbnailUrl\":\"https:\/\/www.tradaka.com\/lp\/wp-content\/uploads\/2023\/08\/iStock-1058217016.jpg\",\"datePublished\":\"2023-05-31T11:33:01+00:00\",\"dateModified\":\"2023-10-17T16:50:06+00:00\",\"description\":\"Vous \u00eates \u00e0 la recherche de solutions & conseils sur l'isolant biosourc\u00e9 ? Airko vous accompagne dans vos d\u00e9marches pour r\u00e9aliser des \u00e9conomies d'\u00e9nergies\",\"breadcrumb\":{\"@id\":\"https:\/\/www.tradaka.com\/lp\/labels-et-certifications-dans-le-secteur-du-batiment\/biosource\/#breadcrumb\"},\"inLanguage\":\"fr-FR\",\"potentialAction\":[{\"@type\":\"ReadAction\",\"target\":[\"https:\/\/www.tradaka.com\/lp\/labels-et-certifications-dans-le-secteur-du-batiment\/biosource\/\"]}]},{\"@type\":\"ImageObject\",\"inLanguage\":\"fr-FR\",\"@id\":\"https:\/\/www.tradaka.com\/lp\/labels-et-certifications-dans-le-secteur-du-batiment\/biosource\/#primaryimage\",\"url\":\"https:\/\/www.tradaka.com\/lp\/wp-content\/uploads\/2023\/08\/iStock-1058217016.jpg\",\"contentUrl\":\"https:\/\/www.tradaka.com\/lp\/wp-content\/uploads\/2023\/08\/iStock-1058217016.jpg\",\"width\":1303,\"height\":805,\"caption\":\"Biosource\"},{\"@type\":\"BreadcrumbList\",\"@id\":\"https:\/\/www.tradaka.com\/lp\/labels-et-certifications-dans-le-secteur-du-batiment\/biosource\/#breadcrumb\",\"itemListElement\":[{\"@type\":\"ListItem\",\"position\":1,\"name\":\"Labels et certifications\",\"item\":\"https:\/\/www.tradaka.com\/lp\/labels-et-certifications-dans-le-secteur-du-batiment\/\"},{\"@type\":\"ListItem\",\"position\":2,\"name\":\"Biosource\"}]},{\"@type\":\"WebSite\",\"@id\":\"https:\/\/www.tradaka.com\/lp\/#website\",\"url\":\"https:\/\/www.tradaka.com\/lp\/\",\"name\":\"Tradaka\",\"description\":\"\",\"publisher\":{\"@id\":\"https:\/\/www.tradaka.com\/lp\/#organization\"},\"potentialAction\":[{\"@type\":\"SearchAction\",\"target\":{\"@type\":\"EntryPoint\",\"urlTemplate\":\"https:\/\/www.tradaka.com\/lp\/?s={search_term_string}\"},\"query-input\":{\"@type\":\"PropertyValueSpecification\",\"valueRequired\":true,\"valueName\":\"search_term_string\"}}],\"inLanguage\":\"fr-FR\"},{\"@type\":\"Organization\",\"@id\":\"https:\/\/www.tradaka.com\/lp\/#organization\",\"name\":\"Tradaka\",\"url\":\"https:\/\/www.tradaka.com\/lp\/\",\"logo\":{\"@type\":\"ImageObject\",\"inLanguage\":\"fr-FR\",\"@id\":\"https:\/\/www.tradaka.com\/lp\/#\/schema\/logo\/image\/\",\"url\":\"https:\/\/www.tradaka.com\/lp\/wp-content\/uploads\/2023\/09\/Logo-AIRKO.png\",\"contentUrl\":\"https:\/\/www.tradaka.com\/lp\/wp-content\/uploads\/2023\/09\/Logo-AIRKO.png\",\"width\":223,\"height\":57,\"caption\":\"Tradaka\"},\"image\":{\"@id\":\"https:\/\/www.tradaka.com\/lp\/#\/schema\/logo\/image\/\"}}]}<\/script>\n<!-- \/ Yoast SEO plugin. -->","yoast_head_json":{"title":"Isolants biosourc\u00e9s : alli\u00e9s indispensables pour une r\u00e9novation \u00e9nerg\u00e9tique durable - Tradaka","description":"Vous \u00eates \u00e0 la recherche de solutions & conseils sur l'isolant biosourc\u00e9 ? Airko vous accompagne dans vos d\u00e9marches pour r\u00e9aliser des \u00e9conomies d'\u00e9nergies","robots":{"index":"noindex","follow":"follow","max-snippet":"max-snippet:-1","max-image-preview":"max-image-preview:large","max-video-preview":"max-video-preview:-1"},"og_locale":"fr_FR","og_type":"article","og_title":"Isolants biosourc\u00e9s : alli\u00e9s indispensables pour une r\u00e9novation \u00e9nerg\u00e9tique durable - Tradaka","og_description":"Vous \u00eates \u00e0 la recherche de solutions & conseils sur l'isolant biosourc\u00e9 ? Airko vous accompagne dans vos d\u00e9marches pour r\u00e9aliser des \u00e9conomies d'\u00e9nergies","og_url":"https:\/\/www.tradaka.com\/lp\/labels-et-certifications-dans-le-secteur-du-batiment\/biosource\/","og_site_name":"Tradaka","article_modified_time":"2023-10-17T16:50:06+00:00","og_image":[{"width":1303,"height":805,"url":"https:\/\/www.tradaka.com\/lp\/wp-content\/uploads\/2023\/08\/iStock-1058217016.jpg","type":"image\/jpeg"}],"twitter_card":"summary_large_image","schema":{"@context":"https:\/\/schema.org","@graph":[{"@type":"WebPage","@id":"https:\/\/www.tradaka.com\/lp\/labels-et-certifications-dans-le-secteur-du-batiment\/biosource\/","url":"https:\/\/www.tradaka.com\/lp\/labels-et-certifications-dans-le-secteur-du-batiment\/biosource\/","name":"Isolants biosourc\u00e9s : alli\u00e9s indispensables pour une r\u00e9novation \u00e9nerg\u00e9tique durable - Tradaka","isPartOf":{"@id":"https:\/\/www.tradaka.com\/lp\/#website"},"primaryImageOfPage":{"@id":"https:\/\/www.tradaka.com\/lp\/labels-et-certifications-dans-le-secteur-du-batiment\/biosource\/#primaryimage"},"image":{"@id":"https:\/\/www.tradaka.com\/lp\/labels-et-certifications-dans-le-secteur-du-batiment\/biosource\/#primaryimage"},"thumbnailUrl":"https:\/\/www.tradaka.com\/lp\/wp-content\/uploads\/2023\/08\/iStock-1058217016.jpg","datePublished":"2023-05-31T11:33:01+00:00","dateModified":"2023-10-17T16:50:06+00:00","description":"Vous \u00eates \u00e0 la recherche de solutions & conseils sur l'isolant biosourc\u00e9 ? Airko vous accompagne dans vos d\u00e9marches pour r\u00e9aliser des \u00e9conomies d'\u00e9nergies","breadcrumb":{"@id":"https:\/\/www.tradaka.com\/lp\/labels-et-certifications-dans-le-secteur-du-batiment\/biosource\/#breadcrumb"},"inLanguage":"fr-FR","potentialAction":[{"@type":"ReadAction","target":["https:\/\/www.tradaka.com\/lp\/labels-et-certifications-dans-le-secteur-du-batiment\/biosource\/"]}]},{"@type":"ImageObject","inLanguage":"fr-FR","@id":"https:\/\/www.tradaka.com\/lp\/labels-et-certifications-dans-le-secteur-du-batiment\/biosource\/#primaryimage","url":"https:\/\/www.tradaka.com\/lp\/wp-content\/uploads\/2023\/08\/iStock-1058217016.jpg","contentUrl":"https:\/\/www.tradaka.com\/lp\/wp-content\/uploads\/2023\/08\/iStock-1058217016.jpg","width":1303,"height":805,"caption":"Biosource"},{"@type":"BreadcrumbList","@id":"https:\/\/www.tradaka.com\/lp\/labels-et-certifications-dans-le-secteur-du-batiment\/biosource\/#breadcrumb","itemListElement":[{"@type":"ListItem","position":1,"name":"Labels et certifications","item":"https:\/\/www.tradaka.com\/lp\/labels-et-certifications-dans-le-secteur-du-batiment\/"},{"@type":"ListItem","position":2,"name":"Biosource"}]},{"@type":"WebSite","@id":"https:\/\/www.tradaka.com\/lp\/#website","url":"https:\/\/www.tradaka.com\/lp\/","name":"Tradaka","description":"","publisher":{"@id":"https:\/\/www.tradaka.com\/lp\/#organization"},"potentialAction":[{"@type":"SearchAction","target":{"@type":"EntryPoint","urlTemplate":"https:\/\/www.tradaka.com\/lp\/?s={search_term_string}"},"query-input":{"@type":"PropertyValueSpecification","valueRequired":true,"valueName":"search_term_string"}}],"inLanguage":"fr-FR"},{"@type":"Organization","@id":"https:\/\/www.tradaka.com\/lp\/#organization","name":"Tradaka","url":"https:\/\/www.tradaka.com\/lp\/","logo":{"@type":"ImageObject","inLanguage":"fr-FR","@id":"https:\/\/www.tradaka.com\/lp\/#\/schema\/logo\/image\/","url":"https:\/\/www.tradaka.com\/lp\/wp-content\/uploads\/2023\/09\/Logo-AIRKO.png","contentUrl":"https:\/\/www.tradaka.com\/lp\/wp-content\/uploads\/2023\/09\/Logo-AIRKO.png","width":223,"height":57,"caption":"Tradaka"},"image":{"@id":"https:\/\/www.tradaka.com\/lp\/#\/schema\/logo\/image\/"}}]}},"_links":{"self":[{"href":"https:\/\/www.tradaka.com\/lp\/wp-json\/wp\/v2\/pages\/1882","targetHints":{"allow":["GET"]}}],"collection":[{"href":"https:\/\/www.tradaka.com\/lp\/wp-json\/wp\/v2\/pages"}],"about":[{"href":"https:\/\/www.tradaka.com\/lp\/wp-json\/wp\/v2\/types\/page"}],"author":[{"embeddable":true,"href":"https:\/\/www.tradaka.com\/lp\/wp-json\/wp\/v2\/users\/2"}],"replies":[{"embeddable":true,"href":"https:\/\/www.tradaka.com\/lp\/wp-json\/wp\/v2\/comments?post=1882"}],"version-history":[{"count":14,"href":"https:\/\/www.tradaka.com\/lp\/wp-json\/wp\/v2\/pages\/1882\/revisions"}],"predecessor-version":[{"id":5617,"href":"https:\/\/www.tradaka.com\/lp\/wp-json\/wp\/v2\/pages\/1882\/revisions\/5617"}],"up":[{"embeddable":true,"href":"https:\/\/www.tradaka.com\/lp\/wp-json\/wp\/v2\/pages\/656"}],"wp:featuredmedia":[{"embeddable":true,"href":"https:\/\/www.tradaka.com\/lp\/wp-json\/wp\/v2\/media\/2979"}],"wp:attachment":[{"href":"https:\/\/www.tradaka.com\/lp\/wp-json\/wp\/v2\/media?parent=1882"}],"curies":[{"name":"wp","href":"https:\/\/api.w.org\/{rel}","templated":true}]}}