{"id":1870,"date":"2023-05-31T13:17:40","date_gmt":"2023-05-31T11:17:40","guid":{"rendered":"https:\/\/www.tradaka.com\/lp\/?page_id=1870"},"modified":"2023-09-13T14:24:42","modified_gmt":"2023-09-13T12:24:42","slug":"label-energie","status":"publish","type":"page","link":"https:\/\/www.tradaka.com\/lp\/labels-et-certifications-dans-le-secteur-du-batiment\/label-energie\/","title":{"rendered":"Tout comprendre sur le Label \u00e9nergie pour la r\u00e9novation \u00e9nerg\u00e9tique"},"content":{"rendered":"","protected":false},"excerpt":{"rendered":"","protected":false},"author":2,"featured_media":2972,"parent":656,"menu_order":0,"comment_status":"closed","ping_status":"closed","template":"templates\/template-type-edito.php","meta":{"_acf_changed":false,"footnotes":""},"class_list":["post-1870","page","type-page","status-publish","has-post-thumbnail","hentry"],"acf":[],"yoast_head":"<!-- This site is optimized with the Yoast SEO plugin v26.7 - https:\/\/yoast.com\/wordpress\/plugins\/seo\/ -->\n<title>Tout comprendre sur le Label \u00e9nergie pour la r\u00e9novation \u00e9nerg\u00e9tique - Tradaka<\/title>\n<meta name=\"description\" content=\"Vous \u00eates \u00e0 la recherche d&#039;informations &amp; conseils sur le label \u00e9nergie ? Airko vous accompagne dans vos d\u00e9marches pour r\u00e9aliser des \u00e9conomies d&#039;\u00e9nergies\" \/>\n<meta name=\"robots\" content=\"noindex, follow, max-snippet:-1, max-image-preview:large, max-video-preview:-1\" \/>\n<meta property=\"og:locale\" content=\"fr_FR\" \/>\n<meta property=\"og:type\" content=\"article\" \/>\n<meta property=\"og:title\" content=\"Tout comprendre sur le Label \u00e9nergie pour la r\u00e9novation \u00e9nerg\u00e9tique - Tradaka\" \/>\n<meta property=\"og:description\" content=\"Vous \u00eates \u00e0 la recherche d&#039;informations &amp; conseils sur le label \u00e9nergie ? Airko vous accompagne dans vos d\u00e9marches pour r\u00e9aliser des \u00e9conomies d&#039;\u00e9nergies\" \/>\n<meta property=\"og:url\" content=\"https:\/\/www.tradaka.com\/lp\/labels-et-certifications-dans-le-secteur-du-batiment\/label-energie\/\" \/>\n<meta property=\"og:site_name\" content=\"Tradaka\" \/>\n<meta property=\"article:modified_time\" content=\"2023-09-13T12:24:42+00:00\" \/>\n<meta property=\"og:image\" content=\"https:\/\/www.tradaka.com\/lp\/wp-content\/uploads\/2023\/08\/iStock-1367036969.jpg\" \/>\n\t<meta property=\"og:image:width\" content=\"1168\" \/>\n\t<meta property=\"og:image:height\" content=\"898\" \/>\n\t<meta property=\"og:image:type\" content=\"image\/jpeg\" \/>\n<meta name=\"twitter:card\" content=\"summary_large_image\" \/>\n<script type=\"application\/ld+json\" class=\"yoast-schema-graph\">{\"@context\":\"https:\/\/schema.org\",\"@graph\":[{\"@type\":\"WebPage\",\"@id\":\"https:\/\/www.tradaka.com\/lp\/labels-et-certifications-dans-le-secteur-du-batiment\/label-energie\/\",\"url\":\"https:\/\/www.tradaka.com\/lp\/labels-et-certifications-dans-le-secteur-du-batiment\/label-energie\/\",\"name\":\"Tout comprendre sur le Label \u00e9nergie pour la r\u00e9novation \u00e9nerg\u00e9tique - Tradaka\",\"isPartOf\":{\"@id\":\"https:\/\/www.tradaka.com\/lp\/#website\"},\"primaryImageOfPage\":{\"@id\":\"https:\/\/www.tradaka.com\/lp\/labels-et-certifications-dans-le-secteur-du-batiment\/label-energie\/#primaryimage\"},\"image\":{\"@id\":\"https:\/\/www.tradaka.com\/lp\/labels-et-certifications-dans-le-secteur-du-batiment\/label-energie\/#primaryimage\"},\"thumbnailUrl\":\"https:\/\/www.tradaka.com\/lp\/wp-content\/uploads\/2023\/08\/iStock-1367036969.jpg\",\"datePublished\":\"2023-05-31T11:17:40+00:00\",\"dateModified\":\"2023-09-13T12:24:42+00:00\",\"description\":\"Vous \u00eates \u00e0 la recherche d'informations & conseils sur le label \u00e9nergie ? Airko vous accompagne dans vos d\u00e9marches pour r\u00e9aliser des \u00e9conomies d'\u00e9nergies\",\"breadcrumb\":{\"@id\":\"https:\/\/www.tradaka.com\/lp\/labels-et-certifications-dans-le-secteur-du-batiment\/label-energie\/#breadcrumb\"},\"inLanguage\":\"fr-FR\",\"potentialAction\":[{\"@type\":\"ReadAction\",\"target\":[\"https:\/\/www.tradaka.com\/lp\/labels-et-certifications-dans-le-secteur-du-batiment\/label-energie\/\"]}]},{\"@type\":\"ImageObject\",\"inLanguage\":\"fr-FR\",\"@id\":\"https:\/\/www.tradaka.com\/lp\/labels-et-certifications-dans-le-secteur-du-batiment\/label-energie\/#primaryimage\",\"url\":\"https:\/\/www.tradaka.com\/lp\/wp-content\/uploads\/2023\/08\/iStock-1367036969.jpg\",\"contentUrl\":\"https:\/\/www.tradaka.com\/lp\/wp-content\/uploads\/2023\/08\/iStock-1367036969.jpg\",\"width\":1168,\"height\":898,\"caption\":\"label-energie\"},{\"@type\":\"BreadcrumbList\",\"@id\":\"https:\/\/www.tradaka.com\/lp\/labels-et-certifications-dans-le-secteur-du-batiment\/label-energie\/#breadcrumb\",\"itemListElement\":[{\"@type\":\"ListItem\",\"position\":1,\"name\":\"Labels et certifications\",\"item\":\"https:\/\/www.tradaka.com\/lp\/labels-et-certifications-dans-le-secteur-du-batiment\/\"},{\"@type\":\"ListItem\",\"position\":2,\"name\":\"Label \u00e9nergie\"}]},{\"@type\":\"WebSite\",\"@id\":\"https:\/\/www.tradaka.com\/lp\/#website\",\"url\":\"https:\/\/www.tradaka.com\/lp\/\",\"name\":\"Tradaka\",\"description\":\"\",\"publisher\":{\"@id\":\"https:\/\/www.tradaka.com\/lp\/#organization\"},\"potentialAction\":[{\"@type\":\"SearchAction\",\"target\":{\"@type\":\"EntryPoint\",\"urlTemplate\":\"https:\/\/www.tradaka.com\/lp\/?s={search_term_string}\"},\"query-input\":{\"@type\":\"PropertyValueSpecification\",\"valueRequired\":true,\"valueName\":\"search_term_string\"}}],\"inLanguage\":\"fr-FR\"},{\"@type\":\"Organization\",\"@id\":\"https:\/\/www.tradaka.com\/lp\/#organization\",\"name\":\"Tradaka\",\"url\":\"https:\/\/www.tradaka.com\/lp\/\",\"logo\":{\"@type\":\"ImageObject\",\"inLanguage\":\"fr-FR\",\"@id\":\"https:\/\/www.tradaka.com\/lp\/#\/schema\/logo\/image\/\",\"url\":\"https:\/\/www.tradaka.com\/lp\/wp-content\/uploads\/2023\/09\/Logo-AIRKO.png\",\"contentUrl\":\"https:\/\/www.tradaka.com\/lp\/wp-content\/uploads\/2023\/09\/Logo-AIRKO.png\",\"width\":223,\"height\":57,\"caption\":\"Tradaka\"},\"image\":{\"@id\":\"https:\/\/www.tradaka.com\/lp\/#\/schema\/logo\/image\/\"}}]}<\/script>\n<!-- \/ Yoast SEO plugin. -->","yoast_head_json":{"title":"Tout comprendre sur le Label \u00e9nergie pour la r\u00e9novation \u00e9nerg\u00e9tique - Tradaka","description":"Vous \u00eates \u00e0 la recherche d'informations & conseils sur le label \u00e9nergie ? Airko vous accompagne dans vos d\u00e9marches pour r\u00e9aliser des \u00e9conomies d'\u00e9nergies","robots":{"index":"noindex","follow":"follow","max-snippet":"max-snippet:-1","max-image-preview":"max-image-preview:large","max-video-preview":"max-video-preview:-1"},"og_locale":"fr_FR","og_type":"article","og_title":"Tout comprendre sur le Label \u00e9nergie pour la r\u00e9novation \u00e9nerg\u00e9tique - Tradaka","og_description":"Vous \u00eates \u00e0 la recherche d'informations & conseils sur le label \u00e9nergie ? Airko vous accompagne dans vos d\u00e9marches pour r\u00e9aliser des \u00e9conomies d'\u00e9nergies","og_url":"https:\/\/www.tradaka.com\/lp\/labels-et-certifications-dans-le-secteur-du-batiment\/label-energie\/","og_site_name":"Tradaka","article_modified_time":"2023-09-13T12:24:42+00:00","og_image":[{"width":1168,"height":898,"url":"https:\/\/www.tradaka.com\/lp\/wp-content\/uploads\/2023\/08\/iStock-1367036969.jpg","type":"image\/jpeg"}],"twitter_card":"summary_large_image","schema":{"@context":"https:\/\/schema.org","@graph":[{"@type":"WebPage","@id":"https:\/\/www.tradaka.com\/lp\/labels-et-certifications-dans-le-secteur-du-batiment\/label-energie\/","url":"https:\/\/www.tradaka.com\/lp\/labels-et-certifications-dans-le-secteur-du-batiment\/label-energie\/","name":"Tout comprendre sur le Label \u00e9nergie pour la r\u00e9novation \u00e9nerg\u00e9tique - Tradaka","isPartOf":{"@id":"https:\/\/www.tradaka.com\/lp\/#website"},"primaryImageOfPage":{"@id":"https:\/\/www.tradaka.com\/lp\/labels-et-certifications-dans-le-secteur-du-batiment\/label-energie\/#primaryimage"},"image":{"@id":"https:\/\/www.tradaka.com\/lp\/labels-et-certifications-dans-le-secteur-du-batiment\/label-energie\/#primaryimage"},"thumbnailUrl":"https:\/\/www.tradaka.com\/lp\/wp-content\/uploads\/2023\/08\/iStock-1367036969.jpg","datePublished":"2023-05-31T11:17:40+00:00","dateModified":"2023-09-13T12:24:42+00:00","description":"Vous \u00eates \u00e0 la recherche d'informations & conseils sur le label \u00e9nergie ? Airko vous accompagne dans vos d\u00e9marches pour r\u00e9aliser des \u00e9conomies d'\u00e9nergies","breadcrumb":{"@id":"https:\/\/www.tradaka.com\/lp\/labels-et-certifications-dans-le-secteur-du-batiment\/label-energie\/#breadcrumb"},"inLanguage":"fr-FR","potentialAction":[{"@type":"ReadAction","target":["https:\/\/www.tradaka.com\/lp\/labels-et-certifications-dans-le-secteur-du-batiment\/label-energie\/"]}]},{"@type":"ImageObject","inLanguage":"fr-FR","@id":"https:\/\/www.tradaka.com\/lp\/labels-et-certifications-dans-le-secteur-du-batiment\/label-energie\/#primaryimage","url":"https:\/\/www.tradaka.com\/lp\/wp-content\/uploads\/2023\/08\/iStock-1367036969.jpg","contentUrl":"https:\/\/www.tradaka.com\/lp\/wp-content\/uploads\/2023\/08\/iStock-1367036969.jpg","width":1168,"height":898,"caption":"label-energie"},{"@type":"BreadcrumbList","@id":"https:\/\/www.tradaka.com\/lp\/labels-et-certifications-dans-le-secteur-du-batiment\/label-energie\/#breadcrumb","itemListElement":[{"@type":"ListItem","position":1,"name":"Labels et certifications","item":"https:\/\/www.tradaka.com\/lp\/labels-et-certifications-dans-le-secteur-du-batiment\/"},{"@type":"ListItem","position":2,"name":"Label \u00e9nergie"}]},{"@type":"WebSite","@id":"https:\/\/www.tradaka.com\/lp\/#website","url":"https:\/\/www.tradaka.com\/lp\/","name":"Tradaka","description":"","publisher":{"@id":"https:\/\/www.tradaka.com\/lp\/#organization"},"potentialAction":[{"@type":"SearchAction","target":{"@type":"EntryPoint","urlTemplate":"https:\/\/www.tradaka.com\/lp\/?s={search_term_string}"},"query-input":{"@type":"PropertyValueSpecification","valueRequired":true,"valueName":"search_term_string"}}],"inLanguage":"fr-FR"},{"@type":"Organization","@id":"https:\/\/www.tradaka.com\/lp\/#organization","name":"Tradaka","url":"https:\/\/www.tradaka.com\/lp\/","logo":{"@type":"ImageObject","inLanguage":"fr-FR","@id":"https:\/\/www.tradaka.com\/lp\/#\/schema\/logo\/image\/","url":"https:\/\/www.tradaka.com\/lp\/wp-content\/uploads\/2023\/09\/Logo-AIRKO.png","contentUrl":"https:\/\/www.tradaka.com\/lp\/wp-content\/uploads\/2023\/09\/Logo-AIRKO.png","width":223,"height":57,"caption":"Tradaka"},"image":{"@id":"https:\/\/www.tradaka.com\/lp\/#\/schema\/logo\/image\/"}}]}},"_links":{"self":[{"href":"https:\/\/www.tradaka.com\/lp\/wp-json\/wp\/v2\/pages\/1870","targetHints":{"allow":["GET"]}}],"collection":[{"href":"https:\/\/www.tradaka.com\/lp\/wp-json\/wp\/v2\/pages"}],"about":[{"href":"https:\/\/www.tradaka.com\/lp\/wp-json\/wp\/v2\/types\/page"}],"author":[{"embeddable":true,"href":"https:\/\/www.tradaka.com\/lp\/wp-json\/wp\/v2\/users\/2"}],"replies":[{"embeddable":true,"href":"https:\/\/www.tradaka.com\/lp\/wp-json\/wp\/v2\/comments?post=1870"}],"version-history":[{"count":10,"href":"https:\/\/www.tradaka.com\/lp\/wp-json\/wp\/v2\/pages\/1870\/revisions"}],"predecessor-version":[{"id":4440,"href":"https:\/\/www.tradaka.com\/lp\/wp-json\/wp\/v2\/pages\/1870\/revisions\/4440"}],"up":[{"embeddable":true,"href":"https:\/\/www.tradaka.com\/lp\/wp-json\/wp\/v2\/pages\/656"}],"wp:featuredmedia":[{"embeddable":true,"href":"https:\/\/www.tradaka.com\/lp\/wp-json\/wp\/v2\/media\/2972"}],"wp:attachment":[{"href":"https:\/\/www.tradaka.com\/lp\/wp-json\/wp\/v2\/media?parent=1870"}],"curies":[{"name":"wp","href":"https:\/\/api.w.org\/{rel}","templated":true}]}}