{"id":1837,"date":"2023-05-29T17:03:56","date_gmt":"2023-05-29T15:03:56","guid":{"rendered":"https:\/\/www.tradaka.com\/lp\/?page_id=1837"},"modified":"2023-09-01T12:03:37","modified_gmt":"2023-09-01T10:03:37","slug":"monteur-en-installations-thermiques","status":"publish","type":"page","link":"https:\/\/www.tradaka.com\/lp\/artisans\/metier-renovation-energetique\/monteur-en-installations-thermiques\/","title":{"rendered":"Faites connaissance avec le m\u00e9tier de monteur en installations thermiques"},"content":{"rendered":"","protected":false},"excerpt":{"rendered":"","protected":false},"author":2,"featured_media":3021,"parent":664,"menu_order":0,"comment_status":"closed","ping_status":"closed","template":"templates\/template-type-edito.php","meta":{"_acf_changed":false,"footnotes":""},"class_list":["post-1837","page","type-page","status-publish","has-post-thumbnail","hentry"],"acf":[],"yoast_head":"<!-- This site is optimized with the Yoast SEO plugin v26.7 - https:\/\/yoast.com\/wordpress\/plugins\/seo\/ -->\n<title>Faites connaissance avec le m\u00e9tier de monteur en installations thermiques - Tradaka<\/title>\n<meta name=\"description\" content=\"Vous \u00eates \u00e0 la recherche de solutions &amp; conseils sur le m\u00e9tier de monteur en installations thermiques ? Airko vous accompagne dans vos d\u00e9marches pour r\u00e9aliser des \u00e9conomies d&#039;\u00e9nergies\" \/>\n<meta name=\"robots\" content=\"noindex, follow, max-snippet:-1, max-image-preview:large, max-video-preview:-1\" \/>\n<meta property=\"og:locale\" content=\"fr_FR\" \/>\n<meta property=\"og:type\" content=\"article\" \/>\n<meta property=\"og:title\" content=\"Faites connaissance avec le m\u00e9tier de monteur en installations thermiques - Tradaka\" \/>\n<meta property=\"og:description\" content=\"Vous \u00eates \u00e0 la recherche de solutions &amp; conseils sur le m\u00e9tier de monteur en installations thermiques ? Airko vous accompagne dans vos d\u00e9marches pour r\u00e9aliser des \u00e9conomies d&#039;\u00e9nergies\" \/>\n<meta property=\"og:url\" content=\"https:\/\/www.tradaka.com\/lp\/artisans\/metier-renovation-energetique\/monteur-en-installations-thermiques\/\" \/>\n<meta property=\"og:site_name\" content=\"Tradaka\" \/>\n<meta property=\"article:modified_time\" content=\"2023-09-01T10:03:37+00:00\" \/>\n<meta property=\"og:image\" content=\"https:\/\/www.tradaka.com\/lp\/wp-content\/uploads\/2023\/08\/iStock-1429344041.jpg\" \/>\n\t<meta property=\"og:image:width\" content=\"1258\" \/>\n\t<meta property=\"og:image:height\" content=\"833\" \/>\n\t<meta property=\"og:image:type\" content=\"image\/jpeg\" \/>\n<meta name=\"twitter:card\" content=\"summary_large_image\" \/>\n<script type=\"application\/ld+json\" class=\"yoast-schema-graph\">{\"@context\":\"https:\/\/schema.org\",\"@graph\":[{\"@type\":\"WebPage\",\"@id\":\"https:\/\/www.tradaka.com\/lp\/artisans\/metier-renovation-energetique\/monteur-en-installations-thermiques\/\",\"url\":\"https:\/\/www.tradaka.com\/lp\/artisans\/metier-renovation-energetique\/monteur-en-installations-thermiques\/\",\"name\":\"Faites connaissance avec le m\u00e9tier de monteur en installations thermiques - Tradaka\",\"isPartOf\":{\"@id\":\"https:\/\/www.tradaka.com\/lp\/#website\"},\"primaryImageOfPage\":{\"@id\":\"https:\/\/www.tradaka.com\/lp\/artisans\/metier-renovation-energetique\/monteur-en-installations-thermiques\/#primaryimage\"},\"image\":{\"@id\":\"https:\/\/www.tradaka.com\/lp\/artisans\/metier-renovation-energetique\/monteur-en-installations-thermiques\/#primaryimage\"},\"thumbnailUrl\":\"https:\/\/www.tradaka.com\/lp\/wp-content\/uploads\/2023\/08\/iStock-1429344041.jpg\",\"datePublished\":\"2023-05-29T15:03:56+00:00\",\"dateModified\":\"2023-09-01T10:03:37+00:00\",\"description\":\"Vous \u00eates \u00e0 la recherche de solutions & conseils sur le m\u00e9tier de monteur en installations thermiques ? Airko vous accompagne dans vos d\u00e9marches pour r\u00e9aliser des \u00e9conomies d'\u00e9nergies\",\"breadcrumb\":{\"@id\":\"https:\/\/www.tradaka.com\/lp\/artisans\/metier-renovation-energetique\/monteur-en-installations-thermiques\/#breadcrumb\"},\"inLanguage\":\"fr-FR\",\"potentialAction\":[{\"@type\":\"ReadAction\",\"target\":[\"https:\/\/www.tradaka.com\/lp\/artisans\/metier-renovation-energetique\/monteur-en-installations-thermiques\/\"]}]},{\"@type\":\"ImageObject\",\"inLanguage\":\"fr-FR\",\"@id\":\"https:\/\/www.tradaka.com\/lp\/artisans\/metier-renovation-energetique\/monteur-en-installations-thermiques\/#primaryimage\",\"url\":\"https:\/\/www.tradaka.com\/lp\/wp-content\/uploads\/2023\/08\/iStock-1429344041.jpg\",\"contentUrl\":\"https:\/\/www.tradaka.com\/lp\/wp-content\/uploads\/2023\/08\/iStock-1429344041.jpg\",\"width\":1258,\"height\":833,\"caption\":\"monteur-en-installations-thermiques\"},{\"@type\":\"BreadcrumbList\",\"@id\":\"https:\/\/www.tradaka.com\/lp\/artisans\/metier-renovation-energetique\/monteur-en-installations-thermiques\/#breadcrumb\",\"itemListElement\":[{\"@type\":\"ListItem\",\"position\":1,\"name\":\"Artisans\",\"item\":\"https:\/\/www.tradaka.com\/lp\/artisans\/\"},{\"@type\":\"ListItem\",\"position\":2,\"name\":\"M\u00e9tiers de la r\u00e9novation \u00e9nerg\u00e9tique\",\"item\":\"https:\/\/www.tradaka.com\/lp\/artisans\/metier-renovation-energetique\/\"},{\"@type\":\"ListItem\",\"position\":3,\"name\":\"Monteur en installations thermiques\"}]},{\"@type\":\"WebSite\",\"@id\":\"https:\/\/www.tradaka.com\/lp\/#website\",\"url\":\"https:\/\/www.tradaka.com\/lp\/\",\"name\":\"Tradaka\",\"description\":\"\",\"publisher\":{\"@id\":\"https:\/\/www.tradaka.com\/lp\/#organization\"},\"potentialAction\":[{\"@type\":\"SearchAction\",\"target\":{\"@type\":\"EntryPoint\",\"urlTemplate\":\"https:\/\/www.tradaka.com\/lp\/?s={search_term_string}\"},\"query-input\":{\"@type\":\"PropertyValueSpecification\",\"valueRequired\":true,\"valueName\":\"search_term_string\"}}],\"inLanguage\":\"fr-FR\"},{\"@type\":\"Organization\",\"@id\":\"https:\/\/www.tradaka.com\/lp\/#organization\",\"name\":\"Tradaka\",\"url\":\"https:\/\/www.tradaka.com\/lp\/\",\"logo\":{\"@type\":\"ImageObject\",\"inLanguage\":\"fr-FR\",\"@id\":\"https:\/\/www.tradaka.com\/lp\/#\/schema\/logo\/image\/\",\"url\":\"https:\/\/www.tradaka.com\/lp\/wp-content\/uploads\/2023\/09\/Logo-AIRKO.png\",\"contentUrl\":\"https:\/\/www.tradaka.com\/lp\/wp-content\/uploads\/2023\/09\/Logo-AIRKO.png\",\"width\":223,\"height\":57,\"caption\":\"Tradaka\"},\"image\":{\"@id\":\"https:\/\/www.tradaka.com\/lp\/#\/schema\/logo\/image\/\"}}]}<\/script>\n<!-- \/ Yoast SEO plugin. -->","yoast_head_json":{"title":"Faites connaissance avec le m\u00e9tier de monteur en installations thermiques - Tradaka","description":"Vous \u00eates \u00e0 la recherche de solutions & conseils sur le m\u00e9tier de monteur en installations thermiques ? Airko vous accompagne dans vos d\u00e9marches pour r\u00e9aliser des \u00e9conomies d'\u00e9nergies","robots":{"index":"noindex","follow":"follow","max-snippet":"max-snippet:-1","max-image-preview":"max-image-preview:large","max-video-preview":"max-video-preview:-1"},"og_locale":"fr_FR","og_type":"article","og_title":"Faites connaissance avec le m\u00e9tier de monteur en installations thermiques - Tradaka","og_description":"Vous \u00eates \u00e0 la recherche de solutions & conseils sur le m\u00e9tier de monteur en installations thermiques ? Airko vous accompagne dans vos d\u00e9marches pour r\u00e9aliser des \u00e9conomies d'\u00e9nergies","og_url":"https:\/\/www.tradaka.com\/lp\/artisans\/metier-renovation-energetique\/monteur-en-installations-thermiques\/","og_site_name":"Tradaka","article_modified_time":"2023-09-01T10:03:37+00:00","og_image":[{"width":1258,"height":833,"url":"https:\/\/www.tradaka.com\/lp\/wp-content\/uploads\/2023\/08\/iStock-1429344041.jpg","type":"image\/jpeg"}],"twitter_card":"summary_large_image","schema":{"@context":"https:\/\/schema.org","@graph":[{"@type":"WebPage","@id":"https:\/\/www.tradaka.com\/lp\/artisans\/metier-renovation-energetique\/monteur-en-installations-thermiques\/","url":"https:\/\/www.tradaka.com\/lp\/artisans\/metier-renovation-energetique\/monteur-en-installations-thermiques\/","name":"Faites connaissance avec le m\u00e9tier de monteur en installations thermiques - Tradaka","isPartOf":{"@id":"https:\/\/www.tradaka.com\/lp\/#website"},"primaryImageOfPage":{"@id":"https:\/\/www.tradaka.com\/lp\/artisans\/metier-renovation-energetique\/monteur-en-installations-thermiques\/#primaryimage"},"image":{"@id":"https:\/\/www.tradaka.com\/lp\/artisans\/metier-renovation-energetique\/monteur-en-installations-thermiques\/#primaryimage"},"thumbnailUrl":"https:\/\/www.tradaka.com\/lp\/wp-content\/uploads\/2023\/08\/iStock-1429344041.jpg","datePublished":"2023-05-29T15:03:56+00:00","dateModified":"2023-09-01T10:03:37+00:00","description":"Vous \u00eates \u00e0 la recherche de solutions & conseils sur le m\u00e9tier de monteur en installations thermiques ? Airko vous accompagne dans vos d\u00e9marches pour r\u00e9aliser des \u00e9conomies d'\u00e9nergies","breadcrumb":{"@id":"https:\/\/www.tradaka.com\/lp\/artisans\/metier-renovation-energetique\/monteur-en-installations-thermiques\/#breadcrumb"},"inLanguage":"fr-FR","potentialAction":[{"@type":"ReadAction","target":["https:\/\/www.tradaka.com\/lp\/artisans\/metier-renovation-energetique\/monteur-en-installations-thermiques\/"]}]},{"@type":"ImageObject","inLanguage":"fr-FR","@id":"https:\/\/www.tradaka.com\/lp\/artisans\/metier-renovation-energetique\/monteur-en-installations-thermiques\/#primaryimage","url":"https:\/\/www.tradaka.com\/lp\/wp-content\/uploads\/2023\/08\/iStock-1429344041.jpg","contentUrl":"https:\/\/www.tradaka.com\/lp\/wp-content\/uploads\/2023\/08\/iStock-1429344041.jpg","width":1258,"height":833,"caption":"monteur-en-installations-thermiques"},{"@type":"BreadcrumbList","@id":"https:\/\/www.tradaka.com\/lp\/artisans\/metier-renovation-energetique\/monteur-en-installations-thermiques\/#breadcrumb","itemListElement":[{"@type":"ListItem","position":1,"name":"Artisans","item":"https:\/\/www.tradaka.com\/lp\/artisans\/"},{"@type":"ListItem","position":2,"name":"M\u00e9tiers de la r\u00e9novation \u00e9nerg\u00e9tique","item":"https:\/\/www.tradaka.com\/lp\/artisans\/metier-renovation-energetique\/"},{"@type":"ListItem","position":3,"name":"Monteur en installations thermiques"}]},{"@type":"WebSite","@id":"https:\/\/www.tradaka.com\/lp\/#website","url":"https:\/\/www.tradaka.com\/lp\/","name":"Tradaka","description":"","publisher":{"@id":"https:\/\/www.tradaka.com\/lp\/#organization"},"potentialAction":[{"@type":"SearchAction","target":{"@type":"EntryPoint","urlTemplate":"https:\/\/www.tradaka.com\/lp\/?s={search_term_string}"},"query-input":{"@type":"PropertyValueSpecification","valueRequired":true,"valueName":"search_term_string"}}],"inLanguage":"fr-FR"},{"@type":"Organization","@id":"https:\/\/www.tradaka.com\/lp\/#organization","name":"Tradaka","url":"https:\/\/www.tradaka.com\/lp\/","logo":{"@type":"ImageObject","inLanguage":"fr-FR","@id":"https:\/\/www.tradaka.com\/lp\/#\/schema\/logo\/image\/","url":"https:\/\/www.tradaka.com\/lp\/wp-content\/uploads\/2023\/09\/Logo-AIRKO.png","contentUrl":"https:\/\/www.tradaka.com\/lp\/wp-content\/uploads\/2023\/09\/Logo-AIRKO.png","width":223,"height":57,"caption":"Tradaka"},"image":{"@id":"https:\/\/www.tradaka.com\/lp\/#\/schema\/logo\/image\/"}}]}},"_links":{"self":[{"href":"https:\/\/www.tradaka.com\/lp\/wp-json\/wp\/v2\/pages\/1837","targetHints":{"allow":["GET"]}}],"collection":[{"href":"https:\/\/www.tradaka.com\/lp\/wp-json\/wp\/v2\/pages"}],"about":[{"href":"https:\/\/www.tradaka.com\/lp\/wp-json\/wp\/v2\/types\/page"}],"author":[{"embeddable":true,"href":"https:\/\/www.tradaka.com\/lp\/wp-json\/wp\/v2\/users\/2"}],"replies":[{"embeddable":true,"href":"https:\/\/www.tradaka.com\/lp\/wp-json\/wp\/v2\/comments?post=1837"}],"version-history":[{"count":6,"href":"https:\/\/www.tradaka.com\/lp\/wp-json\/wp\/v2\/pages\/1837\/revisions"}],"predecessor-version":[{"id":3740,"href":"https:\/\/www.tradaka.com\/lp\/wp-json\/wp\/v2\/pages\/1837\/revisions\/3740"}],"up":[{"embeddable":true,"href":"https:\/\/www.tradaka.com\/lp\/wp-json\/wp\/v2\/pages\/664"}],"wp:featuredmedia":[{"embeddable":true,"href":"https:\/\/www.tradaka.com\/lp\/wp-json\/wp\/v2\/media\/3021"}],"wp:attachment":[{"href":"https:\/\/www.tradaka.com\/lp\/wp-json\/wp\/v2\/media?parent=1837"}],"curies":[{"name":"wp","href":"https:\/\/api.w.org\/{rel}","templated":true}]}}