{"id":1681,"date":"2023-05-08T15:55:07","date_gmt":"2023-05-08T13:55:07","guid":{"rendered":"https:\/\/www.tradaka.com\/lp\/?page_id=1681"},"modified":"2023-09-15T12:16:19","modified_gmt":"2023-09-15T10:16:19","slug":"charbon","status":"publish","type":"page","link":"https:\/\/www.tradaka.com\/lp\/fournisseurs-et-energies\/quelle-energie-choisir\/charbon\/","title":{"rendered":"Comprendre le charbon : son utilisation et ses impacts sur l&rsquo;environnement"},"content":{"rendered":"","protected":false},"excerpt":{"rendered":"","protected":false},"author":2,"featured_media":2854,"parent":647,"menu_order":0,"comment_status":"closed","ping_status":"closed","template":"templates\/template-type-edito.php","meta":{"_acf_changed":false,"footnotes":""},"class_list":["post-1681","page","type-page","status-publish","has-post-thumbnail","hentry"],"acf":[],"yoast_head":"<!-- This site is optimized with the Yoast SEO plugin v26.7 - https:\/\/yoast.com\/wordpress\/plugins\/seo\/ -->\n<title>Comprendre le charbon : son utilisation et ses impacts sur l&#039;environnement - Tradaka<\/title>\n<meta name=\"description\" content=\"Vous \u00eates \u00e0 la recherche d&#039;informations sur le charbon ? Airko vous accompagne dans vos d\u00e9marches pour r\u00e9aliser des \u00e9conomies d&#039;\u00e9nergies\" \/>\n<meta name=\"robots\" content=\"noindex, follow, max-snippet:-1, max-image-preview:large, max-video-preview:-1\" \/>\n<meta property=\"og:locale\" content=\"fr_FR\" \/>\n<meta property=\"og:type\" content=\"article\" \/>\n<meta property=\"og:title\" content=\"Comprendre le charbon : son utilisation et ses impacts sur l&#039;environnement - Tradaka\" \/>\n<meta property=\"og:description\" content=\"Vous \u00eates \u00e0 la recherche d&#039;informations sur le charbon ? Airko vous accompagne dans vos d\u00e9marches pour r\u00e9aliser des \u00e9conomies d&#039;\u00e9nergies\" \/>\n<meta property=\"og:url\" content=\"https:\/\/www.tradaka.com\/lp\/fournisseurs-et-energies\/quelle-energie-choisir\/charbon\/\" \/>\n<meta property=\"og:site_name\" content=\"Tradaka\" \/>\n<meta property=\"article:modified_time\" content=\"2023-09-15T10:16:19+00:00\" \/>\n<meta property=\"og:image\" content=\"https:\/\/www.tradaka.com\/lp\/wp-content\/uploads\/2023\/08\/iStock-1340519929.jpg\" \/>\n\t<meta property=\"og:image:width\" content=\"1254\" \/>\n\t<meta property=\"og:image:height\" content=\"836\" \/>\n\t<meta property=\"og:image:type\" content=\"image\/jpeg\" \/>\n<meta name=\"twitter:card\" content=\"summary_large_image\" \/>\n<script type=\"application\/ld+json\" class=\"yoast-schema-graph\">{\"@context\":\"https:\/\/schema.org\",\"@graph\":[{\"@type\":\"WebPage\",\"@id\":\"https:\/\/www.tradaka.com\/lp\/fournisseurs-et-energies\/quelle-energie-choisir\/charbon\/\",\"url\":\"https:\/\/www.tradaka.com\/lp\/fournisseurs-et-energies\/quelle-energie-choisir\/charbon\/\",\"name\":\"Comprendre le charbon : son utilisation et ses impacts sur l'environnement - Tradaka\",\"isPartOf\":{\"@id\":\"https:\/\/www.tradaka.com\/lp\/#website\"},\"primaryImageOfPage\":{\"@id\":\"https:\/\/www.tradaka.com\/lp\/fournisseurs-et-energies\/quelle-energie-choisir\/charbon\/#primaryimage\"},\"image\":{\"@id\":\"https:\/\/www.tradaka.com\/lp\/fournisseurs-et-energies\/quelle-energie-choisir\/charbon\/#primaryimage\"},\"thumbnailUrl\":\"https:\/\/www.tradaka.com\/lp\/wp-content\/uploads\/2023\/08\/iStock-1340519929.jpg\",\"datePublished\":\"2023-05-08T13:55:07+00:00\",\"dateModified\":\"2023-09-15T10:16:19+00:00\",\"description\":\"Vous \u00eates \u00e0 la recherche d'informations sur le charbon ? Airko vous accompagne dans vos d\u00e9marches pour r\u00e9aliser des \u00e9conomies d'\u00e9nergies\",\"breadcrumb\":{\"@id\":\"https:\/\/www.tradaka.com\/lp\/fournisseurs-et-energies\/quelle-energie-choisir\/charbon\/#breadcrumb\"},\"inLanguage\":\"fr-FR\",\"potentialAction\":[{\"@type\":\"ReadAction\",\"target\":[\"https:\/\/www.tradaka.com\/lp\/fournisseurs-et-energies\/quelle-energie-choisir\/charbon\/\"]}]},{\"@type\":\"ImageObject\",\"inLanguage\":\"fr-FR\",\"@id\":\"https:\/\/www.tradaka.com\/lp\/fournisseurs-et-energies\/quelle-energie-choisir\/charbon\/#primaryimage\",\"url\":\"https:\/\/www.tradaka.com\/lp\/wp-content\/uploads\/2023\/08\/iStock-1340519929.jpg\",\"contentUrl\":\"https:\/\/www.tradaka.com\/lp\/wp-content\/uploads\/2023\/08\/iStock-1340519929.jpg\",\"width\":1254,\"height\":836,\"caption\":\"charbon\"},{\"@type\":\"BreadcrumbList\",\"@id\":\"https:\/\/www.tradaka.com\/lp\/fournisseurs-et-energies\/quelle-energie-choisir\/charbon\/#breadcrumb\",\"itemListElement\":[{\"@type\":\"ListItem\",\"position\":1,\"name\":\"Fournisseurs et \u00e9nergies\",\"item\":\"https:\/\/www.tradaka.com\/lp\/fournisseurs-et-energies\/\"},{\"@type\":\"ListItem\",\"position\":2,\"name\":\"Quelle \u00e9nergie choisir\",\"item\":\"https:\/\/www.tradaka.com\/lp\/fournisseurs-et-energies\/quelle-energie-choisir\/\"},{\"@type\":\"ListItem\",\"position\":3,\"name\":\"Charbon\"}]},{\"@type\":\"WebSite\",\"@id\":\"https:\/\/www.tradaka.com\/lp\/#website\",\"url\":\"https:\/\/www.tradaka.com\/lp\/\",\"name\":\"Tradaka\",\"description\":\"\",\"publisher\":{\"@id\":\"https:\/\/www.tradaka.com\/lp\/#organization\"},\"potentialAction\":[{\"@type\":\"SearchAction\",\"target\":{\"@type\":\"EntryPoint\",\"urlTemplate\":\"https:\/\/www.tradaka.com\/lp\/?s={search_term_string}\"},\"query-input\":{\"@type\":\"PropertyValueSpecification\",\"valueRequired\":true,\"valueName\":\"search_term_string\"}}],\"inLanguage\":\"fr-FR\"},{\"@type\":\"Organization\",\"@id\":\"https:\/\/www.tradaka.com\/lp\/#organization\",\"name\":\"Tradaka\",\"url\":\"https:\/\/www.tradaka.com\/lp\/\",\"logo\":{\"@type\":\"ImageObject\",\"inLanguage\":\"fr-FR\",\"@id\":\"https:\/\/www.tradaka.com\/lp\/#\/schema\/logo\/image\/\",\"url\":\"https:\/\/www.tradaka.com\/lp\/wp-content\/uploads\/2023\/09\/Logo-AIRKO.png\",\"contentUrl\":\"https:\/\/www.tradaka.com\/lp\/wp-content\/uploads\/2023\/09\/Logo-AIRKO.png\",\"width\":223,\"height\":57,\"caption\":\"Tradaka\"},\"image\":{\"@id\":\"https:\/\/www.tradaka.com\/lp\/#\/schema\/logo\/image\/\"}}]}<\/script>\n<!-- \/ Yoast SEO plugin. -->","yoast_head_json":{"title":"Comprendre le charbon : son utilisation et ses impacts sur l'environnement - Tradaka","description":"Vous \u00eates \u00e0 la recherche d'informations sur le charbon ? Airko vous accompagne dans vos d\u00e9marches pour r\u00e9aliser des \u00e9conomies d'\u00e9nergies","robots":{"index":"noindex","follow":"follow","max-snippet":"max-snippet:-1","max-image-preview":"max-image-preview:large","max-video-preview":"max-video-preview:-1"},"og_locale":"fr_FR","og_type":"article","og_title":"Comprendre le charbon : son utilisation et ses impacts sur l'environnement - Tradaka","og_description":"Vous \u00eates \u00e0 la recherche d'informations sur le charbon ? Airko vous accompagne dans vos d\u00e9marches pour r\u00e9aliser des \u00e9conomies d'\u00e9nergies","og_url":"https:\/\/www.tradaka.com\/lp\/fournisseurs-et-energies\/quelle-energie-choisir\/charbon\/","og_site_name":"Tradaka","article_modified_time":"2023-09-15T10:16:19+00:00","og_image":[{"width":1254,"height":836,"url":"https:\/\/www.tradaka.com\/lp\/wp-content\/uploads\/2023\/08\/iStock-1340519929.jpg","type":"image\/jpeg"}],"twitter_card":"summary_large_image","schema":{"@context":"https:\/\/schema.org","@graph":[{"@type":"WebPage","@id":"https:\/\/www.tradaka.com\/lp\/fournisseurs-et-energies\/quelle-energie-choisir\/charbon\/","url":"https:\/\/www.tradaka.com\/lp\/fournisseurs-et-energies\/quelle-energie-choisir\/charbon\/","name":"Comprendre le charbon : son utilisation et ses impacts sur l'environnement - Tradaka","isPartOf":{"@id":"https:\/\/www.tradaka.com\/lp\/#website"},"primaryImageOfPage":{"@id":"https:\/\/www.tradaka.com\/lp\/fournisseurs-et-energies\/quelle-energie-choisir\/charbon\/#primaryimage"},"image":{"@id":"https:\/\/www.tradaka.com\/lp\/fournisseurs-et-energies\/quelle-energie-choisir\/charbon\/#primaryimage"},"thumbnailUrl":"https:\/\/www.tradaka.com\/lp\/wp-content\/uploads\/2023\/08\/iStock-1340519929.jpg","datePublished":"2023-05-08T13:55:07+00:00","dateModified":"2023-09-15T10:16:19+00:00","description":"Vous \u00eates \u00e0 la recherche d'informations sur le charbon ? Airko vous accompagne dans vos d\u00e9marches pour r\u00e9aliser des \u00e9conomies d'\u00e9nergies","breadcrumb":{"@id":"https:\/\/www.tradaka.com\/lp\/fournisseurs-et-energies\/quelle-energie-choisir\/charbon\/#breadcrumb"},"inLanguage":"fr-FR","potentialAction":[{"@type":"ReadAction","target":["https:\/\/www.tradaka.com\/lp\/fournisseurs-et-energies\/quelle-energie-choisir\/charbon\/"]}]},{"@type":"ImageObject","inLanguage":"fr-FR","@id":"https:\/\/www.tradaka.com\/lp\/fournisseurs-et-energies\/quelle-energie-choisir\/charbon\/#primaryimage","url":"https:\/\/www.tradaka.com\/lp\/wp-content\/uploads\/2023\/08\/iStock-1340519929.jpg","contentUrl":"https:\/\/www.tradaka.com\/lp\/wp-content\/uploads\/2023\/08\/iStock-1340519929.jpg","width":1254,"height":836,"caption":"charbon"},{"@type":"BreadcrumbList","@id":"https:\/\/www.tradaka.com\/lp\/fournisseurs-et-energies\/quelle-energie-choisir\/charbon\/#breadcrumb","itemListElement":[{"@type":"ListItem","position":1,"name":"Fournisseurs et \u00e9nergies","item":"https:\/\/www.tradaka.com\/lp\/fournisseurs-et-energies\/"},{"@type":"ListItem","position":2,"name":"Quelle \u00e9nergie choisir","item":"https:\/\/www.tradaka.com\/lp\/fournisseurs-et-energies\/quelle-energie-choisir\/"},{"@type":"ListItem","position":3,"name":"Charbon"}]},{"@type":"WebSite","@id":"https:\/\/www.tradaka.com\/lp\/#website","url":"https:\/\/www.tradaka.com\/lp\/","name":"Tradaka","description":"","publisher":{"@id":"https:\/\/www.tradaka.com\/lp\/#organization"},"potentialAction":[{"@type":"SearchAction","target":{"@type":"EntryPoint","urlTemplate":"https:\/\/www.tradaka.com\/lp\/?s={search_term_string}"},"query-input":{"@type":"PropertyValueSpecification","valueRequired":true,"valueName":"search_term_string"}}],"inLanguage":"fr-FR"},{"@type":"Organization","@id":"https:\/\/www.tradaka.com\/lp\/#organization","name":"Tradaka","url":"https:\/\/www.tradaka.com\/lp\/","logo":{"@type":"ImageObject","inLanguage":"fr-FR","@id":"https:\/\/www.tradaka.com\/lp\/#\/schema\/logo\/image\/","url":"https:\/\/www.tradaka.com\/lp\/wp-content\/uploads\/2023\/09\/Logo-AIRKO.png","contentUrl":"https:\/\/www.tradaka.com\/lp\/wp-content\/uploads\/2023\/09\/Logo-AIRKO.png","width":223,"height":57,"caption":"Tradaka"},"image":{"@id":"https:\/\/www.tradaka.com\/lp\/#\/schema\/logo\/image\/"}}]}},"_links":{"self":[{"href":"https:\/\/www.tradaka.com\/lp\/wp-json\/wp\/v2\/pages\/1681","targetHints":{"allow":["GET"]}}],"collection":[{"href":"https:\/\/www.tradaka.com\/lp\/wp-json\/wp\/v2\/pages"}],"about":[{"href":"https:\/\/www.tradaka.com\/lp\/wp-json\/wp\/v2\/types\/page"}],"author":[{"embeddable":true,"href":"https:\/\/www.tradaka.com\/lp\/wp-json\/wp\/v2\/users\/2"}],"replies":[{"embeddable":true,"href":"https:\/\/www.tradaka.com\/lp\/wp-json\/wp\/v2\/comments?post=1681"}],"version-history":[{"count":14,"href":"https:\/\/www.tradaka.com\/lp\/wp-json\/wp\/v2\/pages\/1681\/revisions"}],"predecessor-version":[{"id":4774,"href":"https:\/\/www.tradaka.com\/lp\/wp-json\/wp\/v2\/pages\/1681\/revisions\/4774"}],"up":[{"embeddable":true,"href":"https:\/\/www.tradaka.com\/lp\/wp-json\/wp\/v2\/pages\/647"}],"wp:featuredmedia":[{"embeddable":true,"href":"https:\/\/www.tradaka.com\/lp\/wp-json\/wp\/v2\/media\/2854"}],"wp:attachment":[{"href":"https:\/\/www.tradaka.com\/lp\/wp-json\/wp\/v2\/media?parent=1681"}],"curies":[{"name":"wp","href":"https:\/\/api.w.org\/{rel}","templated":true}]}}