{"id":1601,"date":"2023-05-07T18:22:09","date_gmt":"2023-05-07T16:22:09","guid":{"rendered":"https:\/\/www.tradaka.com\/lp\/?page_id=1601"},"modified":"2023-11-23T12:50:56","modified_gmt":"2023-11-23T11:50:56","slug":"isolation-mur-interieur","status":"publish","type":"page","link":"https:\/\/www.tradaka.com\/lp\/renovation-energetique\/isolation\/isolation-mur-interieur\/","title":{"rendered":"Isolation mur int\u00e9rieur : tout savoir pour am\u00e9liorer le confort de votre logement"},"content":{"rendered":"","protected":false},"excerpt":{"rendered":"","protected":false},"author":2,"featured_media":2654,"parent":510,"menu_order":0,"comment_status":"closed","ping_status":"closed","template":"templates\/template-type-landing.php","meta":{"_acf_changed":false,"footnotes":""},"class_list":["post-1601","page","type-page","status-publish","has-post-thumbnail","hentry"],"acf":[],"yoast_head":"<!-- This site is optimized with the Yoast SEO plugin v26.7 - https:\/\/yoast.com\/wordpress\/plugins\/seo\/ -->\n<title>Isolation mur int\u00e9rieur : tout savoir pour am\u00e9liorer le confort de votre logement - Tradaka<\/title>\n<meta name=\"description\" content=\"Vous \u00eates \u00e0 la recherche de solutions &amp; conseils sur l&#039;isolation des murs int\u00e9rieurs ? Airko vous accompagne dans vos d\u00e9marches pour r\u00e9aliser des \u00e9conomies d&#039;\u00e9nergies\" \/>\n<meta name=\"robots\" content=\"noindex, follow, max-snippet:-1, max-image-preview:large, max-video-preview:-1\" \/>\n<meta property=\"og:locale\" content=\"fr_FR\" \/>\n<meta property=\"og:type\" content=\"article\" \/>\n<meta property=\"og:title\" content=\"Isolation mur int\u00e9rieur : tout savoir pour am\u00e9liorer le confort de votre logement - Tradaka\" \/>\n<meta property=\"og:description\" content=\"Vous \u00eates \u00e0 la recherche de solutions &amp; conseils sur l&#039;isolation des murs int\u00e9rieurs ? Airko vous accompagne dans vos d\u00e9marches pour r\u00e9aliser des \u00e9conomies d&#039;\u00e9nergies\" \/>\n<meta property=\"og:url\" content=\"https:\/\/www.tradaka.com\/lp\/renovation-energetique\/isolation\/isolation-mur-interieur\/\" \/>\n<meta property=\"og:site_name\" content=\"Tradaka\" \/>\n<meta property=\"article:modified_time\" content=\"2023-11-23T11:50:56+00:00\" \/>\n<meta property=\"og:image\" content=\"https:\/\/www.tradaka.com\/lp\/wp-content\/uploads\/2023\/07\/iStock-1061852176.jpg\" \/>\n\t<meta property=\"og:image:width\" content=\"1392\" \/>\n\t<meta property=\"og:image:height\" content=\"753\" \/>\n\t<meta property=\"og:image:type\" content=\"image\/jpeg\" \/>\n<meta name=\"twitter:card\" content=\"summary_large_image\" \/>\n<script type=\"application\/ld+json\" class=\"yoast-schema-graph\">{\"@context\":\"https:\/\/schema.org\",\"@graph\":[{\"@type\":\"WebPage\",\"@id\":\"https:\/\/www.tradaka.com\/lp\/renovation-energetique\/isolation\/isolation-mur-interieur\/\",\"url\":\"https:\/\/www.tradaka.com\/lp\/renovation-energetique\/isolation\/isolation-mur-interieur\/\",\"name\":\"Isolation mur int\u00e9rieur : tout savoir pour am\u00e9liorer le confort de votre logement - Tradaka\",\"isPartOf\":{\"@id\":\"https:\/\/www.tradaka.com\/lp\/#website\"},\"primaryImageOfPage\":{\"@id\":\"https:\/\/www.tradaka.com\/lp\/renovation-energetique\/isolation\/isolation-mur-interieur\/#primaryimage\"},\"image\":{\"@id\":\"https:\/\/www.tradaka.com\/lp\/renovation-energetique\/isolation\/isolation-mur-interieur\/#primaryimage\"},\"thumbnailUrl\":\"https:\/\/www.tradaka.com\/lp\/wp-content\/uploads\/2023\/07\/iStock-1061852176.jpg\",\"datePublished\":\"2023-05-07T16:22:09+00:00\",\"dateModified\":\"2023-11-23T11:50:56+00:00\",\"description\":\"Vous \u00eates \u00e0 la recherche de solutions & conseils sur l'isolation des murs int\u00e9rieurs ? Airko vous accompagne dans vos d\u00e9marches pour r\u00e9aliser des \u00e9conomies d'\u00e9nergies\",\"breadcrumb\":{\"@id\":\"https:\/\/www.tradaka.com\/lp\/renovation-energetique\/isolation\/isolation-mur-interieur\/#breadcrumb\"},\"inLanguage\":\"fr-FR\",\"potentialAction\":[{\"@type\":\"ReadAction\",\"target\":[\"https:\/\/www.tradaka.com\/lp\/renovation-energetique\/isolation\/isolation-mur-interieur\/\"]}]},{\"@type\":\"ImageObject\",\"inLanguage\":\"fr-FR\",\"@id\":\"https:\/\/www.tradaka.com\/lp\/renovation-energetique\/isolation\/isolation-mur-interieur\/#primaryimage\",\"url\":\"https:\/\/www.tradaka.com\/lp\/wp-content\/uploads\/2023\/07\/iStock-1061852176.jpg\",\"contentUrl\":\"https:\/\/www.tradaka.com\/lp\/wp-content\/uploads\/2023\/07\/iStock-1061852176.jpg\",\"width\":1392,\"height\":753,\"caption\":\"isolation-mur-interieur\"},{\"@type\":\"BreadcrumbList\",\"@id\":\"https:\/\/www.tradaka.com\/lp\/renovation-energetique\/isolation\/isolation-mur-interieur\/#breadcrumb\",\"itemListElement\":[{\"@type\":\"ListItem\",\"position\":1,\"name\":\"Renovation \u00e9nerg\u00e9tique\",\"item\":\"https:\/\/www.tradaka.com\/lp\/renovation-energetique\/\"},{\"@type\":\"ListItem\",\"position\":2,\"name\":\"Isolation\",\"item\":\"https:\/\/www.tradaka.com\/lp\/renovation-energetique\/isolation\/\"},{\"@type\":\"ListItem\",\"position\":3,\"name\":\"Isolation des murs interieurs\"}]},{\"@type\":\"WebSite\",\"@id\":\"https:\/\/www.tradaka.com\/lp\/#website\",\"url\":\"https:\/\/www.tradaka.com\/lp\/\",\"name\":\"Tradaka\",\"description\":\"\",\"publisher\":{\"@id\":\"https:\/\/www.tradaka.com\/lp\/#organization\"},\"potentialAction\":[{\"@type\":\"SearchAction\",\"target\":{\"@type\":\"EntryPoint\",\"urlTemplate\":\"https:\/\/www.tradaka.com\/lp\/?s={search_term_string}\"},\"query-input\":{\"@type\":\"PropertyValueSpecification\",\"valueRequired\":true,\"valueName\":\"search_term_string\"}}],\"inLanguage\":\"fr-FR\"},{\"@type\":\"Organization\",\"@id\":\"https:\/\/www.tradaka.com\/lp\/#organization\",\"name\":\"Tradaka\",\"url\":\"https:\/\/www.tradaka.com\/lp\/\",\"logo\":{\"@type\":\"ImageObject\",\"inLanguage\":\"fr-FR\",\"@id\":\"https:\/\/www.tradaka.com\/lp\/#\/schema\/logo\/image\/\",\"url\":\"https:\/\/www.tradaka.com\/lp\/wp-content\/uploads\/2023\/09\/Logo-AIRKO.png\",\"contentUrl\":\"https:\/\/www.tradaka.com\/lp\/wp-content\/uploads\/2023\/09\/Logo-AIRKO.png\",\"width\":223,\"height\":57,\"caption\":\"Tradaka\"},\"image\":{\"@id\":\"https:\/\/www.tradaka.com\/lp\/#\/schema\/logo\/image\/\"}}]}<\/script>\n<!-- \/ Yoast SEO plugin. -->","yoast_head_json":{"title":"Isolation mur int\u00e9rieur : tout savoir pour am\u00e9liorer le confort de votre logement - Tradaka","description":"Vous \u00eates \u00e0 la recherche de solutions & conseils sur l'isolation des murs int\u00e9rieurs ? Airko vous accompagne dans vos d\u00e9marches pour r\u00e9aliser des \u00e9conomies d'\u00e9nergies","robots":{"index":"noindex","follow":"follow","max-snippet":"max-snippet:-1","max-image-preview":"max-image-preview:large","max-video-preview":"max-video-preview:-1"},"og_locale":"fr_FR","og_type":"article","og_title":"Isolation mur int\u00e9rieur : tout savoir pour am\u00e9liorer le confort de votre logement - Tradaka","og_description":"Vous \u00eates \u00e0 la recherche de solutions & conseils sur l'isolation des murs int\u00e9rieurs ? Airko vous accompagne dans vos d\u00e9marches pour r\u00e9aliser des \u00e9conomies d'\u00e9nergies","og_url":"https:\/\/www.tradaka.com\/lp\/renovation-energetique\/isolation\/isolation-mur-interieur\/","og_site_name":"Tradaka","article_modified_time":"2023-11-23T11:50:56+00:00","og_image":[{"width":1392,"height":753,"url":"https:\/\/www.tradaka.com\/lp\/wp-content\/uploads\/2023\/07\/iStock-1061852176.jpg","type":"image\/jpeg"}],"twitter_card":"summary_large_image","schema":{"@context":"https:\/\/schema.org","@graph":[{"@type":"WebPage","@id":"https:\/\/www.tradaka.com\/lp\/renovation-energetique\/isolation\/isolation-mur-interieur\/","url":"https:\/\/www.tradaka.com\/lp\/renovation-energetique\/isolation\/isolation-mur-interieur\/","name":"Isolation mur int\u00e9rieur : tout savoir pour am\u00e9liorer le confort de votre logement - Tradaka","isPartOf":{"@id":"https:\/\/www.tradaka.com\/lp\/#website"},"primaryImageOfPage":{"@id":"https:\/\/www.tradaka.com\/lp\/renovation-energetique\/isolation\/isolation-mur-interieur\/#primaryimage"},"image":{"@id":"https:\/\/www.tradaka.com\/lp\/renovation-energetique\/isolation\/isolation-mur-interieur\/#primaryimage"},"thumbnailUrl":"https:\/\/www.tradaka.com\/lp\/wp-content\/uploads\/2023\/07\/iStock-1061852176.jpg","datePublished":"2023-05-07T16:22:09+00:00","dateModified":"2023-11-23T11:50:56+00:00","description":"Vous \u00eates \u00e0 la recherche de solutions & conseils sur l'isolation des murs int\u00e9rieurs ? Airko vous accompagne dans vos d\u00e9marches pour r\u00e9aliser des \u00e9conomies d'\u00e9nergies","breadcrumb":{"@id":"https:\/\/www.tradaka.com\/lp\/renovation-energetique\/isolation\/isolation-mur-interieur\/#breadcrumb"},"inLanguage":"fr-FR","potentialAction":[{"@type":"ReadAction","target":["https:\/\/www.tradaka.com\/lp\/renovation-energetique\/isolation\/isolation-mur-interieur\/"]}]},{"@type":"ImageObject","inLanguage":"fr-FR","@id":"https:\/\/www.tradaka.com\/lp\/renovation-energetique\/isolation\/isolation-mur-interieur\/#primaryimage","url":"https:\/\/www.tradaka.com\/lp\/wp-content\/uploads\/2023\/07\/iStock-1061852176.jpg","contentUrl":"https:\/\/www.tradaka.com\/lp\/wp-content\/uploads\/2023\/07\/iStock-1061852176.jpg","width":1392,"height":753,"caption":"isolation-mur-interieur"},{"@type":"BreadcrumbList","@id":"https:\/\/www.tradaka.com\/lp\/renovation-energetique\/isolation\/isolation-mur-interieur\/#breadcrumb","itemListElement":[{"@type":"ListItem","position":1,"name":"Renovation \u00e9nerg\u00e9tique","item":"https:\/\/www.tradaka.com\/lp\/renovation-energetique\/"},{"@type":"ListItem","position":2,"name":"Isolation","item":"https:\/\/www.tradaka.com\/lp\/renovation-energetique\/isolation\/"},{"@type":"ListItem","position":3,"name":"Isolation des murs interieurs"}]},{"@type":"WebSite","@id":"https:\/\/www.tradaka.com\/lp\/#website","url":"https:\/\/www.tradaka.com\/lp\/","name":"Tradaka","description":"","publisher":{"@id":"https:\/\/www.tradaka.com\/lp\/#organization"},"potentialAction":[{"@type":"SearchAction","target":{"@type":"EntryPoint","urlTemplate":"https:\/\/www.tradaka.com\/lp\/?s={search_term_string}"},"query-input":{"@type":"PropertyValueSpecification","valueRequired":true,"valueName":"search_term_string"}}],"inLanguage":"fr-FR"},{"@type":"Organization","@id":"https:\/\/www.tradaka.com\/lp\/#organization","name":"Tradaka","url":"https:\/\/www.tradaka.com\/lp\/","logo":{"@type":"ImageObject","inLanguage":"fr-FR","@id":"https:\/\/www.tradaka.com\/lp\/#\/schema\/logo\/image\/","url":"https:\/\/www.tradaka.com\/lp\/wp-content\/uploads\/2023\/09\/Logo-AIRKO.png","contentUrl":"https:\/\/www.tradaka.com\/lp\/wp-content\/uploads\/2023\/09\/Logo-AIRKO.png","width":223,"height":57,"caption":"Tradaka"},"image":{"@id":"https:\/\/www.tradaka.com\/lp\/#\/schema\/logo\/image\/"}}]}},"_links":{"self":[{"href":"https:\/\/www.tradaka.com\/lp\/wp-json\/wp\/v2\/pages\/1601","targetHints":{"allow":["GET"]}}],"collection":[{"href":"https:\/\/www.tradaka.com\/lp\/wp-json\/wp\/v2\/pages"}],"about":[{"href":"https:\/\/www.tradaka.com\/lp\/wp-json\/wp\/v2\/types\/page"}],"author":[{"embeddable":true,"href":"https:\/\/www.tradaka.com\/lp\/wp-json\/wp\/v2\/users\/2"}],"replies":[{"embeddable":true,"href":"https:\/\/www.tradaka.com\/lp\/wp-json\/wp\/v2\/comments?post=1601"}],"version-history":[{"count":11,"href":"https:\/\/www.tradaka.com\/lp\/wp-json\/wp\/v2\/pages\/1601\/revisions"}],"predecessor-version":[{"id":7579,"href":"https:\/\/www.tradaka.com\/lp\/wp-json\/wp\/v2\/pages\/1601\/revisions\/7579"}],"up":[{"embeddable":true,"href":"https:\/\/www.tradaka.com\/lp\/wp-json\/wp\/v2\/pages\/510"}],"wp:featuredmedia":[{"embeddable":true,"href":"https:\/\/www.tradaka.com\/lp\/wp-json\/wp\/v2\/media\/2654"}],"wp:attachment":[{"href":"https:\/\/www.tradaka.com\/lp\/wp-json\/wp\/v2\/media?parent=1601"}],"curies":[{"name":"wp","href":"https:\/\/api.w.org\/{rel}","templated":true}]}}