{"id":1551,"date":"2023-05-04T16:27:21","date_gmt":"2023-05-04T14:27:21","guid":{"rendered":"https:\/\/www.tradaka.com\/lp\/?page_id=1551"},"modified":"2023-11-21T11:56:46","modified_gmt":"2023-11-21T10:56:46","slug":"chauffe-bain","status":"publish","type":"page","link":"https:\/\/www.tradaka.com\/lp\/renovation-energetique\/ecs\/chauffe-eau\/chauffe-eau-gaz\/chauffe-bain\/","title":{"rendered":"Chauffe-bain : tout savoir pour choisir le mod\u00e8le id\u00e9al pour votre foyer et optimiser votre r\u00e9novation \u00e9nerg\u00e9tique"},"content":{"rendered":"","protected":false},"excerpt":{"rendered":"","protected":false},"author":2,"featured_media":2619,"parent":1545,"menu_order":0,"comment_status":"closed","ping_status":"closed","template":"templates\/template-type-landing.php","meta":{"_acf_changed":false,"footnotes":""},"class_list":["post-1551","page","type-page","status-publish","has-post-thumbnail","hentry"],"acf":[],"yoast_head":"<!-- This site is optimized with the Yoast SEO plugin v26.7 - https:\/\/yoast.com\/wordpress\/plugins\/seo\/ -->\n<title>Chauffe-bain : tout savoir pour choisir le mod\u00e8le id\u00e9al pour votre foyer et optimiser votre r\u00e9novation \u00e9nerg\u00e9tique - Tradaka<\/title>\n<meta name=\"description\" content=\"Vous \u00eates \u00e0 la recherche de solutions &amp; conseils sur le chauffe-bain ? Airko vous accompagne dans vos d\u00e9marches pour r\u00e9aliser des \u00e9conomies d&#039;\u00e9nergies\" \/>\n<meta name=\"robots\" content=\"noindex, follow, max-snippet:-1, max-image-preview:large, max-video-preview:-1\" \/>\n<meta property=\"og:locale\" content=\"fr_FR\" \/>\n<meta property=\"og:type\" content=\"article\" \/>\n<meta property=\"og:title\" content=\"Chauffe-bain : tout savoir pour choisir le mod\u00e8le id\u00e9al pour votre foyer et optimiser votre r\u00e9novation \u00e9nerg\u00e9tique - Tradaka\" \/>\n<meta property=\"og:description\" content=\"Vous \u00eates \u00e0 la recherche de solutions &amp; conseils sur le chauffe-bain ? Airko vous accompagne dans vos d\u00e9marches pour r\u00e9aliser des \u00e9conomies d&#039;\u00e9nergies\" \/>\n<meta property=\"og:url\" content=\"https:\/\/www.tradaka.com\/lp\/renovation-energetique\/ecs\/chauffe-eau\/chauffe-eau-gaz\/chauffe-bain\/\" \/>\n<meta property=\"og:site_name\" content=\"Tradaka\" \/>\n<meta property=\"article:modified_time\" content=\"2023-11-21T10:56:46+00:00\" \/>\n<meta property=\"og:image\" content=\"https:\/\/www.tradaka.com\/lp\/wp-content\/uploads\/2023\/07\/iStock-1409828619.jpg\" \/>\n\t<meta property=\"og:image:width\" content=\"1345\" \/>\n\t<meta property=\"og:image:height\" content=\"780\" \/>\n\t<meta property=\"og:image:type\" content=\"image\/jpeg\" \/>\n<meta name=\"twitter:card\" content=\"summary_large_image\" \/>\n<script type=\"application\/ld+json\" class=\"yoast-schema-graph\">{\"@context\":\"https:\/\/schema.org\",\"@graph\":[{\"@type\":\"WebPage\",\"@id\":\"https:\/\/www.tradaka.com\/lp\/renovation-energetique\/ecs\/chauffe-eau\/chauffe-eau-gaz\/chauffe-bain\/\",\"url\":\"https:\/\/www.tradaka.com\/lp\/renovation-energetique\/ecs\/chauffe-eau\/chauffe-eau-gaz\/chauffe-bain\/\",\"name\":\"Chauffe-bain : tout savoir pour choisir le mod\u00e8le id\u00e9al pour votre foyer et optimiser votre r\u00e9novation \u00e9nerg\u00e9tique - Tradaka\",\"isPartOf\":{\"@id\":\"https:\/\/www.tradaka.com\/lp\/#website\"},\"primaryImageOfPage\":{\"@id\":\"https:\/\/www.tradaka.com\/lp\/renovation-energetique\/ecs\/chauffe-eau\/chauffe-eau-gaz\/chauffe-bain\/#primaryimage\"},\"image\":{\"@id\":\"https:\/\/www.tradaka.com\/lp\/renovation-energetique\/ecs\/chauffe-eau\/chauffe-eau-gaz\/chauffe-bain\/#primaryimage\"},\"thumbnailUrl\":\"https:\/\/www.tradaka.com\/lp\/wp-content\/uploads\/2023\/07\/iStock-1409828619.jpg\",\"datePublished\":\"2023-05-04T14:27:21+00:00\",\"dateModified\":\"2023-11-21T10:56:46+00:00\",\"description\":\"Vous \u00eates \u00e0 la recherche de solutions & conseils sur le chauffe-bain ? Airko vous accompagne dans vos d\u00e9marches pour r\u00e9aliser des \u00e9conomies d'\u00e9nergies\",\"breadcrumb\":{\"@id\":\"https:\/\/www.tradaka.com\/lp\/renovation-energetique\/ecs\/chauffe-eau\/chauffe-eau-gaz\/chauffe-bain\/#breadcrumb\"},\"inLanguage\":\"fr-FR\",\"potentialAction\":[{\"@type\":\"ReadAction\",\"target\":[\"https:\/\/www.tradaka.com\/lp\/renovation-energetique\/ecs\/chauffe-eau\/chauffe-eau-gaz\/chauffe-bain\/\"]}]},{\"@type\":\"ImageObject\",\"inLanguage\":\"fr-FR\",\"@id\":\"https:\/\/www.tradaka.com\/lp\/renovation-energetique\/ecs\/chauffe-eau\/chauffe-eau-gaz\/chauffe-bain\/#primaryimage\",\"url\":\"https:\/\/www.tradaka.com\/lp\/wp-content\/uploads\/2023\/07\/iStock-1409828619.jpg\",\"contentUrl\":\"https:\/\/www.tradaka.com\/lp\/wp-content\/uploads\/2023\/07\/iStock-1409828619.jpg\",\"width\":1345,\"height\":780,\"caption\":\"chauffe bain\"},{\"@type\":\"BreadcrumbList\",\"@id\":\"https:\/\/www.tradaka.com\/lp\/renovation-energetique\/ecs\/chauffe-eau\/chauffe-eau-gaz\/chauffe-bain\/#breadcrumb\",\"itemListElement\":[{\"@type\":\"ListItem\",\"position\":1,\"name\":\"Renovation \u00e9nerg\u00e9tique\",\"item\":\"https:\/\/www.tradaka.com\/lp\/renovation-energetique\/\"},{\"@type\":\"ListItem\",\"position\":2,\"name\":\"Ecs\",\"item\":\"https:\/\/www.tradaka.com\/lp\/renovation-energetique\/ecs\/\"},{\"@type\":\"ListItem\",\"position\":3,\"name\":\"Chauffe-eau\",\"item\":\"https:\/\/www.tradaka.com\/lp\/renovation-energetique\/ecs\/chauffe-eau\/\"},{\"@type\":\"ListItem\",\"position\":4,\"name\":\"Chauffe-eau au gaz\",\"item\":\"https:\/\/www.tradaka.com\/lp\/renovation-energetique\/ecs\/chauffe-eau\/chauffe-eau-gaz\/\"},{\"@type\":\"ListItem\",\"position\":5,\"name\":\"Chauffe bain\"}]},{\"@type\":\"WebSite\",\"@id\":\"https:\/\/www.tradaka.com\/lp\/#website\",\"url\":\"https:\/\/www.tradaka.com\/lp\/\",\"name\":\"Tradaka\",\"description\":\"\",\"publisher\":{\"@id\":\"https:\/\/www.tradaka.com\/lp\/#organization\"},\"potentialAction\":[{\"@type\":\"SearchAction\",\"target\":{\"@type\":\"EntryPoint\",\"urlTemplate\":\"https:\/\/www.tradaka.com\/lp\/?s={search_term_string}\"},\"query-input\":{\"@type\":\"PropertyValueSpecification\",\"valueRequired\":true,\"valueName\":\"search_term_string\"}}],\"inLanguage\":\"fr-FR\"},{\"@type\":\"Organization\",\"@id\":\"https:\/\/www.tradaka.com\/lp\/#organization\",\"name\":\"Tradaka\",\"url\":\"https:\/\/www.tradaka.com\/lp\/\",\"logo\":{\"@type\":\"ImageObject\",\"inLanguage\":\"fr-FR\",\"@id\":\"https:\/\/www.tradaka.com\/lp\/#\/schema\/logo\/image\/\",\"url\":\"https:\/\/www.tradaka.com\/lp\/wp-content\/uploads\/2023\/09\/Logo-AIRKO.png\",\"contentUrl\":\"https:\/\/www.tradaka.com\/lp\/wp-content\/uploads\/2023\/09\/Logo-AIRKO.png\",\"width\":223,\"height\":57,\"caption\":\"Tradaka\"},\"image\":{\"@id\":\"https:\/\/www.tradaka.com\/lp\/#\/schema\/logo\/image\/\"}}]}<\/script>\n<!-- \/ Yoast SEO plugin. -->","yoast_head_json":{"title":"Chauffe-bain : tout savoir pour choisir le mod\u00e8le id\u00e9al pour votre foyer et optimiser votre r\u00e9novation \u00e9nerg\u00e9tique - Tradaka","description":"Vous \u00eates \u00e0 la recherche de solutions & conseils sur le chauffe-bain ? Airko vous accompagne dans vos d\u00e9marches pour r\u00e9aliser des \u00e9conomies d'\u00e9nergies","robots":{"index":"noindex","follow":"follow","max-snippet":"max-snippet:-1","max-image-preview":"max-image-preview:large","max-video-preview":"max-video-preview:-1"},"og_locale":"fr_FR","og_type":"article","og_title":"Chauffe-bain : tout savoir pour choisir le mod\u00e8le id\u00e9al pour votre foyer et optimiser votre r\u00e9novation \u00e9nerg\u00e9tique - Tradaka","og_description":"Vous \u00eates \u00e0 la recherche de solutions & conseils sur le chauffe-bain ? Airko vous accompagne dans vos d\u00e9marches pour r\u00e9aliser des \u00e9conomies d'\u00e9nergies","og_url":"https:\/\/www.tradaka.com\/lp\/renovation-energetique\/ecs\/chauffe-eau\/chauffe-eau-gaz\/chauffe-bain\/","og_site_name":"Tradaka","article_modified_time":"2023-11-21T10:56:46+00:00","og_image":[{"width":1345,"height":780,"url":"https:\/\/www.tradaka.com\/lp\/wp-content\/uploads\/2023\/07\/iStock-1409828619.jpg","type":"image\/jpeg"}],"twitter_card":"summary_large_image","schema":{"@context":"https:\/\/schema.org","@graph":[{"@type":"WebPage","@id":"https:\/\/www.tradaka.com\/lp\/renovation-energetique\/ecs\/chauffe-eau\/chauffe-eau-gaz\/chauffe-bain\/","url":"https:\/\/www.tradaka.com\/lp\/renovation-energetique\/ecs\/chauffe-eau\/chauffe-eau-gaz\/chauffe-bain\/","name":"Chauffe-bain : tout savoir pour choisir le mod\u00e8le id\u00e9al pour votre foyer et optimiser votre r\u00e9novation \u00e9nerg\u00e9tique - Tradaka","isPartOf":{"@id":"https:\/\/www.tradaka.com\/lp\/#website"},"primaryImageOfPage":{"@id":"https:\/\/www.tradaka.com\/lp\/renovation-energetique\/ecs\/chauffe-eau\/chauffe-eau-gaz\/chauffe-bain\/#primaryimage"},"image":{"@id":"https:\/\/www.tradaka.com\/lp\/renovation-energetique\/ecs\/chauffe-eau\/chauffe-eau-gaz\/chauffe-bain\/#primaryimage"},"thumbnailUrl":"https:\/\/www.tradaka.com\/lp\/wp-content\/uploads\/2023\/07\/iStock-1409828619.jpg","datePublished":"2023-05-04T14:27:21+00:00","dateModified":"2023-11-21T10:56:46+00:00","description":"Vous \u00eates \u00e0 la recherche de solutions & conseils sur le chauffe-bain ? Airko vous accompagne dans vos d\u00e9marches pour r\u00e9aliser des \u00e9conomies d'\u00e9nergies","breadcrumb":{"@id":"https:\/\/www.tradaka.com\/lp\/renovation-energetique\/ecs\/chauffe-eau\/chauffe-eau-gaz\/chauffe-bain\/#breadcrumb"},"inLanguage":"fr-FR","potentialAction":[{"@type":"ReadAction","target":["https:\/\/www.tradaka.com\/lp\/renovation-energetique\/ecs\/chauffe-eau\/chauffe-eau-gaz\/chauffe-bain\/"]}]},{"@type":"ImageObject","inLanguage":"fr-FR","@id":"https:\/\/www.tradaka.com\/lp\/renovation-energetique\/ecs\/chauffe-eau\/chauffe-eau-gaz\/chauffe-bain\/#primaryimage","url":"https:\/\/www.tradaka.com\/lp\/wp-content\/uploads\/2023\/07\/iStock-1409828619.jpg","contentUrl":"https:\/\/www.tradaka.com\/lp\/wp-content\/uploads\/2023\/07\/iStock-1409828619.jpg","width":1345,"height":780,"caption":"chauffe bain"},{"@type":"BreadcrumbList","@id":"https:\/\/www.tradaka.com\/lp\/renovation-energetique\/ecs\/chauffe-eau\/chauffe-eau-gaz\/chauffe-bain\/#breadcrumb","itemListElement":[{"@type":"ListItem","position":1,"name":"Renovation \u00e9nerg\u00e9tique","item":"https:\/\/www.tradaka.com\/lp\/renovation-energetique\/"},{"@type":"ListItem","position":2,"name":"Ecs","item":"https:\/\/www.tradaka.com\/lp\/renovation-energetique\/ecs\/"},{"@type":"ListItem","position":3,"name":"Chauffe-eau","item":"https:\/\/www.tradaka.com\/lp\/renovation-energetique\/ecs\/chauffe-eau\/"},{"@type":"ListItem","position":4,"name":"Chauffe-eau au gaz","item":"https:\/\/www.tradaka.com\/lp\/renovation-energetique\/ecs\/chauffe-eau\/chauffe-eau-gaz\/"},{"@type":"ListItem","position":5,"name":"Chauffe bain"}]},{"@type":"WebSite","@id":"https:\/\/www.tradaka.com\/lp\/#website","url":"https:\/\/www.tradaka.com\/lp\/","name":"Tradaka","description":"","publisher":{"@id":"https:\/\/www.tradaka.com\/lp\/#organization"},"potentialAction":[{"@type":"SearchAction","target":{"@type":"EntryPoint","urlTemplate":"https:\/\/www.tradaka.com\/lp\/?s={search_term_string}"},"query-input":{"@type":"PropertyValueSpecification","valueRequired":true,"valueName":"search_term_string"}}],"inLanguage":"fr-FR"},{"@type":"Organization","@id":"https:\/\/www.tradaka.com\/lp\/#organization","name":"Tradaka","url":"https:\/\/www.tradaka.com\/lp\/","logo":{"@type":"ImageObject","inLanguage":"fr-FR","@id":"https:\/\/www.tradaka.com\/lp\/#\/schema\/logo\/image\/","url":"https:\/\/www.tradaka.com\/lp\/wp-content\/uploads\/2023\/09\/Logo-AIRKO.png","contentUrl":"https:\/\/www.tradaka.com\/lp\/wp-content\/uploads\/2023\/09\/Logo-AIRKO.png","width":223,"height":57,"caption":"Tradaka"},"image":{"@id":"https:\/\/www.tradaka.com\/lp\/#\/schema\/logo\/image\/"}}]}},"_links":{"self":[{"href":"https:\/\/www.tradaka.com\/lp\/wp-json\/wp\/v2\/pages\/1551","targetHints":{"allow":["GET"]}}],"collection":[{"href":"https:\/\/www.tradaka.com\/lp\/wp-json\/wp\/v2\/pages"}],"about":[{"href":"https:\/\/www.tradaka.com\/lp\/wp-json\/wp\/v2\/types\/page"}],"author":[{"embeddable":true,"href":"https:\/\/www.tradaka.com\/lp\/wp-json\/wp\/v2\/users\/2"}],"replies":[{"embeddable":true,"href":"https:\/\/www.tradaka.com\/lp\/wp-json\/wp\/v2\/comments?post=1551"}],"version-history":[{"count":13,"href":"https:\/\/www.tradaka.com\/lp\/wp-json\/wp\/v2\/pages\/1551\/revisions"}],"predecessor-version":[{"id":7366,"href":"https:\/\/www.tradaka.com\/lp\/wp-json\/wp\/v2\/pages\/1551\/revisions\/7366"}],"up":[{"embeddable":true,"href":"https:\/\/www.tradaka.com\/lp\/wp-json\/wp\/v2\/pages\/1545"}],"wp:featuredmedia":[{"embeddable":true,"href":"https:\/\/www.tradaka.com\/lp\/wp-json\/wp\/v2\/media\/2619"}],"wp:attachment":[{"href":"https:\/\/www.tradaka.com\/lp\/wp-json\/wp\/v2\/media?parent=1551"}],"curies":[{"name":"wp","href":"https:\/\/api.w.org\/{rel}","templated":true}]}}