{"id":1324,"date":"2023-05-02T17:06:55","date_gmt":"2023-05-02T15:06:55","guid":{"rendered":"https:\/\/www.tradaka.com\/lp\/?page_id=1324"},"modified":"2023-10-18T15:43:20","modified_gmt":"2023-10-18T13:43:20","slug":"eolienne-horizontale","status":"publish","type":"page","link":"https:\/\/www.tradaka.com\/lp\/produire-electricite\/eolienne-domestique-2\/eolienne-horizontale\/","title":{"rendered":"VTout savoir sur l&rsquo;\u00e9olienne horizontale"},"content":{"rendered":"","protected":false},"excerpt":{"rendered":"","protected":false},"author":2,"featured_media":2830,"parent":1314,"menu_order":0,"comment_status":"closed","ping_status":"closed","template":"templates\/template-type-landing.php","meta":{"_acf_changed":false,"footnotes":""},"class_list":["post-1324","page","type-page","status-publish","has-post-thumbnail","hentry"],"acf":[],"yoast_head":"<!-- This site is optimized with the Yoast SEO plugin v26.7 - https:\/\/yoast.com\/wordpress\/plugins\/seo\/ -->\n<title>\u00c9olienne Horizontale : Fonctionnement, avantages, prix - Tradaka<\/title>\n<meta name=\"description\" content=\"Vous \u00eates \u00e0 la recherche de solutions &amp; conseils sur l&#039;\u00e9olienne horizontale ? Airko vous accompagne dans vos d\u00e9marches pour r\u00e9aliser des \u00e9conomies d&#039;\u00e9nergies\" \/>\n<meta name=\"robots\" content=\"noindex, follow, max-snippet:-1, max-image-preview:large, max-video-preview:-1\" \/>\n<meta property=\"og:locale\" content=\"fr_FR\" \/>\n<meta property=\"og:type\" content=\"article\" \/>\n<meta property=\"og:title\" content=\"\u00c9olienne Horizontale : Fonctionnement, avantages, prix - Tradaka\" \/>\n<meta property=\"og:description\" content=\"Vous \u00eates \u00e0 la recherche de solutions &amp; conseils sur l&#039;\u00e9olienne horizontale ? Airko vous accompagne dans vos d\u00e9marches pour r\u00e9aliser des \u00e9conomies d&#039;\u00e9nergies\" \/>\n<meta property=\"og:url\" content=\"https:\/\/www.tradaka.com\/lp\/produire-electricite\/eolienne-domestique-2\/eolienne-horizontale\/\" \/>\n<meta property=\"og:site_name\" content=\"Tradaka\" \/>\n<meta property=\"article:modified_time\" content=\"2023-10-18T13:43:20+00:00\" \/>\n<meta property=\"og:image\" content=\"https:\/\/www.tradaka.com\/lp\/wp-content\/uploads\/2023\/08\/iStock-155876942.jpg\" \/>\n\t<meta property=\"og:image:width\" content=\"1335\" \/>\n\t<meta property=\"og:image:height\" content=\"786\" \/>\n\t<meta property=\"og:image:type\" content=\"image\/jpeg\" \/>\n<meta name=\"twitter:card\" content=\"summary_large_image\" \/>\n<script type=\"application\/ld+json\" class=\"yoast-schema-graph\">{\"@context\":\"https:\/\/schema.org\",\"@graph\":[{\"@type\":\"WebPage\",\"@id\":\"https:\/\/www.tradaka.com\/lp\/produire-electricite\/eolienne-domestique-2\/eolienne-horizontale\/\",\"url\":\"https:\/\/www.tradaka.com\/lp\/produire-electricite\/eolienne-domestique-2\/eolienne-horizontale\/\",\"name\":\"\u00c9olienne Horizontale : Fonctionnement, avantages, prix - Tradaka\",\"isPartOf\":{\"@id\":\"https:\/\/www.tradaka.com\/lp\/#website\"},\"primaryImageOfPage\":{\"@id\":\"https:\/\/www.tradaka.com\/lp\/produire-electricite\/eolienne-domestique-2\/eolienne-horizontale\/#primaryimage\"},\"image\":{\"@id\":\"https:\/\/www.tradaka.com\/lp\/produire-electricite\/eolienne-domestique-2\/eolienne-horizontale\/#primaryimage\"},\"thumbnailUrl\":\"https:\/\/www.tradaka.com\/lp\/wp-content\/uploads\/2023\/08\/iStock-155876942.jpg\",\"datePublished\":\"2023-05-02T15:06:55+00:00\",\"dateModified\":\"2023-10-18T13:43:20+00:00\",\"description\":\"Vous \u00eates \u00e0 la recherche de solutions & conseils sur l'\u00e9olienne horizontale ? Airko vous accompagne dans vos d\u00e9marches pour r\u00e9aliser des \u00e9conomies d'\u00e9nergies\",\"breadcrumb\":{\"@id\":\"https:\/\/www.tradaka.com\/lp\/produire-electricite\/eolienne-domestique-2\/eolienne-horizontale\/#breadcrumb\"},\"inLanguage\":\"fr-FR\",\"potentialAction\":[{\"@type\":\"ReadAction\",\"target\":[\"https:\/\/www.tradaka.com\/lp\/produire-electricite\/eolienne-domestique-2\/eolienne-horizontale\/\"]}]},{\"@type\":\"ImageObject\",\"inLanguage\":\"fr-FR\",\"@id\":\"https:\/\/www.tradaka.com\/lp\/produire-electricite\/eolienne-domestique-2\/eolienne-horizontale\/#primaryimage\",\"url\":\"https:\/\/www.tradaka.com\/lp\/wp-content\/uploads\/2023\/08\/iStock-155876942.jpg\",\"contentUrl\":\"https:\/\/www.tradaka.com\/lp\/wp-content\/uploads\/2023\/08\/iStock-155876942.jpg\",\"width\":1335,\"height\":786,\"caption\":\"eolienne-horizontale\"},{\"@type\":\"BreadcrumbList\",\"@id\":\"https:\/\/www.tradaka.com\/lp\/produire-electricite\/eolienne-domestique-2\/eolienne-horizontale\/#breadcrumb\",\"itemListElement\":[{\"@type\":\"ListItem\",\"position\":1,\"name\":\"Produire son \u00e9lectricit\u00e9\",\"item\":\"https:\/\/www.tradaka.com\/lp\/produire-electricite\/\"},{\"@type\":\"ListItem\",\"position\":2,\"name\":\"Eolienne domestique\",\"item\":\"https:\/\/www.tradaka.com\/lp\/produire-electricite\/eolienne-domestique-2\/\"},{\"@type\":\"ListItem\",\"position\":3,\"name\":\"Eolienne horizontale\"}]},{\"@type\":\"WebSite\",\"@id\":\"https:\/\/www.tradaka.com\/lp\/#website\",\"url\":\"https:\/\/www.tradaka.com\/lp\/\",\"name\":\"Tradaka\",\"description\":\"\",\"publisher\":{\"@id\":\"https:\/\/www.tradaka.com\/lp\/#organization\"},\"potentialAction\":[{\"@type\":\"SearchAction\",\"target\":{\"@type\":\"EntryPoint\",\"urlTemplate\":\"https:\/\/www.tradaka.com\/lp\/?s={search_term_string}\"},\"query-input\":{\"@type\":\"PropertyValueSpecification\",\"valueRequired\":true,\"valueName\":\"search_term_string\"}}],\"inLanguage\":\"fr-FR\"},{\"@type\":\"Organization\",\"@id\":\"https:\/\/www.tradaka.com\/lp\/#organization\",\"name\":\"Tradaka\",\"url\":\"https:\/\/www.tradaka.com\/lp\/\",\"logo\":{\"@type\":\"ImageObject\",\"inLanguage\":\"fr-FR\",\"@id\":\"https:\/\/www.tradaka.com\/lp\/#\/schema\/logo\/image\/\",\"url\":\"https:\/\/www.tradaka.com\/lp\/wp-content\/uploads\/2023\/09\/Logo-AIRKO.png\",\"contentUrl\":\"https:\/\/www.tradaka.com\/lp\/wp-content\/uploads\/2023\/09\/Logo-AIRKO.png\",\"width\":223,\"height\":57,\"caption\":\"Tradaka\"},\"image\":{\"@id\":\"https:\/\/www.tradaka.com\/lp\/#\/schema\/logo\/image\/\"}}]}<\/script>\n<!-- \/ Yoast SEO plugin. -->","yoast_head_json":{"title":"\u00c9olienne Horizontale : Fonctionnement, avantages, prix - Tradaka","description":"Vous \u00eates \u00e0 la recherche de solutions & conseils sur l'\u00e9olienne horizontale ? Airko vous accompagne dans vos d\u00e9marches pour r\u00e9aliser des \u00e9conomies d'\u00e9nergies","robots":{"index":"noindex","follow":"follow","max-snippet":"max-snippet:-1","max-image-preview":"max-image-preview:large","max-video-preview":"max-video-preview:-1"},"og_locale":"fr_FR","og_type":"article","og_title":"\u00c9olienne Horizontale : Fonctionnement, avantages, prix - Tradaka","og_description":"Vous \u00eates \u00e0 la recherche de solutions & conseils sur l'\u00e9olienne horizontale ? Airko vous accompagne dans vos d\u00e9marches pour r\u00e9aliser des \u00e9conomies d'\u00e9nergies","og_url":"https:\/\/www.tradaka.com\/lp\/produire-electricite\/eolienne-domestique-2\/eolienne-horizontale\/","og_site_name":"Tradaka","article_modified_time":"2023-10-18T13:43:20+00:00","og_image":[{"width":1335,"height":786,"url":"https:\/\/www.tradaka.com\/lp\/wp-content\/uploads\/2023\/08\/iStock-155876942.jpg","type":"image\/jpeg"}],"twitter_card":"summary_large_image","schema":{"@context":"https:\/\/schema.org","@graph":[{"@type":"WebPage","@id":"https:\/\/www.tradaka.com\/lp\/produire-electricite\/eolienne-domestique-2\/eolienne-horizontale\/","url":"https:\/\/www.tradaka.com\/lp\/produire-electricite\/eolienne-domestique-2\/eolienne-horizontale\/","name":"\u00c9olienne Horizontale : Fonctionnement, avantages, prix - Tradaka","isPartOf":{"@id":"https:\/\/www.tradaka.com\/lp\/#website"},"primaryImageOfPage":{"@id":"https:\/\/www.tradaka.com\/lp\/produire-electricite\/eolienne-domestique-2\/eolienne-horizontale\/#primaryimage"},"image":{"@id":"https:\/\/www.tradaka.com\/lp\/produire-electricite\/eolienne-domestique-2\/eolienne-horizontale\/#primaryimage"},"thumbnailUrl":"https:\/\/www.tradaka.com\/lp\/wp-content\/uploads\/2023\/08\/iStock-155876942.jpg","datePublished":"2023-05-02T15:06:55+00:00","dateModified":"2023-10-18T13:43:20+00:00","description":"Vous \u00eates \u00e0 la recherche de solutions & conseils sur l'\u00e9olienne horizontale ? Airko vous accompagne dans vos d\u00e9marches pour r\u00e9aliser des \u00e9conomies d'\u00e9nergies","breadcrumb":{"@id":"https:\/\/www.tradaka.com\/lp\/produire-electricite\/eolienne-domestique-2\/eolienne-horizontale\/#breadcrumb"},"inLanguage":"fr-FR","potentialAction":[{"@type":"ReadAction","target":["https:\/\/www.tradaka.com\/lp\/produire-electricite\/eolienne-domestique-2\/eolienne-horizontale\/"]}]},{"@type":"ImageObject","inLanguage":"fr-FR","@id":"https:\/\/www.tradaka.com\/lp\/produire-electricite\/eolienne-domestique-2\/eolienne-horizontale\/#primaryimage","url":"https:\/\/www.tradaka.com\/lp\/wp-content\/uploads\/2023\/08\/iStock-155876942.jpg","contentUrl":"https:\/\/www.tradaka.com\/lp\/wp-content\/uploads\/2023\/08\/iStock-155876942.jpg","width":1335,"height":786,"caption":"eolienne-horizontale"},{"@type":"BreadcrumbList","@id":"https:\/\/www.tradaka.com\/lp\/produire-electricite\/eolienne-domestique-2\/eolienne-horizontale\/#breadcrumb","itemListElement":[{"@type":"ListItem","position":1,"name":"Produire son \u00e9lectricit\u00e9","item":"https:\/\/www.tradaka.com\/lp\/produire-electricite\/"},{"@type":"ListItem","position":2,"name":"Eolienne domestique","item":"https:\/\/www.tradaka.com\/lp\/produire-electricite\/eolienne-domestique-2\/"},{"@type":"ListItem","position":3,"name":"Eolienne horizontale"}]},{"@type":"WebSite","@id":"https:\/\/www.tradaka.com\/lp\/#website","url":"https:\/\/www.tradaka.com\/lp\/","name":"Tradaka","description":"","publisher":{"@id":"https:\/\/www.tradaka.com\/lp\/#organization"},"potentialAction":[{"@type":"SearchAction","target":{"@type":"EntryPoint","urlTemplate":"https:\/\/www.tradaka.com\/lp\/?s={search_term_string}"},"query-input":{"@type":"PropertyValueSpecification","valueRequired":true,"valueName":"search_term_string"}}],"inLanguage":"fr-FR"},{"@type":"Organization","@id":"https:\/\/www.tradaka.com\/lp\/#organization","name":"Tradaka","url":"https:\/\/www.tradaka.com\/lp\/","logo":{"@type":"ImageObject","inLanguage":"fr-FR","@id":"https:\/\/www.tradaka.com\/lp\/#\/schema\/logo\/image\/","url":"https:\/\/www.tradaka.com\/lp\/wp-content\/uploads\/2023\/09\/Logo-AIRKO.png","contentUrl":"https:\/\/www.tradaka.com\/lp\/wp-content\/uploads\/2023\/09\/Logo-AIRKO.png","width":223,"height":57,"caption":"Tradaka"},"image":{"@id":"https:\/\/www.tradaka.com\/lp\/#\/schema\/logo\/image\/"}}]}},"_links":{"self":[{"href":"https:\/\/www.tradaka.com\/lp\/wp-json\/wp\/v2\/pages\/1324","targetHints":{"allow":["GET"]}}],"collection":[{"href":"https:\/\/www.tradaka.com\/lp\/wp-json\/wp\/v2\/pages"}],"about":[{"href":"https:\/\/www.tradaka.com\/lp\/wp-json\/wp\/v2\/types\/page"}],"author":[{"embeddable":true,"href":"https:\/\/www.tradaka.com\/lp\/wp-json\/wp\/v2\/users\/2"}],"replies":[{"embeddable":true,"href":"https:\/\/www.tradaka.com\/lp\/wp-json\/wp\/v2\/comments?post=1324"}],"version-history":[{"count":12,"href":"https:\/\/www.tradaka.com\/lp\/wp-json\/wp\/v2\/pages\/1324\/revisions"}],"predecessor-version":[{"id":5688,"href":"https:\/\/www.tradaka.com\/lp\/wp-json\/wp\/v2\/pages\/1324\/revisions\/5688"}],"up":[{"embeddable":true,"href":"https:\/\/www.tradaka.com\/lp\/wp-json\/wp\/v2\/pages\/1314"}],"wp:featuredmedia":[{"embeddable":true,"href":"https:\/\/www.tradaka.com\/lp\/wp-json\/wp\/v2\/media\/2830"}],"wp:attachment":[{"href":"https:\/\/www.tradaka.com\/lp\/wp-json\/wp\/v2\/media?parent=1324"}],"curies":[{"name":"wp","href":"https:\/\/api.w.org\/{rel}","templated":true}]}}