{"id":1213,"date":"2023-04-26T14:50:08","date_gmt":"2023-04-26T12:50:08","guid":{"rendered":"https:\/\/www.tradaka.com\/lp\/?page_id=1213"},"modified":"2023-11-15T17:03:37","modified_gmt":"2023-11-15T16:03:37","slug":"clim-console","status":"publish","type":"page","link":"https:\/\/www.tradaka.com\/lp\/renovation-energetique\/climatisation\/clim-console\/","title":{"rendered":"Guide Complet sur la Clim Console : Tout savoir Comment Choisir et Installer"},"content":{"rendered":"","protected":false},"excerpt":{"rendered":"","protected":false},"author":2,"featured_media":2691,"parent":604,"menu_order":0,"comment_status":"closed","ping_status":"closed","template":"templates\/template-type-landing.php","meta":{"_acf_changed":false,"footnotes":""},"class_list":["post-1213","page","type-page","status-publish","has-post-thumbnail","hentry"],"acf":[],"yoast_head":"<!-- This site is optimized with the Yoast SEO plugin v26.7 - https:\/\/yoast.com\/wordpress\/plugins\/seo\/ -->\n<title>Guide Complet sur la Clim Console : Tout savoir Comment Choisir et Installer - Tradaka<\/title>\n<meta name=\"description\" content=\"Vous \u00eates \u00e0 la recherche de solutions &amp; conseils sur la clim console ? Airko vous accompagne dans vos d\u00e9marches pour r\u00e9aliser des \u00e9conomies d&#039;\u00e9nergies\" \/>\n<meta name=\"robots\" content=\"noindex, follow, max-snippet:-1, max-image-preview:large, max-video-preview:-1\" \/>\n<meta property=\"og:locale\" content=\"fr_FR\" \/>\n<meta property=\"og:type\" content=\"article\" \/>\n<meta property=\"og:title\" content=\"Guide Complet sur la Clim Console : Tout savoir Comment Choisir et Installer - Tradaka\" \/>\n<meta property=\"og:description\" content=\"Vous \u00eates \u00e0 la recherche de solutions &amp; conseils sur la clim console ? Airko vous accompagne dans vos d\u00e9marches pour r\u00e9aliser des \u00e9conomies d&#039;\u00e9nergies\" \/>\n<meta property=\"og:url\" content=\"http:\/\/www.tradaka.com\/lp\/renovation-energetique\/climatisation\/clim-console\/\" \/>\n<meta property=\"og:site_name\" content=\"Tradaka\" \/>\n<meta property=\"article:modified_time\" content=\"2023-11-15T16:03:37+00:00\" \/>\n<meta property=\"og:image\" content=\"http:\/\/www.tradaka.com\/lp\/wp-content\/uploads\/2023\/07\/iStock-1365376185.jpg\" \/>\n\t<meta property=\"og:image:width\" content=\"1254\" \/>\n\t<meta property=\"og:image:height\" content=\"836\" \/>\n\t<meta property=\"og:image:type\" content=\"image\/jpeg\" \/>\n<meta name=\"twitter:card\" content=\"summary_large_image\" \/>\n<script type=\"application\/ld+json\" class=\"yoast-schema-graph\">{\"@context\":\"https:\/\/schema.org\",\"@graph\":[{\"@type\":\"WebPage\",\"@id\":\"http:\/\/www.tradaka.com\/lp\/renovation-energetique\/climatisation\/clim-console\/\",\"url\":\"http:\/\/www.tradaka.com\/lp\/renovation-energetique\/climatisation\/clim-console\/\",\"name\":\"Guide Complet sur la Clim Console : Tout savoir Comment Choisir et Installer - Tradaka\",\"isPartOf\":{\"@id\":\"https:\/\/www.tradaka.com\/lp\/#website\"},\"primaryImageOfPage\":{\"@id\":\"http:\/\/www.tradaka.com\/lp\/renovation-energetique\/climatisation\/clim-console\/#primaryimage\"},\"image\":{\"@id\":\"http:\/\/www.tradaka.com\/lp\/renovation-energetique\/climatisation\/clim-console\/#primaryimage\"},\"thumbnailUrl\":\"https:\/\/www.tradaka.com\/lp\/wp-content\/uploads\/2023\/07\/iStock-1365376185.jpg\",\"datePublished\":\"2023-04-26T12:50:08+00:00\",\"dateModified\":\"2023-11-15T16:03:37+00:00\",\"description\":\"Vous \u00eates \u00e0 la recherche de solutions & conseils sur la clim console ? Airko vous accompagne dans vos d\u00e9marches pour r\u00e9aliser des \u00e9conomies d'\u00e9nergies\",\"breadcrumb\":{\"@id\":\"http:\/\/www.tradaka.com\/lp\/renovation-energetique\/climatisation\/clim-console\/#breadcrumb\"},\"inLanguage\":\"fr-FR\",\"potentialAction\":[{\"@type\":\"ReadAction\",\"target\":[\"http:\/\/www.tradaka.com\/lp\/renovation-energetique\/climatisation\/clim-console\/\"]}]},{\"@type\":\"ImageObject\",\"inLanguage\":\"fr-FR\",\"@id\":\"http:\/\/www.tradaka.com\/lp\/renovation-energetique\/climatisation\/clim-console\/#primaryimage\",\"url\":\"https:\/\/www.tradaka.com\/lp\/wp-content\/uploads\/2023\/07\/iStock-1365376185.jpg\",\"contentUrl\":\"https:\/\/www.tradaka.com\/lp\/wp-content\/uploads\/2023\/07\/iStock-1365376185.jpg\",\"width\":1254,\"height\":836,\"caption\":\"clim-console\"},{\"@type\":\"BreadcrumbList\",\"@id\":\"http:\/\/www.tradaka.com\/lp\/renovation-energetique\/climatisation\/clim-console\/#breadcrumb\",\"itemListElement\":[{\"@type\":\"ListItem\",\"position\":1,\"name\":\"Renovation \u00e9nerg\u00e9tique\",\"item\":\"https:\/\/www.tradaka.com\/lp\/renovation-energetique\/\"},{\"@type\":\"ListItem\",\"position\":2,\"name\":\"Climatisation\",\"item\":\"https:\/\/www.tradaka.com\/lp\/renovation-energetique\/climatisation\/\"},{\"@type\":\"ListItem\",\"position\":3,\"name\":\"Clim console\"}]},{\"@type\":\"WebSite\",\"@id\":\"https:\/\/www.tradaka.com\/lp\/#website\",\"url\":\"https:\/\/www.tradaka.com\/lp\/\",\"name\":\"Tradaka\",\"description\":\"\",\"publisher\":{\"@id\":\"https:\/\/www.tradaka.com\/lp\/#organization\"},\"potentialAction\":[{\"@type\":\"SearchAction\",\"target\":{\"@type\":\"EntryPoint\",\"urlTemplate\":\"https:\/\/www.tradaka.com\/lp\/?s={search_term_string}\"},\"query-input\":{\"@type\":\"PropertyValueSpecification\",\"valueRequired\":true,\"valueName\":\"search_term_string\"}}],\"inLanguage\":\"fr-FR\"},{\"@type\":\"Organization\",\"@id\":\"https:\/\/www.tradaka.com\/lp\/#organization\",\"name\":\"Tradaka\",\"url\":\"https:\/\/www.tradaka.com\/lp\/\",\"logo\":{\"@type\":\"ImageObject\",\"inLanguage\":\"fr-FR\",\"@id\":\"https:\/\/www.tradaka.com\/lp\/#\/schema\/logo\/image\/\",\"url\":\"https:\/\/www.tradaka.com\/lp\/wp-content\/uploads\/2023\/09\/Logo-AIRKO.png\",\"contentUrl\":\"https:\/\/www.tradaka.com\/lp\/wp-content\/uploads\/2023\/09\/Logo-AIRKO.png\",\"width\":223,\"height\":57,\"caption\":\"Tradaka\"},\"image\":{\"@id\":\"https:\/\/www.tradaka.com\/lp\/#\/schema\/logo\/image\/\"}}]}<\/script>\n<!-- \/ Yoast SEO plugin. -->","yoast_head_json":{"title":"Guide Complet sur la Clim Console : Tout savoir Comment Choisir et Installer - Tradaka","description":"Vous \u00eates \u00e0 la recherche de solutions & conseils sur la clim console ? Airko vous accompagne dans vos d\u00e9marches pour r\u00e9aliser des \u00e9conomies d'\u00e9nergies","robots":{"index":"noindex","follow":"follow","max-snippet":"max-snippet:-1","max-image-preview":"max-image-preview:large","max-video-preview":"max-video-preview:-1"},"og_locale":"fr_FR","og_type":"article","og_title":"Guide Complet sur la Clim Console : Tout savoir Comment Choisir et Installer - Tradaka","og_description":"Vous \u00eates \u00e0 la recherche de solutions & conseils sur la clim console ? Airko vous accompagne dans vos d\u00e9marches pour r\u00e9aliser des \u00e9conomies d'\u00e9nergies","og_url":"http:\/\/www.tradaka.com\/lp\/renovation-energetique\/climatisation\/clim-console\/","og_site_name":"Tradaka","article_modified_time":"2023-11-15T16:03:37+00:00","og_image":[{"width":1254,"height":836,"url":"http:\/\/www.tradaka.com\/lp\/wp-content\/uploads\/2023\/07\/iStock-1365376185.jpg","type":"image\/jpeg"}],"twitter_card":"summary_large_image","schema":{"@context":"https:\/\/schema.org","@graph":[{"@type":"WebPage","@id":"http:\/\/www.tradaka.com\/lp\/renovation-energetique\/climatisation\/clim-console\/","url":"http:\/\/www.tradaka.com\/lp\/renovation-energetique\/climatisation\/clim-console\/","name":"Guide Complet sur la Clim Console : Tout savoir Comment Choisir et Installer - Tradaka","isPartOf":{"@id":"https:\/\/www.tradaka.com\/lp\/#website"},"primaryImageOfPage":{"@id":"http:\/\/www.tradaka.com\/lp\/renovation-energetique\/climatisation\/clim-console\/#primaryimage"},"image":{"@id":"http:\/\/www.tradaka.com\/lp\/renovation-energetique\/climatisation\/clim-console\/#primaryimage"},"thumbnailUrl":"https:\/\/www.tradaka.com\/lp\/wp-content\/uploads\/2023\/07\/iStock-1365376185.jpg","datePublished":"2023-04-26T12:50:08+00:00","dateModified":"2023-11-15T16:03:37+00:00","description":"Vous \u00eates \u00e0 la recherche de solutions & conseils sur la clim console ? Airko vous accompagne dans vos d\u00e9marches pour r\u00e9aliser des \u00e9conomies d'\u00e9nergies","breadcrumb":{"@id":"http:\/\/www.tradaka.com\/lp\/renovation-energetique\/climatisation\/clim-console\/#breadcrumb"},"inLanguage":"fr-FR","potentialAction":[{"@type":"ReadAction","target":["http:\/\/www.tradaka.com\/lp\/renovation-energetique\/climatisation\/clim-console\/"]}]},{"@type":"ImageObject","inLanguage":"fr-FR","@id":"http:\/\/www.tradaka.com\/lp\/renovation-energetique\/climatisation\/clim-console\/#primaryimage","url":"https:\/\/www.tradaka.com\/lp\/wp-content\/uploads\/2023\/07\/iStock-1365376185.jpg","contentUrl":"https:\/\/www.tradaka.com\/lp\/wp-content\/uploads\/2023\/07\/iStock-1365376185.jpg","width":1254,"height":836,"caption":"clim-console"},{"@type":"BreadcrumbList","@id":"http:\/\/www.tradaka.com\/lp\/renovation-energetique\/climatisation\/clim-console\/#breadcrumb","itemListElement":[{"@type":"ListItem","position":1,"name":"Renovation \u00e9nerg\u00e9tique","item":"https:\/\/www.tradaka.com\/lp\/renovation-energetique\/"},{"@type":"ListItem","position":2,"name":"Climatisation","item":"https:\/\/www.tradaka.com\/lp\/renovation-energetique\/climatisation\/"},{"@type":"ListItem","position":3,"name":"Clim console"}]},{"@type":"WebSite","@id":"https:\/\/www.tradaka.com\/lp\/#website","url":"https:\/\/www.tradaka.com\/lp\/","name":"Tradaka","description":"","publisher":{"@id":"https:\/\/www.tradaka.com\/lp\/#organization"},"potentialAction":[{"@type":"SearchAction","target":{"@type":"EntryPoint","urlTemplate":"https:\/\/www.tradaka.com\/lp\/?s={search_term_string}"},"query-input":{"@type":"PropertyValueSpecification","valueRequired":true,"valueName":"search_term_string"}}],"inLanguage":"fr-FR"},{"@type":"Organization","@id":"https:\/\/www.tradaka.com\/lp\/#organization","name":"Tradaka","url":"https:\/\/www.tradaka.com\/lp\/","logo":{"@type":"ImageObject","inLanguage":"fr-FR","@id":"https:\/\/www.tradaka.com\/lp\/#\/schema\/logo\/image\/","url":"https:\/\/www.tradaka.com\/lp\/wp-content\/uploads\/2023\/09\/Logo-AIRKO.png","contentUrl":"https:\/\/www.tradaka.com\/lp\/wp-content\/uploads\/2023\/09\/Logo-AIRKO.png","width":223,"height":57,"caption":"Tradaka"},"image":{"@id":"https:\/\/www.tradaka.com\/lp\/#\/schema\/logo\/image\/"}}]}},"_links":{"self":[{"href":"https:\/\/www.tradaka.com\/lp\/wp-json\/wp\/v2\/pages\/1213","targetHints":{"allow":["GET"]}}],"collection":[{"href":"https:\/\/www.tradaka.com\/lp\/wp-json\/wp\/v2\/pages"}],"about":[{"href":"https:\/\/www.tradaka.com\/lp\/wp-json\/wp\/v2\/types\/page"}],"author":[{"embeddable":true,"href":"https:\/\/www.tradaka.com\/lp\/wp-json\/wp\/v2\/users\/2"}],"replies":[{"embeddable":true,"href":"https:\/\/www.tradaka.com\/lp\/wp-json\/wp\/v2\/comments?post=1213"}],"version-history":[{"count":13,"href":"https:\/\/www.tradaka.com\/lp\/wp-json\/wp\/v2\/pages\/1213\/revisions"}],"predecessor-version":[{"id":7262,"href":"https:\/\/www.tradaka.com\/lp\/wp-json\/wp\/v2\/pages\/1213\/revisions\/7262"}],"up":[{"embeddable":true,"href":"https:\/\/www.tradaka.com\/lp\/wp-json\/wp\/v2\/pages\/604"}],"wp:featuredmedia":[{"embeddable":true,"href":"https:\/\/www.tradaka.com\/lp\/wp-json\/wp\/v2\/media\/2691"}],"wp:attachment":[{"href":"https:\/\/www.tradaka.com\/lp\/wp-json\/wp\/v2\/media?parent=1213"}],"curies":[{"name":"wp","href":"https:\/\/api.w.org\/{rel}","templated":true}]}}