{"id":1048,"date":"2023-04-18T16:21:19","date_gmt":"2023-04-18T14:21:19","guid":{"rendered":"https:\/\/www.tradaka.com\/lp\/?page_id=1048"},"modified":"2023-10-17T15:58:42","modified_gmt":"2023-10-17T13:58:42","slug":"chaudiere-plaquette","status":"publish","type":"page","link":"https:\/\/www.tradaka.com\/lp\/renovation-energetique\/chauffage\/chaudiere\/chaudiere-bois\/chaudiere-plaquette\/","title":{"rendered":"Tout savoir sur la chaudi\u00e8re plaquette"},"content":{"rendered":"","protected":false},"excerpt":{"rendered":"","protected":false},"author":2,"featured_media":2213,"parent":1032,"menu_order":0,"comment_status":"closed","ping_status":"closed","template":"templates\/template-type-landing.php","meta":{"_acf_changed":false,"footnotes":""},"class_list":["post-1048","page","type-page","status-publish","has-post-thumbnail","hentry"],"acf":[],"yoast_head":"<!-- This site is optimized with the Yoast SEO plugin v26.7 - https:\/\/yoast.com\/wordpress\/plugins\/seo\/ -->\n<title>Chaudi\u00e8re \u00e0 plaquette de bois : Fonctionnement, prix et avantages - Tradaka<\/title>\n<meta name=\"description\" content=\"Vous \u00eates \u00e0 la recherche de solutions &amp; conseils sur la chaudi\u00e8re \u00e0 plaquette ? Airko vous accompagne dans vos d\u00e9marches pour r\u00e9aliser des \u00e9conomies d&#039;\u00e9nergies\" \/>\n<meta name=\"robots\" content=\"noindex, follow, max-snippet:-1, max-image-preview:large, max-video-preview:-1\" \/>\n<meta property=\"og:locale\" content=\"fr_FR\" \/>\n<meta property=\"og:type\" content=\"article\" \/>\n<meta property=\"og:title\" content=\"Chaudi\u00e8re \u00e0 plaquette de bois : Fonctionnement, prix et avantages - Tradaka\" \/>\n<meta property=\"og:description\" content=\"Vous \u00eates \u00e0 la recherche de solutions &amp; conseils sur la chaudi\u00e8re \u00e0 plaquette ? Airko vous accompagne dans vos d\u00e9marches pour r\u00e9aliser des \u00e9conomies d&#039;\u00e9nergies\" \/>\n<meta property=\"og:url\" content=\"https:\/\/www.tradaka.com\/lp\/renovation-energetique\/chauffage\/chaudiere\/chaudiere-bois\/chaudiere-plaquette\/\" \/>\n<meta property=\"og:site_name\" content=\"Tradaka\" \/>\n<meta property=\"article:modified_time\" content=\"2023-10-17T13:58:42+00:00\" \/>\n<meta property=\"og:image\" content=\"https:\/\/www.tradaka.com\/lp\/wp-content\/uploads\/2023\/06\/iStock-1444255898.jpg\" \/>\n\t<meta property=\"og:image:width\" content=\"1254\" \/>\n\t<meta property=\"og:image:height\" content=\"836\" \/>\n\t<meta property=\"og:image:type\" content=\"image\/jpeg\" \/>\n<meta name=\"twitter:card\" content=\"summary_large_image\" \/>\n<script type=\"application\/ld+json\" class=\"yoast-schema-graph\">{\"@context\":\"https:\/\/schema.org\",\"@graph\":[{\"@type\":\"WebPage\",\"@id\":\"https:\/\/www.tradaka.com\/lp\/renovation-energetique\/chauffage\/chaudiere\/chaudiere-bois\/chaudiere-plaquette\/\",\"url\":\"https:\/\/www.tradaka.com\/lp\/renovation-energetique\/chauffage\/chaudiere\/chaudiere-bois\/chaudiere-plaquette\/\",\"name\":\"Chaudi\u00e8re \u00e0 plaquette de bois : Fonctionnement, prix et avantages - Tradaka\",\"isPartOf\":{\"@id\":\"https:\/\/www.tradaka.com\/lp\/#website\"},\"primaryImageOfPage\":{\"@id\":\"https:\/\/www.tradaka.com\/lp\/renovation-energetique\/chauffage\/chaudiere\/chaudiere-bois\/chaudiere-plaquette\/#primaryimage\"},\"image\":{\"@id\":\"https:\/\/www.tradaka.com\/lp\/renovation-energetique\/chauffage\/chaudiere\/chaudiere-bois\/chaudiere-plaquette\/#primaryimage\"},\"thumbnailUrl\":\"https:\/\/www.tradaka.com\/lp\/wp-content\/uploads\/2023\/06\/iStock-1444255898.jpg\",\"datePublished\":\"2023-04-18T14:21:19+00:00\",\"dateModified\":\"2023-10-17T13:58:42+00:00\",\"description\":\"Vous \u00eates \u00e0 la recherche de solutions & conseils sur la chaudi\u00e8re \u00e0 plaquette ? Airko vous accompagne dans vos d\u00e9marches pour r\u00e9aliser des \u00e9conomies d'\u00e9nergies\",\"breadcrumb\":{\"@id\":\"https:\/\/www.tradaka.com\/lp\/renovation-energetique\/chauffage\/chaudiere\/chaudiere-bois\/chaudiere-plaquette\/#breadcrumb\"},\"inLanguage\":\"fr-FR\",\"potentialAction\":[{\"@type\":\"ReadAction\",\"target\":[\"https:\/\/www.tradaka.com\/lp\/renovation-energetique\/chauffage\/chaudiere\/chaudiere-bois\/chaudiere-plaquette\/\"]}]},{\"@type\":\"ImageObject\",\"inLanguage\":\"fr-FR\",\"@id\":\"https:\/\/www.tradaka.com\/lp\/renovation-energetique\/chauffage\/chaudiere\/chaudiere-bois\/chaudiere-plaquette\/#primaryimage\",\"url\":\"https:\/\/www.tradaka.com\/lp\/wp-content\/uploads\/2023\/06\/iStock-1444255898.jpg\",\"contentUrl\":\"https:\/\/www.tradaka.com\/lp\/wp-content\/uploads\/2023\/06\/iStock-1444255898.jpg\",\"width\":1254,\"height\":836,\"caption\":\"chaudiere plaquette\"},{\"@type\":\"BreadcrumbList\",\"@id\":\"https:\/\/www.tradaka.com\/lp\/renovation-energetique\/chauffage\/chaudiere\/chaudiere-bois\/chaudiere-plaquette\/#breadcrumb\",\"itemListElement\":[{\"@type\":\"ListItem\",\"position\":1,\"name\":\"Renovation \u00e9nerg\u00e9tique\",\"item\":\"https:\/\/www.tradaka.com\/lp\/renovation-energetique\/\"},{\"@type\":\"ListItem\",\"position\":2,\"name\":\"Chauffage\",\"item\":\"https:\/\/www.tradaka.com\/lp\/renovation-energetique\/chauffage\/\"},{\"@type\":\"ListItem\",\"position\":3,\"name\":\"Chaudi\u00e8re\",\"item\":\"https:\/\/www.tradaka.com\/lp\/renovation-energetique\/chauffage\/chaudiere\/\"},{\"@type\":\"ListItem\",\"position\":4,\"name\":\"Chaudi\u00e8re \u00e0 bois\",\"item\":\"https:\/\/www.tradaka.com\/lp\/renovation-energetique\/chauffage\/chaudiere\/chaudiere-bois\/\"},{\"@type\":\"ListItem\",\"position\":5,\"name\":\"Chaudi\u00e8re \u00e0 plaquette\"}]},{\"@type\":\"WebSite\",\"@id\":\"https:\/\/www.tradaka.com\/lp\/#website\",\"url\":\"https:\/\/www.tradaka.com\/lp\/\",\"name\":\"Tradaka\",\"description\":\"\",\"publisher\":{\"@id\":\"https:\/\/www.tradaka.com\/lp\/#organization\"},\"potentialAction\":[{\"@type\":\"SearchAction\",\"target\":{\"@type\":\"EntryPoint\",\"urlTemplate\":\"https:\/\/www.tradaka.com\/lp\/?s={search_term_string}\"},\"query-input\":{\"@type\":\"PropertyValueSpecification\",\"valueRequired\":true,\"valueName\":\"search_term_string\"}}],\"inLanguage\":\"fr-FR\"},{\"@type\":\"Organization\",\"@id\":\"https:\/\/www.tradaka.com\/lp\/#organization\",\"name\":\"Tradaka\",\"url\":\"https:\/\/www.tradaka.com\/lp\/\",\"logo\":{\"@type\":\"ImageObject\",\"inLanguage\":\"fr-FR\",\"@id\":\"https:\/\/www.tradaka.com\/lp\/#\/schema\/logo\/image\/\",\"url\":\"https:\/\/www.tradaka.com\/lp\/wp-content\/uploads\/2023\/09\/Logo-AIRKO.png\",\"contentUrl\":\"https:\/\/www.tradaka.com\/lp\/wp-content\/uploads\/2023\/09\/Logo-AIRKO.png\",\"width\":223,\"height\":57,\"caption\":\"Tradaka\"},\"image\":{\"@id\":\"https:\/\/www.tradaka.com\/lp\/#\/schema\/logo\/image\/\"}}]}<\/script>\n<!-- \/ Yoast SEO plugin. -->","yoast_head_json":{"title":"Chaudi\u00e8re \u00e0 plaquette de bois : Fonctionnement, prix et avantages - Tradaka","description":"Vous \u00eates \u00e0 la recherche de solutions & conseils sur la chaudi\u00e8re \u00e0 plaquette ? Airko vous accompagne dans vos d\u00e9marches pour r\u00e9aliser des \u00e9conomies d'\u00e9nergies","robots":{"index":"noindex","follow":"follow","max-snippet":"max-snippet:-1","max-image-preview":"max-image-preview:large","max-video-preview":"max-video-preview:-1"},"og_locale":"fr_FR","og_type":"article","og_title":"Chaudi\u00e8re \u00e0 plaquette de bois : Fonctionnement, prix et avantages - Tradaka","og_description":"Vous \u00eates \u00e0 la recherche de solutions & conseils sur la chaudi\u00e8re \u00e0 plaquette ? Airko vous accompagne dans vos d\u00e9marches pour r\u00e9aliser des \u00e9conomies d'\u00e9nergies","og_url":"https:\/\/www.tradaka.com\/lp\/renovation-energetique\/chauffage\/chaudiere\/chaudiere-bois\/chaudiere-plaquette\/","og_site_name":"Tradaka","article_modified_time":"2023-10-17T13:58:42+00:00","og_image":[{"width":1254,"height":836,"url":"https:\/\/www.tradaka.com\/lp\/wp-content\/uploads\/2023\/06\/iStock-1444255898.jpg","type":"image\/jpeg"}],"twitter_card":"summary_large_image","schema":{"@context":"https:\/\/schema.org","@graph":[{"@type":"WebPage","@id":"https:\/\/www.tradaka.com\/lp\/renovation-energetique\/chauffage\/chaudiere\/chaudiere-bois\/chaudiere-plaquette\/","url":"https:\/\/www.tradaka.com\/lp\/renovation-energetique\/chauffage\/chaudiere\/chaudiere-bois\/chaudiere-plaquette\/","name":"Chaudi\u00e8re \u00e0 plaquette de bois : Fonctionnement, prix et avantages - Tradaka","isPartOf":{"@id":"https:\/\/www.tradaka.com\/lp\/#website"},"primaryImageOfPage":{"@id":"https:\/\/www.tradaka.com\/lp\/renovation-energetique\/chauffage\/chaudiere\/chaudiere-bois\/chaudiere-plaquette\/#primaryimage"},"image":{"@id":"https:\/\/www.tradaka.com\/lp\/renovation-energetique\/chauffage\/chaudiere\/chaudiere-bois\/chaudiere-plaquette\/#primaryimage"},"thumbnailUrl":"https:\/\/www.tradaka.com\/lp\/wp-content\/uploads\/2023\/06\/iStock-1444255898.jpg","datePublished":"2023-04-18T14:21:19+00:00","dateModified":"2023-10-17T13:58:42+00:00","description":"Vous \u00eates \u00e0 la recherche de solutions & conseils sur la chaudi\u00e8re \u00e0 plaquette ? Airko vous accompagne dans vos d\u00e9marches pour r\u00e9aliser des \u00e9conomies d'\u00e9nergies","breadcrumb":{"@id":"https:\/\/www.tradaka.com\/lp\/renovation-energetique\/chauffage\/chaudiere\/chaudiere-bois\/chaudiere-plaquette\/#breadcrumb"},"inLanguage":"fr-FR","potentialAction":[{"@type":"ReadAction","target":["https:\/\/www.tradaka.com\/lp\/renovation-energetique\/chauffage\/chaudiere\/chaudiere-bois\/chaudiere-plaquette\/"]}]},{"@type":"ImageObject","inLanguage":"fr-FR","@id":"https:\/\/www.tradaka.com\/lp\/renovation-energetique\/chauffage\/chaudiere\/chaudiere-bois\/chaudiere-plaquette\/#primaryimage","url":"https:\/\/www.tradaka.com\/lp\/wp-content\/uploads\/2023\/06\/iStock-1444255898.jpg","contentUrl":"https:\/\/www.tradaka.com\/lp\/wp-content\/uploads\/2023\/06\/iStock-1444255898.jpg","width":1254,"height":836,"caption":"chaudiere plaquette"},{"@type":"BreadcrumbList","@id":"https:\/\/www.tradaka.com\/lp\/renovation-energetique\/chauffage\/chaudiere\/chaudiere-bois\/chaudiere-plaquette\/#breadcrumb","itemListElement":[{"@type":"ListItem","position":1,"name":"Renovation \u00e9nerg\u00e9tique","item":"https:\/\/www.tradaka.com\/lp\/renovation-energetique\/"},{"@type":"ListItem","position":2,"name":"Chauffage","item":"https:\/\/www.tradaka.com\/lp\/renovation-energetique\/chauffage\/"},{"@type":"ListItem","position":3,"name":"Chaudi\u00e8re","item":"https:\/\/www.tradaka.com\/lp\/renovation-energetique\/chauffage\/chaudiere\/"},{"@type":"ListItem","position":4,"name":"Chaudi\u00e8re \u00e0 bois","item":"https:\/\/www.tradaka.com\/lp\/renovation-energetique\/chauffage\/chaudiere\/chaudiere-bois\/"},{"@type":"ListItem","position":5,"name":"Chaudi\u00e8re \u00e0 plaquette"}]},{"@type":"WebSite","@id":"https:\/\/www.tradaka.com\/lp\/#website","url":"https:\/\/www.tradaka.com\/lp\/","name":"Tradaka","description":"","publisher":{"@id":"https:\/\/www.tradaka.com\/lp\/#organization"},"potentialAction":[{"@type":"SearchAction","target":{"@type":"EntryPoint","urlTemplate":"https:\/\/www.tradaka.com\/lp\/?s={search_term_string}"},"query-input":{"@type":"PropertyValueSpecification","valueRequired":true,"valueName":"search_term_string"}}],"inLanguage":"fr-FR"},{"@type":"Organization","@id":"https:\/\/www.tradaka.com\/lp\/#organization","name":"Tradaka","url":"https:\/\/www.tradaka.com\/lp\/","logo":{"@type":"ImageObject","inLanguage":"fr-FR","@id":"https:\/\/www.tradaka.com\/lp\/#\/schema\/logo\/image\/","url":"https:\/\/www.tradaka.com\/lp\/wp-content\/uploads\/2023\/09\/Logo-AIRKO.png","contentUrl":"https:\/\/www.tradaka.com\/lp\/wp-content\/uploads\/2023\/09\/Logo-AIRKO.png","width":223,"height":57,"caption":"Tradaka"},"image":{"@id":"https:\/\/www.tradaka.com\/lp\/#\/schema\/logo\/image\/"}}]}},"_links":{"self":[{"href":"https:\/\/www.tradaka.com\/lp\/wp-json\/wp\/v2\/pages\/1048","targetHints":{"allow":["GET"]}}],"collection":[{"href":"https:\/\/www.tradaka.com\/lp\/wp-json\/wp\/v2\/pages"}],"about":[{"href":"https:\/\/www.tradaka.com\/lp\/wp-json\/wp\/v2\/types\/page"}],"author":[{"embeddable":true,"href":"https:\/\/www.tradaka.com\/lp\/wp-json\/wp\/v2\/users\/2"}],"replies":[{"embeddable":true,"href":"https:\/\/www.tradaka.com\/lp\/wp-json\/wp\/v2\/comments?post=1048"}],"version-history":[{"count":19,"href":"https:\/\/www.tradaka.com\/lp\/wp-json\/wp\/v2\/pages\/1048\/revisions"}],"predecessor-version":[{"id":5571,"href":"https:\/\/www.tradaka.com\/lp\/wp-json\/wp\/v2\/pages\/1048\/revisions\/5571"}],"up":[{"embeddable":true,"href":"https:\/\/www.tradaka.com\/lp\/wp-json\/wp\/v2\/pages\/1032"}],"wp:featuredmedia":[{"embeddable":true,"href":"https:\/\/www.tradaka.com\/lp\/wp-json\/wp\/v2\/media\/2213"}],"wp:attachment":[{"href":"https:\/\/www.tradaka.com\/lp\/wp-json\/wp\/v2\/media?parent=1048"}],"curies":[{"name":"wp","href":"https:\/\/api.w.org\/{rel}","templated":true}]}}